{"id":4462,"date":"2023-12-10T12:23:39","date_gmt":"2023-12-10T11:23:39","guid":{"rendered":"https:\/\/www.cookiecars.fr\/?post_type=product&#038;p=4462"},"modified":"2025-09-15T11:07:49","modified_gmt":"2025-09-15T09:07:49","slug":"monogramme-3d-peugeot-205-sacre-numero","status":"publish","type":"product","link":"https:\/\/www.cookiecars.fr\/index.php\/produit\/monogramme-3d-peugeot-205-sacre-numero\/","title":{"rendered":"Monogramme 3D Peugeot 205 Sacr\u00e9 Num\u00e9ro"},"content":{"rendered":"<p style=\"text-align: left;\" align=\"center\">Monogramme de hayon pour Peugeot 205 Sacr\u00e9 Num\u00e9ro en DOMING (r\u00e9sine 3D).<\/p>\n<p style=\"text-align: left;\" align=\"center\">Monogramme 3D Peugeot 205 Sacr\u00e9 Num\u00e9ro<\/p>\n<p style=\"text-align: left;\" align=\"center\">Dimensions 100% d&rsquo;origine, couleur gris m\u00e9tallis\u00e9.<\/p>\n<p style=\"text-align: left;\" align=\"center\">FABRICATION PROFESSIONNELLE<br \/>\nR\u00e9sistance sup\u00e9rieur.<br \/>\nHaute r\u00e9sistance \u00e0 l&rsquo;eau et rayon de soleil.<\/p>\n","protected":false},"excerpt":{"rendered":"<p>Monogramme de hayon pour Peugeot 205 Sacr\u00e9 Num\u00e9ro en DOMING (r\u00e9sine 3D). Monogramme 3D Peugeot 205 Sacr\u00e9 Num\u00e9ro Dimensions 100% d&rsquo;origine, couleur gris m\u00e9tallis\u00e9. FABRICATION PROFESSIONNELLE R\u00e9sistance sup\u00e9rieur. Haute r\u00e9sistance \u00e0 l&rsquo;eau et rayon de soleil.<\/p>\n","protected":false},"featured_media":4465,"comment_status":"closed","ping_status":"closed","template":"","meta":{"pgc_sgb_lightbox_settings":""},"product_cat":[22],"product_tag":[],"yoast_head":"<!-- This site is optimized with the Yoast SEO plugin v21.8 - https:\/\/yoast.com\/wordpress\/plugins\/seo\/ -->\n<title>Monogramme 3D Peugeot 205 Sacr\u00e9 Num\u00e9ro - Cookiecars<\/title>\n<meta name=\"description\" content=\"Monogramme de hayon pour Peugeot 205 Sacr\u00e9 Num\u00e9ro en DOMING (r\u00e9sine 3D). Dimensions 100% d&#039;origine, couleur gris m\u00e9tallis\u00e9.\" \/>\n<meta name=\"robots\" content=\"index, follow, max-snippet:-1, max-image-preview:large, max-video-preview:-1\" \/>\n<link rel=\"canonical\" href=\"https:\/\/www.cookiecars.fr\/index.php\/produit\/monogramme-3d-peugeot-205-sacre-numero\/\" \/>\n<meta property=\"og:locale\" content=\"fr_FR\" \/>\n<meta property=\"og:type\" content=\"article\" \/>\n<meta property=\"og:title\" content=\"Monogramme 3D Peugeot 205 Sacr\u00e9 Num\u00e9ro - Cookiecars\" \/>\n<meta property=\"og:description\" content=\"Monogramme de hayon pour Peugeot 205 Sacr\u00e9 Num\u00e9ro en DOMING (r\u00e9sine 3D). Dimensions 100% d&#039;origine, couleur gris m\u00e9tallis\u00e9.\" \/>\n<meta property=\"og:url\" content=\"https:\/\/www.cookiecars.fr\/index.php\/produit\/monogramme-3d-peugeot-205-sacre-numero\/\" \/>\n<meta property=\"og:site_name\" content=\"Cookiecars\" \/>\n<meta property=\"article:modified_time\" content=\"2025-09-15T09:07:49+00:00\" \/>\n<meta property=\"og:image\" content=\"https:\/\/www.cookiecars.fr\/wp-content\/uploads\/2023\/12\/Capture-decran-2023-12-10-120631.png\" \/>\n\t<meta property=\"og:image:width\" content=\"709\" \/>\n\t<meta property=\"og:image:height\" content=\"551\" \/>\n\t<meta property=\"og:image:type\" content=\"image\/png\" \/>\n<meta name=\"twitter:card\" content=\"summary_large_image\" \/>\n<meta name=\"twitter:label1\" content=\"Dur\u00e9e de lecture estim\u00e9e\" \/>\n\t<meta name=\"twitter:data1\" content=\"1 minute\" \/>\n<script type=\"application\/ld+json\" class=\"yoast-schema-graph\">{\"@context\":\"https:\/\/schema.org\",\"@graph\":[{\"@type\":\"WebPage\",\"@id\":\"https:\/\/www.cookiecars.fr\/index.php\/produit\/monogramme-3d-peugeot-205-sacre-numero\/\",\"url\":\"https:\/\/www.cookiecars.fr\/index.php\/produit\/monogramme-3d-peugeot-205-sacre-numero\/\",\"name\":\"Monogramme 3D Peugeot 205 Sacr\u00e9 Num\u00e9ro - Cookiecars\",\"isPartOf\":{\"@id\":\"https:\/\/www.cookiecars.fr\/#website\"},\"datePublished\":\"2023-12-10T11:23:39+00:00\",\"dateModified\":\"2025-09-15T09:07:49+00:00\",\"description\":\"Monogramme de hayon pour Peugeot 205 Sacr\u00e9 Num\u00e9ro en DOMING (r\u00e9sine 3D). Dimensions 100% d'origine, couleur gris m\u00e9tallis\u00e9.\",\"breadcrumb\":{\"@id\":\"https:\/\/www.cookiecars.fr\/index.php\/produit\/monogramme-3d-peugeot-205-sacre-numero\/#breadcrumb\"},\"inLanguage\":\"fr-FR\",\"potentialAction\":[{\"@type\":\"ReadAction\",\"target\":[\"https:\/\/www.cookiecars.fr\/index.php\/produit\/monogramme-3d-peugeot-205-sacre-numero\/\"]}]},{\"@type\":\"BreadcrumbList\",\"@id\":\"https:\/\/www.cookiecars.fr\/index.php\/produit\/monogramme-3d-peugeot-205-sacre-numero\/#breadcrumb\",\"itemListElement\":[{\"@type\":\"ListItem\",\"position\":1,\"name\":\"Accueil\",\"item\":\"https:\/\/www.cookiecars.fr\/\"},{\"@type\":\"ListItem\",\"position\":2,\"name\":\"Boutique\",\"item\":\"https:\/\/www.cookiecars.fr\/index.php\/boutique\/\"},{\"@type\":\"ListItem\",\"position\":3,\"name\":\"Monogramme 3D Peugeot 205 Sacr\u00e9 Num\u00e9ro\"}]},{\"@type\":\"WebSite\",\"@id\":\"https:\/\/www.cookiecars.fr\/#website\",\"url\":\"https:\/\/www.cookiecars.fr\/\",\"name\":\"Cookiecars\",\"description\":\"Trouvez votre nouveau projet auto!\",\"publisher\":{\"@id\":\"https:\/\/www.cookiecars.fr\/#organization\"},\"alternateName\":\"Cookie cars\",\"potentialAction\":[{\"@type\":\"SearchAction\",\"target\":{\"@type\":\"EntryPoint\",\"urlTemplate\":\"https:\/\/www.cookiecars.fr\/?s={search_term_string}\"},\"query-input\":\"required name=search_term_string\"}],\"inLanguage\":\"fr-FR\"},{\"@type\":\"Organization\",\"@id\":\"https:\/\/www.cookiecars.fr\/#organization\",\"name\":\"Cookiecars\",\"alternateName\":\"Cookie cars\",\"url\":\"https:\/\/www.cookiecars.fr\/\",\"logo\":{\"@type\":\"ImageObject\",\"inLanguage\":\"fr-FR\",\"@id\":\"https:\/\/www.cookiecars.fr\/#\/schema\/logo\/image\/\",\"url\":\"https:\/\/www.cookiecars.fr\/wp-content\/uploads\/2024\/02\/Cookiecars_Logo2024_2-removebg-preview-1.png\",\"contentUrl\":\"https:\/\/www.cookiecars.fr\/wp-content\/uploads\/2024\/02\/Cookiecars_Logo2024_2-removebg-preview-1.png\",\"width\":592,\"height\":421,\"caption\":\"Cookiecars\"},\"image\":{\"@id\":\"https:\/\/www.cookiecars.fr\/#\/schema\/logo\/image\/\"},\"sameAs\":[\"https:\/\/www.instagram.com\/juliencookiecars\/\"]}]}<\/script>\n<!-- \/ Yoast SEO plugin. -->","yoast_head_json":{"title":"Monogramme 3D Peugeot 205 Sacr\u00e9 Num\u00e9ro - Cookiecars","description":"Monogramme de hayon pour Peugeot 205 Sacr\u00e9 Num\u00e9ro en DOMING (r\u00e9sine 3D). Dimensions 100% d'origine, couleur gris m\u00e9tallis\u00e9.","robots":{"index":"index","follow":"follow","max-snippet":"max-snippet:-1","max-image-preview":"max-image-preview:large","max-video-preview":"max-video-preview:-1"},"canonical":"https:\/\/www.cookiecars.fr\/index.php\/produit\/monogramme-3d-peugeot-205-sacre-numero\/","og_locale":"fr_FR","og_type":"article","og_title":"Monogramme 3D Peugeot 205 Sacr\u00e9 Num\u00e9ro - Cookiecars","og_description":"Monogramme de hayon pour Peugeot 205 Sacr\u00e9 Num\u00e9ro en DOMING (r\u00e9sine 3D). Dimensions 100% d'origine, couleur gris m\u00e9tallis\u00e9.","og_url":"https:\/\/www.cookiecars.fr\/index.php\/produit\/monogramme-3d-peugeot-205-sacre-numero\/","og_site_name":"Cookiecars","article_modified_time":"2025-09-15T09:07:49+00:00","og_image":[{"width":709,"height":551,"url":"https:\/\/www.cookiecars.fr\/wp-content\/uploads\/2023\/12\/Capture-decran-2023-12-10-120631.png","type":"image\/png"}],"twitter_card":"summary_large_image","twitter_misc":{"Dur\u00e9e de lecture estim\u00e9e":"1 minute"},"schema":{"@context":"https:\/\/schema.org","@graph":[{"@type":"WebPage","@id":"https:\/\/www.cookiecars.fr\/index.php\/produit\/monogramme-3d-peugeot-205-sacre-numero\/","url":"https:\/\/www.cookiecars.fr\/index.php\/produit\/monogramme-3d-peugeot-205-sacre-numero\/","name":"Monogramme 3D Peugeot 205 Sacr\u00e9 Num\u00e9ro - Cookiecars","isPartOf":{"@id":"https:\/\/www.cookiecars.fr\/#website"},"datePublished":"2023-12-10T11:23:39+00:00","dateModified":"2025-09-15T09:07:49+00:00","description":"Monogramme de hayon pour Peugeot 205 Sacr\u00e9 Num\u00e9ro en DOMING (r\u00e9sine 3D). Dimensions 100% d'origine, couleur gris m\u00e9tallis\u00e9.","breadcrumb":{"@id":"https:\/\/www.cookiecars.fr\/index.php\/produit\/monogramme-3d-peugeot-205-sacre-numero\/#breadcrumb"},"inLanguage":"fr-FR","potentialAction":[{"@type":"ReadAction","target":["https:\/\/www.cookiecars.fr\/index.php\/produit\/monogramme-3d-peugeot-205-sacre-numero\/"]}]},{"@type":"BreadcrumbList","@id":"https:\/\/www.cookiecars.fr\/index.php\/produit\/monogramme-3d-peugeot-205-sacre-numero\/#breadcrumb","itemListElement":[{"@type":"ListItem","position":1,"name":"Accueil","item":"https:\/\/www.cookiecars.fr\/"},{"@type":"ListItem","position":2,"name":"Boutique","item":"https:\/\/www.cookiecars.fr\/index.php\/boutique\/"},{"@type":"ListItem","position":3,"name":"Monogramme 3D Peugeot 205 Sacr\u00e9 Num\u00e9ro"}]},{"@type":"WebSite","@id":"https:\/\/www.cookiecars.fr\/#website","url":"https:\/\/www.cookiecars.fr\/","name":"Cookiecars","description":"Trouvez votre nouveau projet auto!","publisher":{"@id":"https:\/\/www.cookiecars.fr\/#organization"},"alternateName":"Cookie cars","potentialAction":[{"@type":"SearchAction","target":{"@type":"EntryPoint","urlTemplate":"https:\/\/www.cookiecars.fr\/?s={search_term_string}"},"query-input":"required name=search_term_string"}],"inLanguage":"fr-FR"},{"@type":"Organization","@id":"https:\/\/www.cookiecars.fr\/#organization","name":"Cookiecars","alternateName":"Cookie cars","url":"https:\/\/www.cookiecars.fr\/","logo":{"@type":"ImageObject","inLanguage":"fr-FR","@id":"https:\/\/www.cookiecars.fr\/#\/schema\/logo\/image\/","url":"https:\/\/www.cookiecars.fr\/wp-content\/uploads\/2024\/02\/Cookiecars_Logo2024_2-removebg-preview-1.png","contentUrl":"https:\/\/www.cookiecars.fr\/wp-content\/uploads\/2024\/02\/Cookiecars_Logo2024_2-removebg-preview-1.png","width":592,"height":421,"caption":"Cookiecars"},"image":{"@id":"https:\/\/www.cookiecars.fr\/#\/schema\/logo\/image\/"},"sameAs":["https:\/\/www.instagram.com\/juliencookiecars\/"]}]}},"jetpack_sharing_enabled":true,"_links":{"self":[{"href":"https:\/\/www.cookiecars.fr\/index.php\/wp-json\/wp\/v2\/product\/4462"}],"collection":[{"href":"https:\/\/www.cookiecars.fr\/index.php\/wp-json\/wp\/v2\/product"}],"about":[{"href":"https:\/\/www.cookiecars.fr\/index.php\/wp-json\/wp\/v2\/types\/product"}],"replies":[{"embeddable":true,"href":"https:\/\/www.cookiecars.fr\/index.php\/wp-json\/wp\/v2\/comments?post=4462"}],"wp:featuredmedia":[{"embeddable":true,"href":"https:\/\/www.cookiecars.fr\/index.php\/wp-json\/wp\/v2\/media\/4465"}],"wp:attachment":[{"href":"https:\/\/www.cookiecars.fr\/index.php\/wp-json\/wp\/v2\/media?parent=4462"}],"wp:term":[{"taxonomy":"product_cat","embeddable":true,"href":"https:\/\/www.cookiecars.fr\/index.php\/wp-json\/wp\/v2\/product_cat?post=4462"},{"taxonomy":"product_tag","embeddable":true,"href":"https:\/\/www.cookiecars.fr\/index.php\/wp-json\/wp\/v2\/product_tag?post=4462"}],"curies":[{"name":"wp","href":"https:\/\/api.w.org\/{rel}","templated":true}]}}