{"id":4379,"date":"2023-12-05T17:26:24","date_gmt":"2023-12-05T16:26:24","guid":{"rendered":"https:\/\/www.cookiecars.fr\/?post_type=product&#038;p=4379"},"modified":"2025-09-15T11:07:55","modified_gmt":"2025-09-15T09:07:55","slug":"kit-stickers-peugeot-205-gt","status":"publish","type":"product","link":"https:\/\/www.cookiecars.fr\/index.php\/produit\/kit-stickers-peugeot-205-gt\/","title":{"rendered":"Kit Stickers Peugeot 205 GT"},"content":{"rendered":"<p>Kit complet autocollants Peugeot 205 GT<\/p>\n<p>Disponible en couleur : Rouge, Noir et Gris M\u00e9tallis\u00e9<br \/>\nREFABRICATION<br \/>\nUniquement pour 5 portes.<br \/>\nLa marque du vinyle utilis\u00e9 est du Orafol Oracal 551 High Performance qui est garantie 15 ans.<br \/>\nLa plupart des gens utilisent du vinyle bas de gamme pour ainsi avoir un co\u00fbt moins \u00e9lev\u00e9.<br \/>\nComprenant les 2 monogrammes des ailes + les liserets complet du tour de caisse.<br \/>\nForte r\u00e9sistance aux UV et \u00e0 l&rsquo;eau<br \/>\nTransfert de pose pour faciliter la pose.<\/p>\n","protected":false},"excerpt":{"rendered":"<p>Kit complet autocollants Peugeot 205 GT Disponible en couleur : Rouge, Noir et Gris M\u00e9tallis\u00e9 REFABRICATION Uniquement pour 5 portes. La marque du vinyle utilis\u00e9 est du Orafol Oracal 551 High Performance qui est garantie 15 ans. La plupart des gens utilisent du vinyle bas de gamme pour ainsi avoir un co\u00fbt moins \u00e9lev\u00e9. Comprenant [&hellip;]<\/p>\n","protected":false},"featured_media":4380,"comment_status":"closed","ping_status":"closed","template":"","meta":{"pgc_sgb_lightbox_settings":""},"product_cat":[22],"product_tag":[],"yoast_head":"<!-- This site is optimized with the Yoast SEO plugin v21.8 - https:\/\/yoast.com\/wordpress\/plugins\/seo\/ -->\n<title>Kit Stickers Peugeot 205 GT - Cookiecars<\/title>\n<meta name=\"description\" content=\"Kit complet autocollants Peugeot 205 GT. Uniquement pour 5 portes. 2 monogrammes des ailes + les liserets complet du tour de caisse.\" \/>\n<meta name=\"robots\" content=\"index, follow, max-snippet:-1, max-image-preview:large, max-video-preview:-1\" \/>\n<link rel=\"canonical\" href=\"https:\/\/www.cookiecars.fr\/index.php\/produit\/kit-stickers-peugeot-205-gt\/\" \/>\n<meta property=\"og:locale\" content=\"fr_FR\" \/>\n<meta property=\"og:type\" content=\"article\" \/>\n<meta property=\"og:title\" content=\"Kit Stickers Peugeot 205 GT - Cookiecars\" \/>\n<meta property=\"og:description\" content=\"Kit complet autocollants Peugeot 205 GT. Uniquement pour 5 portes. 2 monogrammes des ailes + les liserets complet du tour de caisse.\" \/>\n<meta property=\"og:url\" content=\"https:\/\/www.cookiecars.fr\/index.php\/produit\/kit-stickers-peugeot-205-gt\/\" \/>\n<meta property=\"og:site_name\" content=\"Cookiecars\" \/>\n<meta property=\"article:modified_time\" content=\"2025-09-15T09:07:55+00:00\" \/>\n<meta property=\"og:image\" content=\"https:\/\/www.cookiecars.fr\/wp-content\/uploads\/2023\/12\/Capture-decran-2023-12-05-170643.png\" \/>\n\t<meta property=\"og:image:width\" content=\"994\" \/>\n\t<meta property=\"og:image:height\" content=\"603\" \/>\n\t<meta property=\"og:image:type\" content=\"image\/png\" \/>\n<meta name=\"twitter:card\" content=\"summary_large_image\" \/>\n<meta name=\"twitter:label1\" content=\"Dur\u00e9e de lecture estim\u00e9e\" \/>\n\t<meta name=\"twitter:data1\" content=\"1 minute\" \/>\n<script type=\"application\/ld+json\" class=\"yoast-schema-graph\">{\"@context\":\"https:\/\/schema.org\",\"@graph\":[{\"@type\":\"WebPage\",\"@id\":\"https:\/\/www.cookiecars.fr\/index.php\/produit\/kit-stickers-peugeot-205-gt\/\",\"url\":\"https:\/\/www.cookiecars.fr\/index.php\/produit\/kit-stickers-peugeot-205-gt\/\",\"name\":\"Kit Stickers Peugeot 205 GT - Cookiecars\",\"isPartOf\":{\"@id\":\"https:\/\/www.cookiecars.fr\/#website\"},\"datePublished\":\"2023-12-05T16:26:24+00:00\",\"dateModified\":\"2025-09-15T09:07:55+00:00\",\"description\":\"Kit complet autocollants Peugeot 205 GT. Uniquement pour 5 portes. 2 monogrammes des ailes + les liserets complet du tour de caisse.\",\"breadcrumb\":{\"@id\":\"https:\/\/www.cookiecars.fr\/index.php\/produit\/kit-stickers-peugeot-205-gt\/#breadcrumb\"},\"inLanguage\":\"fr-FR\",\"potentialAction\":[{\"@type\":\"ReadAction\",\"target\":[\"https:\/\/www.cookiecars.fr\/index.php\/produit\/kit-stickers-peugeot-205-gt\/\"]}]},{\"@type\":\"BreadcrumbList\",\"@id\":\"https:\/\/www.cookiecars.fr\/index.php\/produit\/kit-stickers-peugeot-205-gt\/#breadcrumb\",\"itemListElement\":[{\"@type\":\"ListItem\",\"position\":1,\"name\":\"Accueil\",\"item\":\"https:\/\/www.cookiecars.fr\/\"},{\"@type\":\"ListItem\",\"position\":2,\"name\":\"Boutique\",\"item\":\"https:\/\/www.cookiecars.fr\/index.php\/boutique\/\"},{\"@type\":\"ListItem\",\"position\":3,\"name\":\"Kit Stickers Peugeot 205 GT\"}]},{\"@type\":\"WebSite\",\"@id\":\"https:\/\/www.cookiecars.fr\/#website\",\"url\":\"https:\/\/www.cookiecars.fr\/\",\"name\":\"Cookiecars\",\"description\":\"Trouvez votre nouveau projet auto!\",\"publisher\":{\"@id\":\"https:\/\/www.cookiecars.fr\/#organization\"},\"alternateName\":\"Cookie cars\",\"potentialAction\":[{\"@type\":\"SearchAction\",\"target\":{\"@type\":\"EntryPoint\",\"urlTemplate\":\"https:\/\/www.cookiecars.fr\/?s={search_term_string}\"},\"query-input\":\"required name=search_term_string\"}],\"inLanguage\":\"fr-FR\"},{\"@type\":\"Organization\",\"@id\":\"https:\/\/www.cookiecars.fr\/#organization\",\"name\":\"Cookiecars\",\"alternateName\":\"Cookie cars\",\"url\":\"https:\/\/www.cookiecars.fr\/\",\"logo\":{\"@type\":\"ImageObject\",\"inLanguage\":\"fr-FR\",\"@id\":\"https:\/\/www.cookiecars.fr\/#\/schema\/logo\/image\/\",\"url\":\"https:\/\/www.cookiecars.fr\/wp-content\/uploads\/2024\/02\/Cookiecars_Logo2024_2-removebg-preview-1.png\",\"contentUrl\":\"https:\/\/www.cookiecars.fr\/wp-content\/uploads\/2024\/02\/Cookiecars_Logo2024_2-removebg-preview-1.png\",\"width\":592,\"height\":421,\"caption\":\"Cookiecars\"},\"image\":{\"@id\":\"https:\/\/www.cookiecars.fr\/#\/schema\/logo\/image\/\"},\"sameAs\":[\"https:\/\/www.instagram.com\/juliencookiecars\/\"]}]}<\/script>\n<!-- \/ Yoast SEO plugin. -->","yoast_head_json":{"title":"Kit Stickers Peugeot 205 GT - Cookiecars","description":"Kit complet autocollants Peugeot 205 GT. Uniquement pour 5 portes. 2 monogrammes des ailes + les liserets complet du tour de caisse.","robots":{"index":"index","follow":"follow","max-snippet":"max-snippet:-1","max-image-preview":"max-image-preview:large","max-video-preview":"max-video-preview:-1"},"canonical":"https:\/\/www.cookiecars.fr\/index.php\/produit\/kit-stickers-peugeot-205-gt\/","og_locale":"fr_FR","og_type":"article","og_title":"Kit Stickers Peugeot 205 GT - Cookiecars","og_description":"Kit complet autocollants Peugeot 205 GT. Uniquement pour 5 portes. 2 monogrammes des ailes + les liserets complet du tour de caisse.","og_url":"https:\/\/www.cookiecars.fr\/index.php\/produit\/kit-stickers-peugeot-205-gt\/","og_site_name":"Cookiecars","article_modified_time":"2025-09-15T09:07:55+00:00","og_image":[{"width":994,"height":603,"url":"https:\/\/www.cookiecars.fr\/wp-content\/uploads\/2023\/12\/Capture-decran-2023-12-05-170643.png","type":"image\/png"}],"twitter_card":"summary_large_image","twitter_misc":{"Dur\u00e9e de lecture estim\u00e9e":"1 minute"},"schema":{"@context":"https:\/\/schema.org","@graph":[{"@type":"WebPage","@id":"https:\/\/www.cookiecars.fr\/index.php\/produit\/kit-stickers-peugeot-205-gt\/","url":"https:\/\/www.cookiecars.fr\/index.php\/produit\/kit-stickers-peugeot-205-gt\/","name":"Kit Stickers Peugeot 205 GT - Cookiecars","isPartOf":{"@id":"https:\/\/www.cookiecars.fr\/#website"},"datePublished":"2023-12-05T16:26:24+00:00","dateModified":"2025-09-15T09:07:55+00:00","description":"Kit complet autocollants Peugeot 205 GT. Uniquement pour 5 portes. 2 monogrammes des ailes + les liserets complet du tour de caisse.","breadcrumb":{"@id":"https:\/\/www.cookiecars.fr\/index.php\/produit\/kit-stickers-peugeot-205-gt\/#breadcrumb"},"inLanguage":"fr-FR","potentialAction":[{"@type":"ReadAction","target":["https:\/\/www.cookiecars.fr\/index.php\/produit\/kit-stickers-peugeot-205-gt\/"]}]},{"@type":"BreadcrumbList","@id":"https:\/\/www.cookiecars.fr\/index.php\/produit\/kit-stickers-peugeot-205-gt\/#breadcrumb","itemListElement":[{"@type":"ListItem","position":1,"name":"Accueil","item":"https:\/\/www.cookiecars.fr\/"},{"@type":"ListItem","position":2,"name":"Boutique","item":"https:\/\/www.cookiecars.fr\/index.php\/boutique\/"},{"@type":"ListItem","position":3,"name":"Kit Stickers Peugeot 205 GT"}]},{"@type":"WebSite","@id":"https:\/\/www.cookiecars.fr\/#website","url":"https:\/\/www.cookiecars.fr\/","name":"Cookiecars","description":"Trouvez votre nouveau projet auto!","publisher":{"@id":"https:\/\/www.cookiecars.fr\/#organization"},"alternateName":"Cookie cars","potentialAction":[{"@type":"SearchAction","target":{"@type":"EntryPoint","urlTemplate":"https:\/\/www.cookiecars.fr\/?s={search_term_string}"},"query-input":"required name=search_term_string"}],"inLanguage":"fr-FR"},{"@type":"Organization","@id":"https:\/\/www.cookiecars.fr\/#organization","name":"Cookiecars","alternateName":"Cookie cars","url":"https:\/\/www.cookiecars.fr\/","logo":{"@type":"ImageObject","inLanguage":"fr-FR","@id":"https:\/\/www.cookiecars.fr\/#\/schema\/logo\/image\/","url":"https:\/\/www.cookiecars.fr\/wp-content\/uploads\/2024\/02\/Cookiecars_Logo2024_2-removebg-preview-1.png","contentUrl":"https:\/\/www.cookiecars.fr\/wp-content\/uploads\/2024\/02\/Cookiecars_Logo2024_2-removebg-preview-1.png","width":592,"height":421,"caption":"Cookiecars"},"image":{"@id":"https:\/\/www.cookiecars.fr\/#\/schema\/logo\/image\/"},"sameAs":["https:\/\/www.instagram.com\/juliencookiecars\/"]}]}},"jetpack_sharing_enabled":true,"_links":{"self":[{"href":"https:\/\/www.cookiecars.fr\/index.php\/wp-json\/wp\/v2\/product\/4379"}],"collection":[{"href":"https:\/\/www.cookiecars.fr\/index.php\/wp-json\/wp\/v2\/product"}],"about":[{"href":"https:\/\/www.cookiecars.fr\/index.php\/wp-json\/wp\/v2\/types\/product"}],"replies":[{"embeddable":true,"href":"https:\/\/www.cookiecars.fr\/index.php\/wp-json\/wp\/v2\/comments?post=4379"}],"wp:featuredmedia":[{"embeddable":true,"href":"https:\/\/www.cookiecars.fr\/index.php\/wp-json\/wp\/v2\/media\/4380"}],"wp:attachment":[{"href":"https:\/\/www.cookiecars.fr\/index.php\/wp-json\/wp\/v2\/media?parent=4379"}],"wp:term":[{"taxonomy":"product_cat","embeddable":true,"href":"https:\/\/www.cookiecars.fr\/index.php\/wp-json\/wp\/v2\/product_cat?post=4379"},{"taxonomy":"product_tag","embeddable":true,"href":"https:\/\/www.cookiecars.fr\/index.php\/wp-json\/wp\/v2\/product_tag?post=4379"}],"curies":[{"name":"wp","href":"https:\/\/api.w.org\/{rel}","templated":true}]}}