{"id":4370,"date":"2023-12-05T15:00:13","date_gmt":"2023-12-05T14:00:13","guid":{"rendered":"https:\/\/www.cookiecars.fr\/?post_type=product&#038;p=4370"},"modified":"2025-09-15T11:07:54","modified_gmt":"2025-09-15T09:07:54","slug":"kit-stickers-peugeot-205-lacoste","status":"publish","type":"product","link":"https:\/\/www.cookiecars.fr\/index.php\/produit\/kit-stickers-peugeot-205-lacoste\/","title":{"rendered":"Kit Stickers Peugeot 205 Lacoste"},"content":{"rendered":"<p>Kit complet d&rsquo;autocollants stickers pour Peugeot 205 LACOSTE.<br \/>\nREFABRICATION.<br \/>\nLe monom\u00e8re est garantie 3\/5 ans, le polym\u00e8re 15 ans.<br \/>\nLe kit comprend :<br \/>\n&#8211; les bandes lat\u00e9rales pour les 2 portes (\u00e0 recouper par vos soins, car les bandes sont l\u00e9g\u00e8rement plus longue ).<br \/>\n&#8211; les bandes lat\u00e9rales pour les 2 c\u00f4t\u00e9s arri\u00e8re gauche et droite, ( \u00e0 recouper par vos soins, car l\u00e9g\u00e8rement plus longue ).<br \/>\n&#8211; les bandes des 2 ailes avant gauche et droite, ( \u00e0 recouper \u00e9galement )<br \/>\n&#8211; Les enjoliveurs de custodes au complet.<br \/>\n&#8211; Le monogramme du coffre ( retirer l&rsquo;ancien autocollant puis coller par dessus ) (uniquement le sticker et non la plaque !!!)<br \/>\nVinyles inalt\u00e9rable + plastifi\u00e9 pour une r\u00e9sistance sup\u00e9rieur.<br \/>\nTransfert pour faciliter la pose.<\/p>\n","protected":false},"excerpt":{"rendered":"<p>Kit complet d&rsquo;autocollants stickers pour Peugeot 205 LACOSTE. REFABRICATION. Le monom\u00e8re est garantie 3\/5 ans, le polym\u00e8re 15 ans. Le kit comprend : &#8211; les bandes lat\u00e9rales pour les 2 portes (\u00e0 recouper par vos soins, car les bandes sont l\u00e9g\u00e8rement plus longue ). &#8211; les bandes lat\u00e9rales pour les 2 c\u00f4t\u00e9s arri\u00e8re gauche et [&hellip;]<\/p>\n","protected":false},"featured_media":4371,"comment_status":"closed","ping_status":"closed","template":"","meta":{"pgc_sgb_lightbox_settings":""},"product_cat":[22],"product_tag":[],"yoast_head":"<!-- This site is optimized with the Yoast SEO plugin v21.8 - https:\/\/yoast.com\/wordpress\/plugins\/seo\/ -->\n<title>Kit Stickers Peugeot 205 Lacoste - Cookiecars<\/title>\n<meta name=\"description\" content=\"Kit complet d&#039;autocollants stickers pour Peugeot 205 LACOSTE. Vinyles inalt\u00e9rable + plastifi\u00e9 pour une r\u00e9sistance sup\u00e9rieur.\" \/>\n<meta name=\"robots\" content=\"index, follow, max-snippet:-1, max-image-preview:large, max-video-preview:-1\" \/>\n<link rel=\"canonical\" href=\"https:\/\/www.cookiecars.fr\/index.php\/produit\/kit-stickers-peugeot-205-lacoste\/\" \/>\n<meta property=\"og:locale\" content=\"fr_FR\" \/>\n<meta property=\"og:type\" content=\"article\" \/>\n<meta property=\"og:title\" content=\"Kit Stickers Peugeot 205 Lacoste - Cookiecars\" \/>\n<meta property=\"og:description\" content=\"Kit complet d&#039;autocollants stickers pour Peugeot 205 LACOSTE. Vinyles inalt\u00e9rable + plastifi\u00e9 pour une r\u00e9sistance sup\u00e9rieur.\" \/>\n<meta property=\"og:url\" content=\"https:\/\/www.cookiecars.fr\/index.php\/produit\/kit-stickers-peugeot-205-lacoste\/\" \/>\n<meta property=\"og:site_name\" content=\"Cookiecars\" \/>\n<meta property=\"article:modified_time\" content=\"2025-09-15T09:07:54+00:00\" \/>\n<meta property=\"og:image\" content=\"https:\/\/www.cookiecars.fr\/wp-content\/uploads\/2023\/12\/Capture-decran-2023-12-05-143631.png\" \/>\n\t<meta property=\"og:image:width\" content=\"675\" \/>\n\t<meta property=\"og:image:height\" content=\"414\" \/>\n\t<meta property=\"og:image:type\" content=\"image\/png\" \/>\n<meta name=\"twitter:card\" content=\"summary_large_image\" \/>\n<meta name=\"twitter:label1\" content=\"Dur\u00e9e de lecture estim\u00e9e\" \/>\n\t<meta name=\"twitter:data1\" content=\"1 minute\" \/>\n<script type=\"application\/ld+json\" class=\"yoast-schema-graph\">{\"@context\":\"https:\/\/schema.org\",\"@graph\":[{\"@type\":\"WebPage\",\"@id\":\"https:\/\/www.cookiecars.fr\/index.php\/produit\/kit-stickers-peugeot-205-lacoste\/\",\"url\":\"https:\/\/www.cookiecars.fr\/index.php\/produit\/kit-stickers-peugeot-205-lacoste\/\",\"name\":\"Kit Stickers Peugeot 205 Lacoste - Cookiecars\",\"isPartOf\":{\"@id\":\"https:\/\/www.cookiecars.fr\/#website\"},\"datePublished\":\"2023-12-05T14:00:13+00:00\",\"dateModified\":\"2025-09-15T09:07:54+00:00\",\"description\":\"Kit complet d'autocollants stickers pour Peugeot 205 LACOSTE. Vinyles inalt\u00e9rable + plastifi\u00e9 pour une r\u00e9sistance sup\u00e9rieur.\",\"breadcrumb\":{\"@id\":\"https:\/\/www.cookiecars.fr\/index.php\/produit\/kit-stickers-peugeot-205-lacoste\/#breadcrumb\"},\"inLanguage\":\"fr-FR\",\"potentialAction\":[{\"@type\":\"ReadAction\",\"target\":[\"https:\/\/www.cookiecars.fr\/index.php\/produit\/kit-stickers-peugeot-205-lacoste\/\"]}]},{\"@type\":\"BreadcrumbList\",\"@id\":\"https:\/\/www.cookiecars.fr\/index.php\/produit\/kit-stickers-peugeot-205-lacoste\/#breadcrumb\",\"itemListElement\":[{\"@type\":\"ListItem\",\"position\":1,\"name\":\"Accueil\",\"item\":\"https:\/\/www.cookiecars.fr\/\"},{\"@type\":\"ListItem\",\"position\":2,\"name\":\"Boutique\",\"item\":\"https:\/\/www.cookiecars.fr\/index.php\/boutique\/\"},{\"@type\":\"ListItem\",\"position\":3,\"name\":\"Kit Stickers Peugeot 205 Lacoste\"}]},{\"@type\":\"WebSite\",\"@id\":\"https:\/\/www.cookiecars.fr\/#website\",\"url\":\"https:\/\/www.cookiecars.fr\/\",\"name\":\"Cookiecars\",\"description\":\"Trouvez votre nouveau projet auto!\",\"publisher\":{\"@id\":\"https:\/\/www.cookiecars.fr\/#organization\"},\"alternateName\":\"Cookie cars\",\"potentialAction\":[{\"@type\":\"SearchAction\",\"target\":{\"@type\":\"EntryPoint\",\"urlTemplate\":\"https:\/\/www.cookiecars.fr\/?s={search_term_string}\"},\"query-input\":\"required name=search_term_string\"}],\"inLanguage\":\"fr-FR\"},{\"@type\":\"Organization\",\"@id\":\"https:\/\/www.cookiecars.fr\/#organization\",\"name\":\"Cookiecars\",\"alternateName\":\"Cookie cars\",\"url\":\"https:\/\/www.cookiecars.fr\/\",\"logo\":{\"@type\":\"ImageObject\",\"inLanguage\":\"fr-FR\",\"@id\":\"https:\/\/www.cookiecars.fr\/#\/schema\/logo\/image\/\",\"url\":\"https:\/\/www.cookiecars.fr\/wp-content\/uploads\/2024\/02\/Cookiecars_Logo2024_2-removebg-preview-1.png\",\"contentUrl\":\"https:\/\/www.cookiecars.fr\/wp-content\/uploads\/2024\/02\/Cookiecars_Logo2024_2-removebg-preview-1.png\",\"width\":592,\"height\":421,\"caption\":\"Cookiecars\"},\"image\":{\"@id\":\"https:\/\/www.cookiecars.fr\/#\/schema\/logo\/image\/\"},\"sameAs\":[\"https:\/\/www.instagram.com\/juliencookiecars\/\"]}]}<\/script>\n<!-- \/ Yoast SEO plugin. -->","yoast_head_json":{"title":"Kit Stickers Peugeot 205 Lacoste - Cookiecars","description":"Kit complet d'autocollants stickers pour Peugeot 205 LACOSTE. Vinyles inalt\u00e9rable + plastifi\u00e9 pour une r\u00e9sistance sup\u00e9rieur.","robots":{"index":"index","follow":"follow","max-snippet":"max-snippet:-1","max-image-preview":"max-image-preview:large","max-video-preview":"max-video-preview:-1"},"canonical":"https:\/\/www.cookiecars.fr\/index.php\/produit\/kit-stickers-peugeot-205-lacoste\/","og_locale":"fr_FR","og_type":"article","og_title":"Kit Stickers Peugeot 205 Lacoste - Cookiecars","og_description":"Kit complet d'autocollants stickers pour Peugeot 205 LACOSTE. Vinyles inalt\u00e9rable + plastifi\u00e9 pour une r\u00e9sistance sup\u00e9rieur.","og_url":"https:\/\/www.cookiecars.fr\/index.php\/produit\/kit-stickers-peugeot-205-lacoste\/","og_site_name":"Cookiecars","article_modified_time":"2025-09-15T09:07:54+00:00","og_image":[{"width":675,"height":414,"url":"https:\/\/www.cookiecars.fr\/wp-content\/uploads\/2023\/12\/Capture-decran-2023-12-05-143631.png","type":"image\/png"}],"twitter_card":"summary_large_image","twitter_misc":{"Dur\u00e9e de lecture estim\u00e9e":"1 minute"},"schema":{"@context":"https:\/\/schema.org","@graph":[{"@type":"WebPage","@id":"https:\/\/www.cookiecars.fr\/index.php\/produit\/kit-stickers-peugeot-205-lacoste\/","url":"https:\/\/www.cookiecars.fr\/index.php\/produit\/kit-stickers-peugeot-205-lacoste\/","name":"Kit Stickers Peugeot 205 Lacoste - Cookiecars","isPartOf":{"@id":"https:\/\/www.cookiecars.fr\/#website"},"datePublished":"2023-12-05T14:00:13+00:00","dateModified":"2025-09-15T09:07:54+00:00","description":"Kit complet d'autocollants stickers pour Peugeot 205 LACOSTE. Vinyles inalt\u00e9rable + plastifi\u00e9 pour une r\u00e9sistance sup\u00e9rieur.","breadcrumb":{"@id":"https:\/\/www.cookiecars.fr\/index.php\/produit\/kit-stickers-peugeot-205-lacoste\/#breadcrumb"},"inLanguage":"fr-FR","potentialAction":[{"@type":"ReadAction","target":["https:\/\/www.cookiecars.fr\/index.php\/produit\/kit-stickers-peugeot-205-lacoste\/"]}]},{"@type":"BreadcrumbList","@id":"https:\/\/www.cookiecars.fr\/index.php\/produit\/kit-stickers-peugeot-205-lacoste\/#breadcrumb","itemListElement":[{"@type":"ListItem","position":1,"name":"Accueil","item":"https:\/\/www.cookiecars.fr\/"},{"@type":"ListItem","position":2,"name":"Boutique","item":"https:\/\/www.cookiecars.fr\/index.php\/boutique\/"},{"@type":"ListItem","position":3,"name":"Kit Stickers Peugeot 205 Lacoste"}]},{"@type":"WebSite","@id":"https:\/\/www.cookiecars.fr\/#website","url":"https:\/\/www.cookiecars.fr\/","name":"Cookiecars","description":"Trouvez votre nouveau projet auto!","publisher":{"@id":"https:\/\/www.cookiecars.fr\/#organization"},"alternateName":"Cookie cars","potentialAction":[{"@type":"SearchAction","target":{"@type":"EntryPoint","urlTemplate":"https:\/\/www.cookiecars.fr\/?s={search_term_string}"},"query-input":"required name=search_term_string"}],"inLanguage":"fr-FR"},{"@type":"Organization","@id":"https:\/\/www.cookiecars.fr\/#organization","name":"Cookiecars","alternateName":"Cookie cars","url":"https:\/\/www.cookiecars.fr\/","logo":{"@type":"ImageObject","inLanguage":"fr-FR","@id":"https:\/\/www.cookiecars.fr\/#\/schema\/logo\/image\/","url":"https:\/\/www.cookiecars.fr\/wp-content\/uploads\/2024\/02\/Cookiecars_Logo2024_2-removebg-preview-1.png","contentUrl":"https:\/\/www.cookiecars.fr\/wp-content\/uploads\/2024\/02\/Cookiecars_Logo2024_2-removebg-preview-1.png","width":592,"height":421,"caption":"Cookiecars"},"image":{"@id":"https:\/\/www.cookiecars.fr\/#\/schema\/logo\/image\/"},"sameAs":["https:\/\/www.instagram.com\/juliencookiecars\/"]}]}},"jetpack_sharing_enabled":true,"_links":{"self":[{"href":"https:\/\/www.cookiecars.fr\/index.php\/wp-json\/wp\/v2\/product\/4370"}],"collection":[{"href":"https:\/\/www.cookiecars.fr\/index.php\/wp-json\/wp\/v2\/product"}],"about":[{"href":"https:\/\/www.cookiecars.fr\/index.php\/wp-json\/wp\/v2\/types\/product"}],"replies":[{"embeddable":true,"href":"https:\/\/www.cookiecars.fr\/index.php\/wp-json\/wp\/v2\/comments?post=4370"}],"wp:featuredmedia":[{"embeddable":true,"href":"https:\/\/www.cookiecars.fr\/index.php\/wp-json\/wp\/v2\/media\/4371"}],"wp:attachment":[{"href":"https:\/\/www.cookiecars.fr\/index.php\/wp-json\/wp\/v2\/media?parent=4370"}],"wp:term":[{"taxonomy":"product_cat","embeddable":true,"href":"https:\/\/www.cookiecars.fr\/index.php\/wp-json\/wp\/v2\/product_cat?post=4370"},{"taxonomy":"product_tag","embeddable":true,"href":"https:\/\/www.cookiecars.fr\/index.php\/wp-json\/wp\/v2\/product_tag?post=4370"}],"curies":[{"name":"wp","href":"https:\/\/api.w.org\/{rel}","templated":true}]}}