{"id":4322,"date":"2023-11-29T13:45:23","date_gmt":"2023-11-29T12:45:23","guid":{"rendered":"https:\/\/www.cookiecars.fr\/?post_type=product&#038;p=4322"},"modified":"2025-09-15T11:26:57","modified_gmt":"2025-09-15T09:26:57","slug":"kit-sticker-complet-205-roland-garros-1-bande","status":"publish","type":"product","link":"https:\/\/www.cookiecars.fr\/index.php\/produit\/kit-sticker-complet-205-roland-garros-1-bande\/","title":{"rendered":"Kit Sticker complet 205 Roland Garros 1 bande"},"content":{"rendered":"<p>Kit Sticker complet 205 Roland Garros 1989 &#8211; 1993 1 bande.<\/p>\n<p>Kit complet Stickers autocollants Peugeot 205 Roland Garros mod\u00e8le 1<br \/>\nLe second mod\u00e8le est \u00e9galement disponible ( voir les autres articles )<br \/>\nREFABRICATION<br \/>\nPOUR 3 PORTES ou CABRIOLET<br \/>\nComprenant les bandes lat\u00e9rales compl\u00e8te avec les 2 monogrammes des ailes + le monogramme du coffre\u00a0 noir.<\/p>\n","protected":false},"excerpt":{"rendered":"<p>Kit Sticker complet 205 Roland Garros 1989 &#8211; 1993 1 bande. Kit complet Stickers autocollants Peugeot 205 Roland Garros mod\u00e8le 1 Le second mod\u00e8le est \u00e9galement disponible ( voir les autres articles ) REFABRICATION POUR 3 PORTES ou CABRIOLET Comprenant les bandes lat\u00e9rales compl\u00e8te avec les 2 monogrammes des ailes + le monogramme du coffre\u00a0 [&hellip;]<\/p>\n","protected":false},"featured_media":4331,"comment_status":"open","ping_status":"closed","template":"","meta":{"pgc_sgb_lightbox_settings":""},"product_cat":[22],"product_tag":[],"yoast_head":"<!-- This site is optimized with the Yoast SEO plugin v21.8 - https:\/\/yoast.com\/wordpress\/plugins\/seo\/ -->\n<title>Kit Sticker complet 205 Roland Garros 1 bande - Cookiecars<\/title>\n<meta name=\"description\" content=\"Commandez sur notre site votre Kit Sticker complet 205 Roland Garros 1989 - 1993 1 bande.\" \/>\n<meta name=\"robots\" content=\"index, follow, max-snippet:-1, max-image-preview:large, max-video-preview:-1\" \/>\n<link rel=\"canonical\" href=\"https:\/\/www.cookiecars.fr\/index.php\/produit\/kit-sticker-complet-205-roland-garros-1-bande\/\" \/>\n<meta property=\"og:locale\" content=\"fr_FR\" \/>\n<meta property=\"og:type\" content=\"article\" \/>\n<meta property=\"og:title\" content=\"Kit Sticker complet 205 Roland Garros 1 bande - Cookiecars\" \/>\n<meta property=\"og:description\" content=\"Commandez sur notre site votre Kit Sticker complet 205 Roland Garros 1989 - 1993 1 bande.\" \/>\n<meta property=\"og:url\" content=\"https:\/\/www.cookiecars.fr\/index.php\/produit\/kit-sticker-complet-205-roland-garros-1-bande\/\" \/>\n<meta property=\"og:site_name\" content=\"Cookiecars\" \/>\n<meta property=\"article:modified_time\" content=\"2025-09-15T09:26:57+00:00\" \/>\n<meta property=\"og:image\" content=\"https:\/\/www.cookiecars.fr\/wp-content\/uploads\/2023\/11\/Capture-decran-2023-12-04-174620.png\" \/>\n\t<meta property=\"og:image:width\" content=\"673\" \/>\n\t<meta property=\"og:image:height\" content=\"549\" \/>\n\t<meta property=\"og:image:type\" content=\"image\/png\" \/>\n<meta name=\"twitter:card\" content=\"summary_large_image\" \/>\n<meta name=\"twitter:label1\" content=\"Dur\u00e9e de lecture estim\u00e9e\" \/>\n\t<meta name=\"twitter:data1\" content=\"1 minute\" \/>\n<script type=\"application\/ld+json\" class=\"yoast-schema-graph\">{\"@context\":\"https:\/\/schema.org\",\"@graph\":[{\"@type\":\"WebPage\",\"@id\":\"https:\/\/www.cookiecars.fr\/index.php\/produit\/kit-sticker-complet-205-roland-garros-1-bande\/\",\"url\":\"https:\/\/www.cookiecars.fr\/index.php\/produit\/kit-sticker-complet-205-roland-garros-1-bande\/\",\"name\":\"Kit Sticker complet 205 Roland Garros 1 bande - Cookiecars\",\"isPartOf\":{\"@id\":\"https:\/\/www.cookiecars.fr\/#website\"},\"datePublished\":\"2023-11-29T12:45:23+00:00\",\"dateModified\":\"2025-09-15T09:26:57+00:00\",\"description\":\"Commandez sur notre site votre Kit Sticker complet 205 Roland Garros 1989 - 1993 1 bande.\",\"breadcrumb\":{\"@id\":\"https:\/\/www.cookiecars.fr\/index.php\/produit\/kit-sticker-complet-205-roland-garros-1-bande\/#breadcrumb\"},\"inLanguage\":\"fr-FR\",\"potentialAction\":[{\"@type\":\"ReadAction\",\"target\":[\"https:\/\/www.cookiecars.fr\/index.php\/produit\/kit-sticker-complet-205-roland-garros-1-bande\/\"]}]},{\"@type\":\"BreadcrumbList\",\"@id\":\"https:\/\/www.cookiecars.fr\/index.php\/produit\/kit-sticker-complet-205-roland-garros-1-bande\/#breadcrumb\",\"itemListElement\":[{\"@type\":\"ListItem\",\"position\":1,\"name\":\"Accueil\",\"item\":\"https:\/\/www.cookiecars.fr\/\"},{\"@type\":\"ListItem\",\"position\":2,\"name\":\"Boutique\",\"item\":\"https:\/\/www.cookiecars.fr\/index.php\/boutique\/\"},{\"@type\":\"ListItem\",\"position\":3,\"name\":\"Kit Sticker complet 205 Roland Garros 1 bande\"}]},{\"@type\":\"WebSite\",\"@id\":\"https:\/\/www.cookiecars.fr\/#website\",\"url\":\"https:\/\/www.cookiecars.fr\/\",\"name\":\"Cookiecars\",\"description\":\"Trouvez votre nouveau projet auto!\",\"publisher\":{\"@id\":\"https:\/\/www.cookiecars.fr\/#organization\"},\"alternateName\":\"Cookie cars\",\"potentialAction\":[{\"@type\":\"SearchAction\",\"target\":{\"@type\":\"EntryPoint\",\"urlTemplate\":\"https:\/\/www.cookiecars.fr\/?s={search_term_string}\"},\"query-input\":\"required name=search_term_string\"}],\"inLanguage\":\"fr-FR\"},{\"@type\":\"Organization\",\"@id\":\"https:\/\/www.cookiecars.fr\/#organization\",\"name\":\"Cookiecars\",\"alternateName\":\"Cookie cars\",\"url\":\"https:\/\/www.cookiecars.fr\/\",\"logo\":{\"@type\":\"ImageObject\",\"inLanguage\":\"fr-FR\",\"@id\":\"https:\/\/www.cookiecars.fr\/#\/schema\/logo\/image\/\",\"url\":\"https:\/\/www.cookiecars.fr\/wp-content\/uploads\/2024\/02\/Cookiecars_Logo2024_2-removebg-preview-1.png\",\"contentUrl\":\"https:\/\/www.cookiecars.fr\/wp-content\/uploads\/2024\/02\/Cookiecars_Logo2024_2-removebg-preview-1.png\",\"width\":592,\"height\":421,\"caption\":\"Cookiecars\"},\"image\":{\"@id\":\"https:\/\/www.cookiecars.fr\/#\/schema\/logo\/image\/\"},\"sameAs\":[\"https:\/\/www.instagram.com\/juliencookiecars\/\"]}]}<\/script>\n<!-- \/ Yoast SEO plugin. -->","yoast_head_json":{"title":"Kit Sticker complet 205 Roland Garros 1 bande - Cookiecars","description":"Commandez sur notre site votre Kit Sticker complet 205 Roland Garros 1989 - 1993 1 bande.","robots":{"index":"index","follow":"follow","max-snippet":"max-snippet:-1","max-image-preview":"max-image-preview:large","max-video-preview":"max-video-preview:-1"},"canonical":"https:\/\/www.cookiecars.fr\/index.php\/produit\/kit-sticker-complet-205-roland-garros-1-bande\/","og_locale":"fr_FR","og_type":"article","og_title":"Kit Sticker complet 205 Roland Garros 1 bande - Cookiecars","og_description":"Commandez sur notre site votre Kit Sticker complet 205 Roland Garros 1989 - 1993 1 bande.","og_url":"https:\/\/www.cookiecars.fr\/index.php\/produit\/kit-sticker-complet-205-roland-garros-1-bande\/","og_site_name":"Cookiecars","article_modified_time":"2025-09-15T09:26:57+00:00","og_image":[{"width":673,"height":549,"url":"https:\/\/www.cookiecars.fr\/wp-content\/uploads\/2023\/11\/Capture-decran-2023-12-04-174620.png","type":"image\/png"}],"twitter_card":"summary_large_image","twitter_misc":{"Dur\u00e9e de lecture estim\u00e9e":"1 minute"},"schema":{"@context":"https:\/\/schema.org","@graph":[{"@type":"WebPage","@id":"https:\/\/www.cookiecars.fr\/index.php\/produit\/kit-sticker-complet-205-roland-garros-1-bande\/","url":"https:\/\/www.cookiecars.fr\/index.php\/produit\/kit-sticker-complet-205-roland-garros-1-bande\/","name":"Kit Sticker complet 205 Roland Garros 1 bande - Cookiecars","isPartOf":{"@id":"https:\/\/www.cookiecars.fr\/#website"},"datePublished":"2023-11-29T12:45:23+00:00","dateModified":"2025-09-15T09:26:57+00:00","description":"Commandez sur notre site votre Kit Sticker complet 205 Roland Garros 1989 - 1993 1 bande.","breadcrumb":{"@id":"https:\/\/www.cookiecars.fr\/index.php\/produit\/kit-sticker-complet-205-roland-garros-1-bande\/#breadcrumb"},"inLanguage":"fr-FR","potentialAction":[{"@type":"ReadAction","target":["https:\/\/www.cookiecars.fr\/index.php\/produit\/kit-sticker-complet-205-roland-garros-1-bande\/"]}]},{"@type":"BreadcrumbList","@id":"https:\/\/www.cookiecars.fr\/index.php\/produit\/kit-sticker-complet-205-roland-garros-1-bande\/#breadcrumb","itemListElement":[{"@type":"ListItem","position":1,"name":"Accueil","item":"https:\/\/www.cookiecars.fr\/"},{"@type":"ListItem","position":2,"name":"Boutique","item":"https:\/\/www.cookiecars.fr\/index.php\/boutique\/"},{"@type":"ListItem","position":3,"name":"Kit Sticker complet 205 Roland Garros 1 bande"}]},{"@type":"WebSite","@id":"https:\/\/www.cookiecars.fr\/#website","url":"https:\/\/www.cookiecars.fr\/","name":"Cookiecars","description":"Trouvez votre nouveau projet auto!","publisher":{"@id":"https:\/\/www.cookiecars.fr\/#organization"},"alternateName":"Cookie cars","potentialAction":[{"@type":"SearchAction","target":{"@type":"EntryPoint","urlTemplate":"https:\/\/www.cookiecars.fr\/?s={search_term_string}"},"query-input":"required name=search_term_string"}],"inLanguage":"fr-FR"},{"@type":"Organization","@id":"https:\/\/www.cookiecars.fr\/#organization","name":"Cookiecars","alternateName":"Cookie cars","url":"https:\/\/www.cookiecars.fr\/","logo":{"@type":"ImageObject","inLanguage":"fr-FR","@id":"https:\/\/www.cookiecars.fr\/#\/schema\/logo\/image\/","url":"https:\/\/www.cookiecars.fr\/wp-content\/uploads\/2024\/02\/Cookiecars_Logo2024_2-removebg-preview-1.png","contentUrl":"https:\/\/www.cookiecars.fr\/wp-content\/uploads\/2024\/02\/Cookiecars_Logo2024_2-removebg-preview-1.png","width":592,"height":421,"caption":"Cookiecars"},"image":{"@id":"https:\/\/www.cookiecars.fr\/#\/schema\/logo\/image\/"},"sameAs":["https:\/\/www.instagram.com\/juliencookiecars\/"]}]}},"jetpack_sharing_enabled":true,"_links":{"self":[{"href":"https:\/\/www.cookiecars.fr\/index.php\/wp-json\/wp\/v2\/product\/4322"}],"collection":[{"href":"https:\/\/www.cookiecars.fr\/index.php\/wp-json\/wp\/v2\/product"}],"about":[{"href":"https:\/\/www.cookiecars.fr\/index.php\/wp-json\/wp\/v2\/types\/product"}],"replies":[{"embeddable":true,"href":"https:\/\/www.cookiecars.fr\/index.php\/wp-json\/wp\/v2\/comments?post=4322"}],"wp:featuredmedia":[{"embeddable":true,"href":"https:\/\/www.cookiecars.fr\/index.php\/wp-json\/wp\/v2\/media\/4331"}],"wp:attachment":[{"href":"https:\/\/www.cookiecars.fr\/index.php\/wp-json\/wp\/v2\/media?parent=4322"}],"wp:term":[{"taxonomy":"product_cat","embeddable":true,"href":"https:\/\/www.cookiecars.fr\/index.php\/wp-json\/wp\/v2\/product_cat?post=4322"},{"taxonomy":"product_tag","embeddable":true,"href":"https:\/\/www.cookiecars.fr\/index.php\/wp-json\/wp\/v2\/product_tag?post=4322"}],"curies":[{"name":"wp","href":"https:\/\/api.w.org\/{rel}","templated":true}]}}