{"id":5830,"date":"2024-09-02T16:02:21","date_gmt":"2024-09-02T14:02:21","guid":{"rendered":"https:\/\/www.cookiecars.fr\/?page_id=5830"},"modified":"2024-09-02T16:10:29","modified_gmt":"2024-09-02T14:10:29","slug":"peugeot-205-gti-1-9-noir-onyx-2","status":"publish","type":"page","link":"https:\/\/www.cookiecars.fr\/index.php\/peugeot-205-gti-1-9-noir-onyx-2\/","title":{"rendered":"Peugeot 205 GTI 1.9 Noir Onyx"},"content":{"rendered":"\n<p><strong>Peugeot 205 GTI 1.9 export AM90.<br>Noir onyx sans toit panoramique.<br>217000km<\/strong><\/p>\n\n\n<div class=\"pgc-sgb-cb wp-block-pgcsimplygalleryblock-slider \" data-gallery-id=\"d6206764\" style=\"min-height:400px\"><div class=\"sgb-preloader\" id=\"pr_d6206764\">\n\t<div class=\"sgb-square\" style=\"background:#d4d4d4\"><\/div>\n\t<div class=\"sgb-square\" style=\"background:#d4d4d4\"><\/div>\n\t<div class=\"sgb-square\" style=\"background:#d4d4d4\"><\/div>\n\t<div class=\"sgb-square\" style=\"background:#d4d4d4\"><\/div><\/div><div class=\"simply-gallery-amp pgc_sgb_slider \" style=\"display: none;\"><div class=\"sgb-gallery\"><div class=\"sgb-item\"><a href=\"https:\/\/www.cookiecars.fr\/?attachment_id=5834\" target=\"_blank\"><img decoding=\"async\" alt=\"\" width=\"300\" height=\"202\" loading=\"lazy\" src=\"https:\/\/www.cookiecars.fr\/wp-content\/uploads\/2024\/09\/WhatsApp-Image-2024-09-02-at-15.48.20-300x202.jpeg\" srcset=\"https:\/\/www.cookiecars.fr\/wp-content\/uploads\/2024\/09\/WhatsApp-Image-2024-09-02-at-15.48.20-300x202.jpeg 300w,https:\/\/www.cookiecars.fr\/wp-content\/uploads\/2024\/09\/WhatsApp-Image-2024-09-02-at-15.48.20-1024x689.jpeg 1024w,https:\/\/www.cookiecars.fr\/wp-content\/uploads\/2024\/09\/WhatsApp-Image-2024-09-02-at-15.48.20.jpeg 1600w\" sizes=\"250px\"\/><\/a><\/div><div class=\"sgb-item\"><a href=\"https:\/\/www.cookiecars.fr\/?attachment_id=5831\" target=\"_blank\"><img decoding=\"async\" alt=\"\" width=\"300\" height=\"225\" loading=\"lazy\" src=\"https:\/\/www.cookiecars.fr\/wp-content\/uploads\/2024\/09\/WhatsApp-Image-2024-09-02-at-15.48.20-3-300x225.jpeg\" srcset=\"https:\/\/www.cookiecars.fr\/wp-content\/uploads\/2024\/09\/WhatsApp-Image-2024-09-02-at-15.48.20-3-300x225.jpeg 300w,https:\/\/www.cookiecars.fr\/wp-content\/uploads\/2024\/09\/WhatsApp-Image-2024-09-02-at-15.48.20-3-1024x768.jpeg 1024w,https:\/\/www.cookiecars.fr\/wp-content\/uploads\/2024\/09\/WhatsApp-Image-2024-09-02-at-15.48.20-3.jpeg 1600w\" sizes=\"250px\"\/><\/a><\/div><div class=\"sgb-item\"><a href=\"https:\/\/www.cookiecars.fr\/?attachment_id=5832\" target=\"_blank\"><img decoding=\"async\" alt=\"\" width=\"300\" height=\"225\" loading=\"lazy\" src=\"https:\/\/www.cookiecars.fr\/wp-content\/uploads\/2024\/09\/WhatsApp-Image-2024-09-02-at-15.48.20-2-300x225.jpeg\" srcset=\"https:\/\/www.cookiecars.fr\/wp-content\/uploads\/2024\/09\/WhatsApp-Image-2024-09-02-at-15.48.20-2-300x225.jpeg 300w,https:\/\/www.cookiecars.fr\/wp-content\/uploads\/2024\/09\/WhatsApp-Image-2024-09-02-at-15.48.20-2-1024x768.jpeg 1024w,https:\/\/www.cookiecars.fr\/wp-content\/uploads\/2024\/09\/WhatsApp-Image-2024-09-02-at-15.48.20-2.jpeg 1600w\" sizes=\"250px\"\/><\/a><\/div><div class=\"sgb-item\"><a href=\"https:\/\/www.cookiecars.fr\/?attachment_id=5833\" target=\"_blank\"><img decoding=\"async\" alt=\"\" width=\"300\" height=\"225\" loading=\"lazy\" src=\"https:\/\/www.cookiecars.fr\/wp-content\/uploads\/2024\/09\/WhatsApp-Image-2024-09-02-at-15.48.20-1-300x225.jpeg\" srcset=\"https:\/\/www.cookiecars.fr\/wp-content\/uploads\/2024\/09\/WhatsApp-Image-2024-09-02-at-15.48.20-1-300x225.jpeg 300w,https:\/\/www.cookiecars.fr\/wp-content\/uploads\/2024\/09\/WhatsApp-Image-2024-09-02-at-15.48.20-1-1024x768.jpeg 1024w,https:\/\/www.cookiecars.fr\/wp-content\/uploads\/2024\/09\/WhatsApp-Image-2024-09-02-at-15.48.20-1.jpeg 1600w\" sizes=\"250px\"\/><\/a><\/div><\/div><\/div><script type=\"application\/json\" class=\"sgb-data\">{\"sliderAdminWidth\":840,\"collectionColumns\":1,\"galleryType\":\"pgc_sgb_slider\",\"galleryId\":\"d6206764\",\"images\":[{\"id\":5834,\"title\":\"WhatsApp Image 2024-09-02 at 15.48.20\",\"url\":\"https:\/\/www.cookiecars.fr\/wp-content\/uploads\/2024\/09\/WhatsApp-Image-2024-09-02-at-15.48.20.jpeg\",\"link\":\"https:\/\/www.cookiecars.fr\/?attachment_id=5834\",\"alt\":\"\",\"description\":\"\",\"caption\":\"\",\"mime\":\"image\/jpeg\",\"type\":\"image\",\"width\":1600,\"height\":1077,\"sizes\":{\"thumbnail\":{\"height\":150,\"width\":150,\"url\":\"https:\/\/www.cookiecars.fr\/wp-content\/uploads\/2024\/09\/WhatsApp-Image-2024-09-02-at-15.48.20-150x150.jpeg\",\"orientation\":\"landscape\"},\"medium\":{\"height\":202,\"width\":300,\"url\":\"https:\/\/www.cookiecars.fr\/wp-content\/uploads\/2024\/09\/WhatsApp-Image-2024-09-02-at-15.48.20-300x202.jpeg\",\"orientation\":\"landscape\"},\"large\":{\"height\":689,\"width\":1024,\"url\":\"https:\/\/www.cookiecars.fr\/wp-content\/uploads\/2024\/09\/WhatsApp-Image-2024-09-02-at-15.48.20-1024x689.jpeg\",\"orientation\":\"landscape\"},\"full\":{\"url\":\"https:\/\/www.cookiecars.fr\/wp-content\/uploads\/2024\/09\/WhatsApp-Image-2024-09-02-at-15.48.20.jpeg\",\"height\":1077,\"width\":1600,\"orientation\":\"landscape\"}},\"imageMeta\":{\"aperture\":\"0\",\"credit\":\"\",\"camera\":\"\",\"caption\":\"\",\"created_timestamp\":\"0\",\"copyright\":\"\",\"focal_length\":\"0\",\"iso\":\"0\",\"shutter_speed\":\"0\",\"title\":\"\",\"orientation\":\"0\",\"keywords\":[]},\"meta\":false,\"postlink\":\"https:\/\/www.cookiecars.fr\/?attachment_id=5834\"},{\"id\":5831,\"title\":\"WhatsApp Image 2024-09-02 at 15.48.20 (3)\",\"url\":\"https:\/\/www.cookiecars.fr\/wp-content\/uploads\/2024\/09\/WhatsApp-Image-2024-09-02-at-15.48.20-3.jpeg\",\"link\":\"https:\/\/www.cookiecars.fr\/?attachment_id=5831\",\"alt\":\"\",\"description\":\"\",\"caption\":\"\",\"mime\":\"image\/jpeg\",\"type\":\"image\",\"width\":1600,\"height\":1200,\"sizes\":{\"thumbnail\":{\"height\":150,\"width\":150,\"url\":\"https:\/\/www.cookiecars.fr\/wp-content\/uploads\/2024\/09\/WhatsApp-Image-2024-09-02-at-15.48.20-3-150x150.jpeg\",\"orientation\":\"landscape\"},\"medium\":{\"height\":225,\"width\":300,\"url\":\"https:\/\/www.cookiecars.fr\/wp-content\/uploads\/2024\/09\/WhatsApp-Image-2024-09-02-at-15.48.20-3-300x225.jpeg\",\"orientation\":\"landscape\"},\"large\":{\"height\":768,\"width\":1024,\"url\":\"https:\/\/www.cookiecars.fr\/wp-content\/uploads\/2024\/09\/WhatsApp-Image-2024-09-02-at-15.48.20-3-1024x768.jpeg\",\"orientation\":\"landscape\"},\"full\":{\"url\":\"https:\/\/www.cookiecars.fr\/wp-content\/uploads\/2024\/09\/WhatsApp-Image-2024-09-02-at-15.48.20-3.jpeg\",\"height\":1200,\"width\":1600,\"orientation\":\"landscape\"}},\"imageMeta\":{\"aperture\":\"0\",\"credit\":\"\",\"camera\":\"\",\"caption\":\"\",\"created_timestamp\":\"0\",\"copyright\":\"\",\"focal_length\":\"0\",\"iso\":\"0\",\"shutter_speed\":\"0\",\"title\":\"\",\"orientation\":\"0\",\"keywords\":[]},\"meta\":false,\"postlink\":\"https:\/\/www.cookiecars.fr\/?attachment_id=5831\"},{\"id\":5832,\"title\":\"WhatsApp Image 2024-09-02 at 15.48.20 (2)\",\"url\":\"https:\/\/www.cookiecars.fr\/wp-content\/uploads\/2024\/09\/WhatsApp-Image-2024-09-02-at-15.48.20-2.jpeg\",\"link\":\"https:\/\/www.cookiecars.fr\/?attachment_id=5832\",\"alt\":\"\",\"description\":\"\",\"caption\":\"\",\"mime\":\"image\/jpeg\",\"type\":\"image\",\"width\":1600,\"height\":1200,\"sizes\":{\"thumbnail\":{\"height\":150,\"width\":150,\"url\":\"https:\/\/www.cookiecars.fr\/wp-content\/uploads\/2024\/09\/WhatsApp-Image-2024-09-02-at-15.48.20-2-150x150.jpeg\",\"orientation\":\"landscape\"},\"medium\":{\"height\":225,\"width\":300,\"url\":\"https:\/\/www.cookiecars.fr\/wp-content\/uploads\/2024\/09\/WhatsApp-Image-2024-09-02-at-15.48.20-2-300x225.jpeg\",\"orientation\":\"landscape\"},\"large\":{\"height\":768,\"width\":1024,\"url\":\"https:\/\/www.cookiecars.fr\/wp-content\/uploads\/2024\/09\/WhatsApp-Image-2024-09-02-at-15.48.20-2-1024x768.jpeg\",\"orientation\":\"landscape\"},\"full\":{\"url\":\"https:\/\/www.cookiecars.fr\/wp-content\/uploads\/2024\/09\/WhatsApp-Image-2024-09-02-at-15.48.20-2.jpeg\",\"height\":1200,\"width\":1600,\"orientation\":\"landscape\"}},\"imageMeta\":{\"aperture\":\"0\",\"credit\":\"\",\"camera\":\"\",\"caption\":\"\",\"created_timestamp\":\"0\",\"copyright\":\"\",\"focal_length\":\"0\",\"iso\":\"0\",\"shutter_speed\":\"0\",\"title\":\"\",\"orientation\":\"0\",\"keywords\":[]},\"meta\":false,\"postlink\":\"https:\/\/www.cookiecars.fr\/?attachment_id=5832\"},{\"id\":5833,\"title\":\"WhatsApp Image 2024-09-02 at 15.48.20 (1)\",\"url\":\"https:\/\/www.cookiecars.fr\/wp-content\/uploads\/2024\/09\/WhatsApp-Image-2024-09-02-at-15.48.20-1.jpeg\",\"link\":\"https:\/\/www.cookiecars.fr\/?attachment_id=5833\",\"alt\":\"\",\"description\":\"\",\"caption\":\"\",\"mime\":\"image\/jpeg\",\"type\":\"image\",\"width\":1600,\"height\":1200,\"sizes\":{\"thumbnail\":{\"height\":150,\"width\":150,\"url\":\"https:\/\/www.cookiecars.fr\/wp-content\/uploads\/2024\/09\/WhatsApp-Image-2024-09-02-at-15.48.20-1-150x150.jpeg\",\"orientation\":\"landscape\"},\"medium\":{\"height\":225,\"width\":300,\"url\":\"https:\/\/www.cookiecars.fr\/wp-content\/uploads\/2024\/09\/WhatsApp-Image-2024-09-02-at-15.48.20-1-300x225.jpeg\",\"orientation\":\"landscape\"},\"large\":{\"height\":768,\"width\":1024,\"url\":\"https:\/\/www.cookiecars.fr\/wp-content\/uploads\/2024\/09\/WhatsApp-Image-2024-09-02-at-15.48.20-1-1024x768.jpeg\",\"orientation\":\"landscape\"},\"full\":{\"url\":\"https:\/\/www.cookiecars.fr\/wp-content\/uploads\/2024\/09\/WhatsApp-Image-2024-09-02-at-15.48.20-1.jpeg\",\"height\":1200,\"width\":1600,\"orientation\":\"landscape\"}},\"imageMeta\":{\"aperture\":\"0\",\"credit\":\"\",\"camera\":\"\",\"caption\":\"\",\"created_timestamp\":\"0\",\"copyright\":\"\",\"focal_length\":\"0\",\"iso\":\"0\",\"shutter_speed\":\"0\",\"title\":\"\",\"orientation\":\"0\",\"keywords\":[]},\"meta\":false,\"postlink\":\"https:\/\/www.cookiecars.fr\/?attachment_id=5833\"}],\"itemsMetaDataCollection\":[]}<\/script><script>(function(){if(window.PGC_SGB && window.PGC_SGB.searcher){window.PGC_SGB.searcher.initBlocks()}})()<\/script><\/div>\n\n\n<p><strong>Int\u00e9rieur et ext\u00e9rieur en bon \u00e9tat, dessous de caisse propre.<br>Peinture du toit fan\u00e9e.<br>M\u00e9canique \u00e9galement en bon \u00e9tat. R\u00e9vision faite. Freinage fait. Pneus en \u00e9tat.<br>Roule et part toutes distances (mais livraison possible partout en Europe)<\/strong>. <strong>Nous nous occupons des d\u00e9marches d&rsquo;immatriculation de A \u00e0 Z.<\/strong><\/p>\n","protected":false},"excerpt":{"rendered":"<p>Peugeot 205 GTI 1.9 export AM90.Noir onyx sans toit panoramique.217000km Int\u00e9rieur et ext\u00e9rieur en bon \u00e9tat, dessous de caisse propre.Peinture du toit fan\u00e9e.M\u00e9canique \u00e9galement en bon \u00e9tat. R\u00e9vision faite. Freinage fait. Pneus en \u00e9tat.Roule et part toutes distances (mais livraison possible partout en Europe). Nous nous occupons des d\u00e9marches d&rsquo;immatriculation de A \u00e0 Z.<\/p>\n","protected":false},"author":1,"featured_media":0,"parent":0,"menu_order":0,"comment_status":"closed","ping_status":"closed","template":"","meta":{"pgc_sgb_lightbox_settings":"","footnotes":""},"yoast_head":"<!-- This site is optimized with the Yoast SEO plugin v21.8 - https:\/\/yoast.com\/wordpress\/plugins\/seo\/ -->\n<title>Peugeot 205 GTI 1.9 Noir Onyx - Cookiecars<\/title>\n<meta name=\"description\" content=\"Peugeot 205 GTI 1.9 export AM90, noir onyx sans toit panoramique. 217.000km. Int\u00e9rieur, ext\u00e9rieur et m\u00e9canique en bon \u00e9tat.\" \/>\n<meta name=\"robots\" content=\"index, follow, max-snippet:-1, max-image-preview:large, max-video-preview:-1\" \/>\n<link rel=\"canonical\" href=\"https:\/\/www.cookiecars.fr\/index.php\/peugeot-205-gti-1-9-noir-onyx-2\/\" \/>\n<meta property=\"og:locale\" content=\"fr_FR\" \/>\n<meta property=\"og:type\" content=\"article\" \/>\n<meta property=\"og:title\" content=\"Peugeot 205 GTI 1.9 Noir Onyx - Cookiecars\" \/>\n<meta property=\"og:description\" content=\"Peugeot 205 GTI 1.9 export AM90, noir onyx sans toit panoramique. 217.000km. Int\u00e9rieur, ext\u00e9rieur et m\u00e9canique en bon \u00e9tat.\" \/>\n<meta property=\"og:url\" content=\"https:\/\/www.cookiecars.fr\/index.php\/peugeot-205-gti-1-9-noir-onyx-2\/\" \/>\n<meta property=\"og:site_name\" content=\"Cookiecars\" \/>\n<meta property=\"article:modified_time\" content=\"2024-09-02T14:10:29+00:00\" \/>\n<meta property=\"og:image\" content=\"https:\/\/www.cookiecars.fr\/wp-content\/uploads\/2024\/09\/WhatsApp-Image-2024-09-02-at-15.48.20-1024x689.jpeg\" \/>\n<meta name=\"twitter:card\" content=\"summary_large_image\" \/>\n<meta name=\"twitter:label1\" content=\"Dur\u00e9e de lecture estim\u00e9e\" \/>\n\t<meta name=\"twitter:data1\" content=\"2 minutes\" \/>\n<script type=\"application\/ld+json\" class=\"yoast-schema-graph\">{\"@context\":\"https:\/\/schema.org\",\"@graph\":[{\"@type\":\"WebPage\",\"@id\":\"https:\/\/www.cookiecars.fr\/index.php\/peugeot-205-gti-1-9-noir-onyx-2\/\",\"url\":\"https:\/\/www.cookiecars.fr\/index.php\/peugeot-205-gti-1-9-noir-onyx-2\/\",\"name\":\"Peugeot 205 GTI 1.9 Noir Onyx - Cookiecars\",\"isPartOf\":{\"@id\":\"https:\/\/www.cookiecars.fr\/#website\"},\"datePublished\":\"2024-09-02T14:02:21+00:00\",\"dateModified\":\"2024-09-02T14:10:29+00:00\",\"description\":\"Peugeot 205 GTI 1.9 export AM90, noir onyx sans toit panoramique. 217.000km. Int\u00e9rieur, ext\u00e9rieur et m\u00e9canique en bon \u00e9tat.\",\"breadcrumb\":{\"@id\":\"https:\/\/www.cookiecars.fr\/index.php\/peugeot-205-gti-1-9-noir-onyx-2\/#breadcrumb\"},\"inLanguage\":\"fr-FR\",\"potentialAction\":[{\"@type\":\"ReadAction\",\"target\":[\"https:\/\/www.cookiecars.fr\/index.php\/peugeot-205-gti-1-9-noir-onyx-2\/\"]}]},{\"@type\":\"BreadcrumbList\",\"@id\":\"https:\/\/www.cookiecars.fr\/index.php\/peugeot-205-gti-1-9-noir-onyx-2\/#breadcrumb\",\"itemListElement\":[{\"@type\":\"ListItem\",\"position\":1,\"name\":\"Accueil\",\"item\":\"https:\/\/www.cookiecars.fr\/\"},{\"@type\":\"ListItem\",\"position\":2,\"name\":\"Peugeot 205 GTI 1.9 Noir Onyx\"}]},{\"@type\":\"WebSite\",\"@id\":\"https:\/\/www.cookiecars.fr\/#website\",\"url\":\"https:\/\/www.cookiecars.fr\/\",\"name\":\"Cookiecars\",\"description\":\"Trouvez votre nouveau projet auto!\",\"publisher\":{\"@id\":\"https:\/\/www.cookiecars.fr\/#organization\"},\"alternateName\":\"Cookie cars\",\"potentialAction\":[{\"@type\":\"SearchAction\",\"target\":{\"@type\":\"EntryPoint\",\"urlTemplate\":\"https:\/\/www.cookiecars.fr\/?s={search_term_string}\"},\"query-input\":\"required name=search_term_string\"}],\"inLanguage\":\"fr-FR\"},{\"@type\":\"Organization\",\"@id\":\"https:\/\/www.cookiecars.fr\/#organization\",\"name\":\"Cookiecars\",\"alternateName\":\"Cookie cars\",\"url\":\"https:\/\/www.cookiecars.fr\/\",\"logo\":{\"@type\":\"ImageObject\",\"inLanguage\":\"fr-FR\",\"@id\":\"https:\/\/www.cookiecars.fr\/#\/schema\/logo\/image\/\",\"url\":\"https:\/\/www.cookiecars.fr\/wp-content\/uploads\/2024\/02\/Cookiecars_Logo2024_2-removebg-preview-1.png\",\"contentUrl\":\"https:\/\/www.cookiecars.fr\/wp-content\/uploads\/2024\/02\/Cookiecars_Logo2024_2-removebg-preview-1.png\",\"width\":592,\"height\":421,\"caption\":\"Cookiecars\"},\"image\":{\"@id\":\"https:\/\/www.cookiecars.fr\/#\/schema\/logo\/image\/\"},\"sameAs\":[\"https:\/\/www.instagram.com\/juliencookiecars\/\"]}]}<\/script>\n<!-- \/ Yoast SEO plugin. -->","yoast_head_json":{"title":"Peugeot 205 GTI 1.9 Noir Onyx - Cookiecars","description":"Peugeot 205 GTI 1.9 export AM90, noir onyx sans toit panoramique. 217.000km. Int\u00e9rieur, ext\u00e9rieur et m\u00e9canique en bon \u00e9tat.","robots":{"index":"index","follow":"follow","max-snippet":"max-snippet:-1","max-image-preview":"max-image-preview:large","max-video-preview":"max-video-preview:-1"},"canonical":"https:\/\/www.cookiecars.fr\/index.php\/peugeot-205-gti-1-9-noir-onyx-2\/","og_locale":"fr_FR","og_type":"article","og_title":"Peugeot 205 GTI 1.9 Noir Onyx - Cookiecars","og_description":"Peugeot 205 GTI 1.9 export AM90, noir onyx sans toit panoramique. 217.000km. Int\u00e9rieur, ext\u00e9rieur et m\u00e9canique en bon \u00e9tat.","og_url":"https:\/\/www.cookiecars.fr\/index.php\/peugeot-205-gti-1-9-noir-onyx-2\/","og_site_name":"Cookiecars","article_modified_time":"2024-09-02T14:10:29+00:00","og_image":[{"url":"https:\/\/www.cookiecars.fr\/wp-content\/uploads\/2024\/09\/WhatsApp-Image-2024-09-02-at-15.48.20-1024x689.jpeg"}],"twitter_card":"summary_large_image","twitter_misc":{"Dur\u00e9e de lecture estim\u00e9e":"2 minutes"},"schema":{"@context":"https:\/\/schema.org","@graph":[{"@type":"WebPage","@id":"https:\/\/www.cookiecars.fr\/index.php\/peugeot-205-gti-1-9-noir-onyx-2\/","url":"https:\/\/www.cookiecars.fr\/index.php\/peugeot-205-gti-1-9-noir-onyx-2\/","name":"Peugeot 205 GTI 1.9 Noir Onyx - Cookiecars","isPartOf":{"@id":"https:\/\/www.cookiecars.fr\/#website"},"datePublished":"2024-09-02T14:02:21+00:00","dateModified":"2024-09-02T14:10:29+00:00","description":"Peugeot 205 GTI 1.9 export AM90, noir onyx sans toit panoramique. 217.000km. Int\u00e9rieur, ext\u00e9rieur et m\u00e9canique en bon \u00e9tat.","breadcrumb":{"@id":"https:\/\/www.cookiecars.fr\/index.php\/peugeot-205-gti-1-9-noir-onyx-2\/#breadcrumb"},"inLanguage":"fr-FR","potentialAction":[{"@type":"ReadAction","target":["https:\/\/www.cookiecars.fr\/index.php\/peugeot-205-gti-1-9-noir-onyx-2\/"]}]},{"@type":"BreadcrumbList","@id":"https:\/\/www.cookiecars.fr\/index.php\/peugeot-205-gti-1-9-noir-onyx-2\/#breadcrumb","itemListElement":[{"@type":"ListItem","position":1,"name":"Accueil","item":"https:\/\/www.cookiecars.fr\/"},{"@type":"ListItem","position":2,"name":"Peugeot 205 GTI 1.9 Noir Onyx"}]},{"@type":"WebSite","@id":"https:\/\/www.cookiecars.fr\/#website","url":"https:\/\/www.cookiecars.fr\/","name":"Cookiecars","description":"Trouvez votre nouveau projet auto!","publisher":{"@id":"https:\/\/www.cookiecars.fr\/#organization"},"alternateName":"Cookie cars","potentialAction":[{"@type":"SearchAction","target":{"@type":"EntryPoint","urlTemplate":"https:\/\/www.cookiecars.fr\/?s={search_term_string}"},"query-input":"required name=search_term_string"}],"inLanguage":"fr-FR"},{"@type":"Organization","@id":"https:\/\/www.cookiecars.fr\/#organization","name":"Cookiecars","alternateName":"Cookie cars","url":"https:\/\/www.cookiecars.fr\/","logo":{"@type":"ImageObject","inLanguage":"fr-FR","@id":"https:\/\/www.cookiecars.fr\/#\/schema\/logo\/image\/","url":"https:\/\/www.cookiecars.fr\/wp-content\/uploads\/2024\/02\/Cookiecars_Logo2024_2-removebg-preview-1.png","contentUrl":"https:\/\/www.cookiecars.fr\/wp-content\/uploads\/2024\/02\/Cookiecars_Logo2024_2-removebg-preview-1.png","width":592,"height":421,"caption":"Cookiecars"},"image":{"@id":"https:\/\/www.cookiecars.fr\/#\/schema\/logo\/image\/"},"sameAs":["https:\/\/www.instagram.com\/juliencookiecars\/"]}]}},"jetpack_sharing_enabled":true,"_links":{"self":[{"href":"https:\/\/www.cookiecars.fr\/index.php\/wp-json\/wp\/v2\/pages\/5830"}],"collection":[{"href":"https:\/\/www.cookiecars.fr\/index.php\/wp-json\/wp\/v2\/pages"}],"about":[{"href":"https:\/\/www.cookiecars.fr\/index.php\/wp-json\/wp\/v2\/types\/page"}],"author":[{"embeddable":true,"href":"https:\/\/www.cookiecars.fr\/index.php\/wp-json\/wp\/v2\/users\/1"}],"replies":[{"embeddable":true,"href":"https:\/\/www.cookiecars.fr\/index.php\/wp-json\/wp\/v2\/comments?post=5830"}],"version-history":[{"count":1,"href":"https:\/\/www.cookiecars.fr\/index.php\/wp-json\/wp\/v2\/pages\/5830\/revisions"}],"predecessor-version":[{"id":5837,"href":"https:\/\/www.cookiecars.fr\/index.php\/wp-json\/wp\/v2\/pages\/5830\/revisions\/5837"}],"wp:attachment":[{"href":"https:\/\/www.cookiecars.fr\/index.php\/wp-json\/wp\/v2\/media?parent=5830"}],"curies":[{"name":"wp","href":"https:\/\/api.w.org\/{rel}","templated":true}]}}