{"id":2546,"date":"2023-02-26T17:52:19","date_gmt":"2023-02-26T16:52:19","guid":{"rendered":"https:\/\/www.cookiecars.fr\/?page_id=2546"},"modified":"2023-02-26T23:06:59","modified_gmt":"2023-02-26T22:06:59","slug":"peugeot-206-gt-s16","status":"publish","type":"page","link":"https:\/\/www.cookiecars.fr\/index.php\/peugeot-206-gt-s16\/","title":{"rendered":"Peugeot\u00a0206 GT S16"},"content":{"rendered":"\n<p style=\"font-size:16px\"><strong>Numerot\u00e9e 3009 (d&rsquo;une edition de seulement 4000), moteur 2.0L S16, jantes OZ 17\u00a8. Voiture en tr\u00e8s bon \u00e9tat interieur et exterieur.<\/strong> <strong>Plus de details \u00e0 venir.<\/strong><\/p>\n\n\n<div class=\"pgc-sgb-cb wp-block-pgcsimplygalleryblock-slider \" data-gallery-id=\"83918886\" style=\"min-height:400px\"><div class=\"sgb-preloader\" id=\"pr_83918886\">\n\t<div class=\"sgb-square\" style=\"background:#d4d4d4\"><\/div>\n\t<div class=\"sgb-square\" style=\"background:#d4d4d4\"><\/div>\n\t<div class=\"sgb-square\" style=\"background:#d4d4d4\"><\/div>\n\t<div class=\"sgb-square\" style=\"background:#d4d4d4\"><\/div><\/div><div class=\"simply-gallery-amp pgc_sgb_slider \" style=\"display: none;\"><div class=\"sgb-gallery\"><div class=\"sgb-item\"><a href=\"https:\/\/www.cookiecars.fr\/?attachment_id=2723\" target=\"_blank\"><img decoding=\"async\" alt=\"\" width=\"300\" height=\"224\" loading=\"lazy\" src=\"https:\/\/www.cookiecars.fr\/wp-content\/uploads\/2023\/02\/Capture1-300x224.jpg\" srcset=\"https:\/\/www.cookiecars.fr\/wp-content\/uploads\/2023\/02\/Capture1-300x224.jpg 300w,https:\/\/www.cookiecars.fr\/wp-content\/uploads\/2023\/02\/Capture1.jpg 907w\" sizes=\"250px\"\/><\/a><\/div><div class=\"sgb-item\"><a href=\"https:\/\/www.cookiecars.fr\/?attachment_id=2724\" target=\"_blank\"><img decoding=\"async\" alt=\"\" width=\"300\" height=\"223\" loading=\"lazy\" src=\"https:\/\/www.cookiecars.fr\/wp-content\/uploads\/2023\/02\/Capture2-300x223.jpg\" srcset=\"https:\/\/www.cookiecars.fr\/wp-content\/uploads\/2023\/02\/Capture2-300x223.jpg 300w,https:\/\/www.cookiecars.fr\/wp-content\/uploads\/2023\/02\/Capture2.jpg 905w\" sizes=\"250px\"\/><\/a><\/div><div class=\"sgb-item\"><a href=\"https:\/\/www.cookiecars.fr\/?attachment_id=2725\" target=\"_blank\"><img decoding=\"async\" alt=\"\" width=\"300\" height=\"222\" loading=\"lazy\" src=\"https:\/\/www.cookiecars.fr\/wp-content\/uploads\/2023\/02\/Capture3-300x222.jpg\" srcset=\"https:\/\/www.cookiecars.fr\/wp-content\/uploads\/2023\/02\/Capture3-300x222.jpg 300w,https:\/\/www.cookiecars.fr\/wp-content\/uploads\/2023\/02\/Capture3.jpg 909w\" sizes=\"250px\"\/><\/a><\/div><div class=\"sgb-item\"><a href=\"https:\/\/www.cookiecars.fr\/?attachment_id=2722\" target=\"_blank\"><img decoding=\"async\" alt=\"\" width=\"300\" height=\"214\" loading=\"lazy\" src=\"https:\/\/www.cookiecars.fr\/wp-content\/uploads\/2023\/02\/Capture7-300x214.jpg\" srcset=\"https:\/\/www.cookiecars.fr\/wp-content\/uploads\/2023\/02\/Capture7-300x214.jpg 300w,https:\/\/www.cookiecars.fr\/wp-content\/uploads\/2023\/02\/Capture7.jpg 869w\" sizes=\"250px\"\/><\/a><\/div><div class=\"sgb-item\"><a href=\"https:\/\/www.cookiecars.fr\/?attachment_id=2728\" target=\"_blank\"><img decoding=\"async\" alt=\"\" width=\"300\" height=\"212\" loading=\"lazy\" src=\"https:\/\/www.cookiecars.fr\/wp-content\/uploads\/2023\/02\/Capture6-300x212.jpg\" srcset=\"https:\/\/www.cookiecars.fr\/wp-content\/uploads\/2023\/02\/Capture6-300x212.jpg 300w,https:\/\/www.cookiecars.fr\/wp-content\/uploads\/2023\/02\/Capture6.jpg 907w\" sizes=\"250px\"\/><\/a><\/div><div class=\"sgb-item\"><a href=\"https:\/\/www.cookiecars.fr\/?attachment_id=2726\" target=\"_blank\"><img decoding=\"async\" alt=\"\" width=\"277\" height=\"300\" loading=\"lazy\" src=\"https:\/\/www.cookiecars.fr\/wp-content\/uploads\/2023\/02\/Capture4-277x300.jpg\" srcset=\"https:\/\/www.cookiecars.fr\/wp-content\/uploads\/2023\/02\/Capture4-277x300.jpg 277w,https:\/\/www.cookiecars.fr\/wp-content\/uploads\/2023\/02\/Capture4.jpg 512w\" sizes=\"250px\"\/><\/a><\/div><div class=\"sgb-item\"><a href=\"https:\/\/www.cookiecars.fr\/?attachment_id=2727\" target=\"_blank\"><img decoding=\"async\" alt=\"\" width=\"300\" height=\"213\" loading=\"lazy\" src=\"https:\/\/www.cookiecars.fr\/wp-content\/uploads\/2023\/02\/Capture5-300x213.jpg\" srcset=\"https:\/\/www.cookiecars.fr\/wp-content\/uploads\/2023\/02\/Capture5-300x213.jpg 300w,https:\/\/www.cookiecars.fr\/wp-content\/uploads\/2023\/02\/Capture5.jpg 909w\" sizes=\"250px\"\/><\/a><\/div><\/div><\/div><script type=\"application\/json\" class=\"sgb-data\">{\"sliderAdminWidth\":840,\"collectionColumns\":2,\"galleryType\":\"pgc_sgb_slider\",\"galleryId\":\"83918886\",\"images\":[{\"id\":2723,\"title\":\"Capture1\",\"url\":\"https:\/\/www.cookiecars.fr\/wp-content\/uploads\/2023\/02\/Capture1.jpg\",\"link\":\"https:\/\/www.cookiecars.fr\/?attachment_id=2723\",\"alt\":\"\",\"description\":\"\",\"caption\":\"\",\"mime\":\"image\/jpeg\",\"type\":\"image\",\"width\":907,\"height\":677,\"sizes\":{\"thumbnail\":{\"height\":150,\"width\":150,\"url\":\"https:\/\/www.cookiecars.fr\/wp-content\/uploads\/2023\/02\/Capture1-150x150.jpg\",\"orientation\":\"landscape\"},\"medium\":{\"height\":224,\"width\":300,\"url\":\"https:\/\/www.cookiecars.fr\/wp-content\/uploads\/2023\/02\/Capture1-300x224.jpg\",\"orientation\":\"landscape\"},\"full\":{\"url\":\"https:\/\/www.cookiecars.fr\/wp-content\/uploads\/2023\/02\/Capture1.jpg\",\"height\":677,\"width\":907,\"orientation\":\"landscape\"}},\"meta\":false,\"postlink\":\"https:\/\/www.cookiecars.fr\/?attachment_id=2723\"},{\"id\":2724,\"title\":\"Capture2\",\"url\":\"https:\/\/www.cookiecars.fr\/wp-content\/uploads\/2023\/02\/Capture2.jpg\",\"link\":\"https:\/\/www.cookiecars.fr\/?attachment_id=2724\",\"alt\":\"\",\"description\":\"\",\"caption\":\"\",\"mime\":\"image\/jpeg\",\"type\":\"image\",\"width\":905,\"height\":674,\"sizes\":{\"thumbnail\":{\"height\":150,\"width\":150,\"url\":\"https:\/\/www.cookiecars.fr\/wp-content\/uploads\/2023\/02\/Capture2-150x150.jpg\",\"orientation\":\"landscape\"},\"medium\":{\"height\":223,\"width\":300,\"url\":\"https:\/\/www.cookiecars.fr\/wp-content\/uploads\/2023\/02\/Capture2-300x223.jpg\",\"orientation\":\"landscape\"},\"full\":{\"url\":\"https:\/\/www.cookiecars.fr\/wp-content\/uploads\/2023\/02\/Capture2.jpg\",\"height\":674,\"width\":905,\"orientation\":\"landscape\"}},\"meta\":false,\"postlink\":\"https:\/\/www.cookiecars.fr\/?attachment_id=2724\"},{\"id\":2725,\"title\":\"Capture3\",\"url\":\"https:\/\/www.cookiecars.fr\/wp-content\/uploads\/2023\/02\/Capture3.jpg\",\"link\":\"https:\/\/www.cookiecars.fr\/?attachment_id=2725\",\"alt\":\"\",\"description\":\"\",\"caption\":\"\",\"mime\":\"image\/jpeg\",\"type\":\"image\",\"width\":909,\"height\":672,\"sizes\":{\"thumbnail\":{\"height\":150,\"width\":150,\"url\":\"https:\/\/www.cookiecars.fr\/wp-content\/uploads\/2023\/02\/Capture3-150x150.jpg\",\"orientation\":\"landscape\"},\"medium\":{\"height\":222,\"width\":300,\"url\":\"https:\/\/www.cookiecars.fr\/wp-content\/uploads\/2023\/02\/Capture3-300x222.jpg\",\"orientation\":\"landscape\"},\"full\":{\"url\":\"https:\/\/www.cookiecars.fr\/wp-content\/uploads\/2023\/02\/Capture3.jpg\",\"height\":672,\"width\":909,\"orientation\":\"landscape\"}},\"meta\":false,\"postlink\":\"https:\/\/www.cookiecars.fr\/?attachment_id=2725\"},{\"id\":2722,\"title\":\"Capture7\",\"url\":\"https:\/\/www.cookiecars.fr\/wp-content\/uploads\/2023\/02\/Capture7.jpg\",\"link\":\"https:\/\/www.cookiecars.fr\/?attachment_id=2722\",\"alt\":\"\",\"description\":\"\",\"caption\":\"\",\"mime\":\"image\/jpeg\",\"type\":\"image\",\"width\":869,\"height\":620,\"sizes\":{\"thumbnail\":{\"height\":150,\"width\":150,\"url\":\"https:\/\/www.cookiecars.fr\/wp-content\/uploads\/2023\/02\/Capture7-150x150.jpg\",\"orientation\":\"landscape\"},\"medium\":{\"height\":214,\"width\":300,\"url\":\"https:\/\/www.cookiecars.fr\/wp-content\/uploads\/2023\/02\/Capture7-300x214.jpg\",\"orientation\":\"landscape\"},\"full\":{\"url\":\"https:\/\/www.cookiecars.fr\/wp-content\/uploads\/2023\/02\/Capture7.jpg\",\"height\":620,\"width\":869,\"orientation\":\"landscape\"}},\"meta\":false,\"postlink\":\"https:\/\/www.cookiecars.fr\/?attachment_id=2722\"},{\"id\":2728,\"title\":\"Capture6\",\"url\":\"https:\/\/www.cookiecars.fr\/wp-content\/uploads\/2023\/02\/Capture6.jpg\",\"link\":\"https:\/\/www.cookiecars.fr\/?attachment_id=2728\",\"alt\":\"\",\"description\":\"\",\"caption\":\"\",\"mime\":\"image\/jpeg\",\"type\":\"image\",\"width\":907,\"height\":642,\"sizes\":{\"thumbnail\":{\"height\":150,\"width\":150,\"url\":\"https:\/\/www.cookiecars.fr\/wp-content\/uploads\/2023\/02\/Capture6-150x150.jpg\",\"orientation\":\"landscape\"},\"medium\":{\"height\":212,\"width\":300,\"url\":\"https:\/\/www.cookiecars.fr\/wp-content\/uploads\/2023\/02\/Capture6-300x212.jpg\",\"orientation\":\"landscape\"},\"full\":{\"url\":\"https:\/\/www.cookiecars.fr\/wp-content\/uploads\/2023\/02\/Capture6.jpg\",\"height\":642,\"width\":907,\"orientation\":\"landscape\"}},\"meta\":false,\"postlink\":\"https:\/\/www.cookiecars.fr\/?attachment_id=2728\"},{\"id\":2726,\"title\":\"Capture4\",\"url\":\"https:\/\/www.cookiecars.fr\/wp-content\/uploads\/2023\/02\/Capture4.jpg\",\"link\":\"https:\/\/www.cookiecars.fr\/?attachment_id=2726\",\"alt\":\"\",\"description\":\"\",\"caption\":\"\",\"mime\":\"image\/jpeg\",\"type\":\"image\",\"width\":512,\"height\":555,\"sizes\":{\"thumbnail\":{\"height\":150,\"width\":150,\"url\":\"https:\/\/www.cookiecars.fr\/wp-content\/uploads\/2023\/02\/Capture4-150x150.jpg\",\"orientation\":\"landscape\"},\"medium\":{\"height\":300,\"width\":277,\"url\":\"https:\/\/www.cookiecars.fr\/wp-content\/uploads\/2023\/02\/Capture4-277x300.jpg\",\"orientation\":\"portrait\"},\"full\":{\"url\":\"https:\/\/www.cookiecars.fr\/wp-content\/uploads\/2023\/02\/Capture4.jpg\",\"height\":555,\"width\":512,\"orientation\":\"portrait\"}},\"meta\":false,\"postlink\":\"https:\/\/www.cookiecars.fr\/?attachment_id=2726\"},{\"id\":2727,\"title\":\"Capture5\",\"url\":\"https:\/\/www.cookiecars.fr\/wp-content\/uploads\/2023\/02\/Capture5.jpg\",\"link\":\"https:\/\/www.cookiecars.fr\/?attachment_id=2727\",\"alt\":\"\",\"description\":\"\",\"caption\":\"\",\"mime\":\"image\/jpeg\",\"type\":\"image\",\"width\":909,\"height\":645,\"sizes\":{\"thumbnail\":{\"height\":150,\"width\":150,\"url\":\"https:\/\/www.cookiecars.fr\/wp-content\/uploads\/2023\/02\/Capture5-150x150.jpg\",\"orientation\":\"landscape\"},\"medium\":{\"height\":213,\"width\":300,\"url\":\"https:\/\/www.cookiecars.fr\/wp-content\/uploads\/2023\/02\/Capture5-300x213.jpg\",\"orientation\":\"landscape\"},\"full\":{\"url\":\"https:\/\/www.cookiecars.fr\/wp-content\/uploads\/2023\/02\/Capture5.jpg\",\"height\":645,\"width\":909,\"orientation\":\"landscape\"}},\"meta\":false,\"postlink\":\"https:\/\/www.cookiecars.fr\/?attachment_id=2727\"}],\"itemsMetaDataCollection\":[]}<\/script><script>(function(){if(window.PGC_SGB && window.PGC_SGB.searcher){window.PGC_SGB.searcher.initBlocks()}})()<\/script><\/div>","protected":false},"excerpt":{"rendered":"<p>Numerot\u00e9e 3009 (d&rsquo;une edition de seulement 4000), moteur 2.0L S16, jantes OZ 17\u00a8. Voiture en tr\u00e8s bon \u00e9tat interieur et exterieur. Plus de details \u00e0 venir.<\/p>\n","protected":false},"author":1,"featured_media":0,"parent":0,"menu_order":0,"comment_status":"closed","ping_status":"closed","template":"","meta":{"pgc_sgb_lightbox_settings":"","footnotes":""},"yoast_head":"<!-- This site is optimized with the Yoast SEO plugin v21.8 - https:\/\/yoast.com\/wordpress\/plugins\/seo\/ -->\n<title>Peugeot\u00a0206 GT S16 - Cookiecars<\/title>\n<meta name=\"description\" content=\"Peugeot\u00a0206 GT S16 Numerot\u00e9e 3009 (d&#039;une edition de seulement 4000), moteur 2.0L S16, jantes OZ 17.\" \/>\n<meta name=\"robots\" content=\"index, follow, max-snippet:-1, max-image-preview:large, max-video-preview:-1\" \/>\n<link rel=\"canonical\" href=\"https:\/\/www.cookiecars.fr\/index.php\/peugeot-206-gt-s16\/\" \/>\n<meta property=\"og:locale\" content=\"fr_FR\" \/>\n<meta property=\"og:type\" content=\"article\" \/>\n<meta property=\"og:title\" content=\"Peugeot\u00a0206 GT S16 - Cookiecars\" \/>\n<meta property=\"og:description\" content=\"Peugeot\u00a0206 GT S16 Numerot\u00e9e 3009 (d&#039;une edition de seulement 4000), moteur 2.0L S16, jantes OZ 17.\" \/>\n<meta property=\"og:url\" content=\"https:\/\/www.cookiecars.fr\/index.php\/peugeot-206-gt-s16\/\" \/>\n<meta property=\"og:site_name\" content=\"Cookiecars\" \/>\n<meta property=\"article:modified_time\" content=\"2023-02-26T22:06:59+00:00\" \/>\n<meta property=\"og:image\" content=\"https:\/\/www.cookiecars.fr\/wp-content\/uploads\/2023\/02\/Capture1.jpg\" \/>\n<meta name=\"twitter:card\" content=\"summary_large_image\" \/>\n<meta name=\"twitter:label1\" content=\"Dur\u00e9e de lecture estim\u00e9e\" \/>\n\t<meta name=\"twitter:data1\" content=\"2 minutes\" \/>\n<script type=\"application\/ld+json\" class=\"yoast-schema-graph\">{\"@context\":\"https:\/\/schema.org\",\"@graph\":[{\"@type\":\"WebPage\",\"@id\":\"https:\/\/www.cookiecars.fr\/index.php\/peugeot-206-gt-s16\/\",\"url\":\"https:\/\/www.cookiecars.fr\/index.php\/peugeot-206-gt-s16\/\",\"name\":\"Peugeot\u00a0206 GT S16 - Cookiecars\",\"isPartOf\":{\"@id\":\"https:\/\/www.cookiecars.fr\/#website\"},\"datePublished\":\"2023-02-26T16:52:19+00:00\",\"dateModified\":\"2023-02-26T22:06:59+00:00\",\"description\":\"Peugeot\u00a0206 GT S16 Numerot\u00e9e 3009 (d'une edition de seulement 4000), moteur 2.0L S16, jantes OZ 17.\",\"breadcrumb\":{\"@id\":\"https:\/\/www.cookiecars.fr\/index.php\/peugeot-206-gt-s16\/#breadcrumb\"},\"inLanguage\":\"fr-FR\",\"potentialAction\":[{\"@type\":\"ReadAction\",\"target\":[\"https:\/\/www.cookiecars.fr\/index.php\/peugeot-206-gt-s16\/\"]}]},{\"@type\":\"BreadcrumbList\",\"@id\":\"https:\/\/www.cookiecars.fr\/index.php\/peugeot-206-gt-s16\/#breadcrumb\",\"itemListElement\":[{\"@type\":\"ListItem\",\"position\":1,\"name\":\"Accueil\",\"item\":\"https:\/\/www.cookiecars.fr\/\"},{\"@type\":\"ListItem\",\"position\":2,\"name\":\"Peugeot\u00a0206 GT S16\"}]},{\"@type\":\"WebSite\",\"@id\":\"https:\/\/www.cookiecars.fr\/#website\",\"url\":\"https:\/\/www.cookiecars.fr\/\",\"name\":\"Cookiecars\",\"description\":\"Trouvez votre nouveau projet auto!\",\"publisher\":{\"@id\":\"https:\/\/www.cookiecars.fr\/#organization\"},\"alternateName\":\"Cookie cars\",\"potentialAction\":[{\"@type\":\"SearchAction\",\"target\":{\"@type\":\"EntryPoint\",\"urlTemplate\":\"https:\/\/www.cookiecars.fr\/?s={search_term_string}\"},\"query-input\":\"required name=search_term_string\"}],\"inLanguage\":\"fr-FR\"},{\"@type\":\"Organization\",\"@id\":\"https:\/\/www.cookiecars.fr\/#organization\",\"name\":\"Cookiecars\",\"alternateName\":\"Cookie cars\",\"url\":\"https:\/\/www.cookiecars.fr\/\",\"logo\":{\"@type\":\"ImageObject\",\"inLanguage\":\"fr-FR\",\"@id\":\"https:\/\/www.cookiecars.fr\/#\/schema\/logo\/image\/\",\"url\":\"https:\/\/www.cookiecars.fr\/wp-content\/uploads\/2024\/02\/Cookiecars_Logo2024_2-removebg-preview-1.png\",\"contentUrl\":\"https:\/\/www.cookiecars.fr\/wp-content\/uploads\/2024\/02\/Cookiecars_Logo2024_2-removebg-preview-1.png\",\"width\":592,\"height\":421,\"caption\":\"Cookiecars\"},\"image\":{\"@id\":\"https:\/\/www.cookiecars.fr\/#\/schema\/logo\/image\/\"},\"sameAs\":[\"https:\/\/www.instagram.com\/juliencookiecars\/\"]}]}<\/script>\n<!-- \/ Yoast SEO plugin. -->","yoast_head_json":{"title":"Peugeot\u00a0206 GT S16 - Cookiecars","description":"Peugeot\u00a0206 GT S16 Numerot\u00e9e 3009 (d'une edition de seulement 4000), moteur 2.0L S16, jantes OZ 17.","robots":{"index":"index","follow":"follow","max-snippet":"max-snippet:-1","max-image-preview":"max-image-preview:large","max-video-preview":"max-video-preview:-1"},"canonical":"https:\/\/www.cookiecars.fr\/index.php\/peugeot-206-gt-s16\/","og_locale":"fr_FR","og_type":"article","og_title":"Peugeot\u00a0206 GT S16 - Cookiecars","og_description":"Peugeot\u00a0206 GT S16 Numerot\u00e9e 3009 (d'une edition de seulement 4000), moteur 2.0L S16, jantes OZ 17.","og_url":"https:\/\/www.cookiecars.fr\/index.php\/peugeot-206-gt-s16\/","og_site_name":"Cookiecars","article_modified_time":"2023-02-26T22:06:59+00:00","og_image":[{"url":"https:\/\/www.cookiecars.fr\/wp-content\/uploads\/2023\/02\/Capture1.jpg"}],"twitter_card":"summary_large_image","twitter_misc":{"Dur\u00e9e de lecture estim\u00e9e":"2 minutes"},"schema":{"@context":"https:\/\/schema.org","@graph":[{"@type":"WebPage","@id":"https:\/\/www.cookiecars.fr\/index.php\/peugeot-206-gt-s16\/","url":"https:\/\/www.cookiecars.fr\/index.php\/peugeot-206-gt-s16\/","name":"Peugeot\u00a0206 GT S16 - Cookiecars","isPartOf":{"@id":"https:\/\/www.cookiecars.fr\/#website"},"datePublished":"2023-02-26T16:52:19+00:00","dateModified":"2023-02-26T22:06:59+00:00","description":"Peugeot\u00a0206 GT S16 Numerot\u00e9e 3009 (d'une edition de seulement 4000), moteur 2.0L S16, jantes OZ 17.","breadcrumb":{"@id":"https:\/\/www.cookiecars.fr\/index.php\/peugeot-206-gt-s16\/#breadcrumb"},"inLanguage":"fr-FR","potentialAction":[{"@type":"ReadAction","target":["https:\/\/www.cookiecars.fr\/index.php\/peugeot-206-gt-s16\/"]}]},{"@type":"BreadcrumbList","@id":"https:\/\/www.cookiecars.fr\/index.php\/peugeot-206-gt-s16\/#breadcrumb","itemListElement":[{"@type":"ListItem","position":1,"name":"Accueil","item":"https:\/\/www.cookiecars.fr\/"},{"@type":"ListItem","position":2,"name":"Peugeot\u00a0206 GT S16"}]},{"@type":"WebSite","@id":"https:\/\/www.cookiecars.fr\/#website","url":"https:\/\/www.cookiecars.fr\/","name":"Cookiecars","description":"Trouvez votre nouveau projet auto!","publisher":{"@id":"https:\/\/www.cookiecars.fr\/#organization"},"alternateName":"Cookie cars","potentialAction":[{"@type":"SearchAction","target":{"@type":"EntryPoint","urlTemplate":"https:\/\/www.cookiecars.fr\/?s={search_term_string}"},"query-input":"required name=search_term_string"}],"inLanguage":"fr-FR"},{"@type":"Organization","@id":"https:\/\/www.cookiecars.fr\/#organization","name":"Cookiecars","alternateName":"Cookie cars","url":"https:\/\/www.cookiecars.fr\/","logo":{"@type":"ImageObject","inLanguage":"fr-FR","@id":"https:\/\/www.cookiecars.fr\/#\/schema\/logo\/image\/","url":"https:\/\/www.cookiecars.fr\/wp-content\/uploads\/2024\/02\/Cookiecars_Logo2024_2-removebg-preview-1.png","contentUrl":"https:\/\/www.cookiecars.fr\/wp-content\/uploads\/2024\/02\/Cookiecars_Logo2024_2-removebg-preview-1.png","width":592,"height":421,"caption":"Cookiecars"},"image":{"@id":"https:\/\/www.cookiecars.fr\/#\/schema\/logo\/image\/"},"sameAs":["https:\/\/www.instagram.com\/juliencookiecars\/"]}]}},"jetpack_sharing_enabled":true,"_links":{"self":[{"href":"https:\/\/www.cookiecars.fr\/index.php\/wp-json\/wp\/v2\/pages\/2546"}],"collection":[{"href":"https:\/\/www.cookiecars.fr\/index.php\/wp-json\/wp\/v2\/pages"}],"about":[{"href":"https:\/\/www.cookiecars.fr\/index.php\/wp-json\/wp\/v2\/types\/page"}],"author":[{"embeddable":true,"href":"https:\/\/www.cookiecars.fr\/index.php\/wp-json\/wp\/v2\/users\/1"}],"replies":[{"embeddable":true,"href":"https:\/\/www.cookiecars.fr\/index.php\/wp-json\/wp\/v2\/comments?post=2546"}],"version-history":[{"count":0,"href":"https:\/\/www.cookiecars.fr\/index.php\/wp-json\/wp\/v2\/pages\/2546\/revisions"}],"wp:attachment":[{"href":"https:\/\/www.cookiecars.fr\/index.php\/wp-json\/wp\/v2\/media?parent=2546"}],"curies":[{"name":"wp","href":"https:\/\/api.w.org\/{rel}","templated":true}]}}