{"id":1440,"date":"2022-10-21T19:20:04","date_gmt":"2022-10-21T17:20:04","guid":{"rendered":"https:\/\/www.cookiecars.fr\/?page_id=1440"},"modified":"2023-01-10T12:05:28","modified_gmt":"2023-01-10T11:05:28","slug":"peugeot-205-cj","status":"publish","type":"page","link":"https:\/\/www.cookiecars.fr\/index.php\/peugeot-205-cj\/","title":{"rendered":"Peugeot 205 CJ"},"content":{"rendered":"\n<div class=\"wp-block-columns is-layout-flex wp-container-core-columns-layout-1 wp-block-columns-is-layout-flex\">\n<div class=\"wp-block-column is-layout-flow wp-block-column-is-layout-flow\">\n<figure class=\"wp-block-image size-large\"><img loading=\"lazy\" decoding=\"async\" width=\"1024\" height=\"471\" src=\"https:\/\/www.cookiecars.fr\/wp-content\/uploads\/2022\/10\/IMG-20220813-WA0039-1024x471.jpg\" alt=\"\" class=\"wp-image-1442\" srcset=\"https:\/\/www.cookiecars.fr\/wp-content\/uploads\/2022\/10\/IMG-20220813-WA0039-1024x471.jpg 1024w, https:\/\/www.cookiecars.fr\/wp-content\/uploads\/2022\/10\/IMG-20220813-WA0039-600x276.jpg 600w, https:\/\/www.cookiecars.fr\/wp-content\/uploads\/2022\/10\/IMG-20220813-WA0039-300x138.jpg 300w, https:\/\/www.cookiecars.fr\/wp-content\/uploads\/2022\/10\/IMG-20220813-WA0039-768x353.jpg 768w, https:\/\/www.cookiecars.fr\/wp-content\/uploads\/2022\/10\/IMG-20220813-WA0039-1536x707.jpg 1536w, https:\/\/www.cookiecars.fr\/wp-content\/uploads\/2022\/10\/IMG-20220813-WA0039-280x129.jpg 280w, https:\/\/www.cookiecars.fr\/wp-content\/uploads\/2022\/10\/IMG-20220813-WA0039.jpg 1600w\" sizes=\"(max-width: 1024px) 100vw, 1024px\" \/><\/figure>\n\n\n\n<p style=\"font-size:16px\"><strong>Capote comme neuve, tr\u00e8s bon \u00e9tat int\u00e9rieur et ext\u00e9rieur.<\/strong><\/p>\n\n\n\n<p style=\"font-size:16px\"><strong>Revis\u00e9e, distribution neuve.<\/strong> <strong>Part toutes distances.<\/strong><\/p>\n<\/div>\n\n\n\n<div class=\"wp-block-column is-layout-flow wp-block-column-is-layout-flow\">\n<p style=\"font-size:16px\"><strong>Peugeot 205 CJ cabriolet 1992<\/strong><br><strong>Moteur 1.1i origine Allemagne. 168000km. Contr\u00f4le technique<\/strong> <strong>OK.<\/strong><\/p>\n\n\n\n<figure class=\"wp-block-image size-large\"><img loading=\"lazy\" decoding=\"async\" width=\"1024\" height=\"471\" src=\"https:\/\/www.cookiecars.fr\/wp-content\/uploads\/2022\/10\/IMG-20220813-WA0037-1024x471.jpg\" alt=\"\" class=\"wp-image-1446\" srcset=\"https:\/\/www.cookiecars.fr\/wp-content\/uploads\/2022\/10\/IMG-20220813-WA0037-1024x471.jpg 1024w, https:\/\/www.cookiecars.fr\/wp-content\/uploads\/2022\/10\/IMG-20220813-WA0037-600x276.jpg 600w, https:\/\/www.cookiecars.fr\/wp-content\/uploads\/2022\/10\/IMG-20220813-WA0037-300x138.jpg 300w, https:\/\/www.cookiecars.fr\/wp-content\/uploads\/2022\/10\/IMG-20220813-WA0037-768x353.jpg 768w, https:\/\/www.cookiecars.fr\/wp-content\/uploads\/2022\/10\/IMG-20220813-WA0037-1536x707.jpg 1536w, https:\/\/www.cookiecars.fr\/wp-content\/uploads\/2022\/10\/IMG-20220813-WA0037-280x129.jpg 280w, https:\/\/www.cookiecars.fr\/wp-content\/uploads\/2022\/10\/IMG-20220813-WA0037.jpg 1600w\" sizes=\"(max-width: 1024px) 100vw, 1024px\" \/><\/figure>\n<\/div>\n<\/div>\n\n\n<div class=\"pgc-sgb-cb wp-block-pgcsimplygalleryblock-slider \" data-gallery-id=\"3bb85392\" style=\"min-height:400px\"><div class=\"sgb-preloader\" id=\"pr_3bb85392\">\n\t<div class=\"sgb-square\" style=\"background:#d4d4d4\"><\/div>\n\t<div class=\"sgb-square\" style=\"background:#d4d4d4\"><\/div>\n\t<div class=\"sgb-square\" style=\"background:#d4d4d4\"><\/div>\n\t<div class=\"sgb-square\" style=\"background:#d4d4d4\"><\/div><\/div><div class=\"simply-gallery-amp pgc_sgb_slider \" style=\"display: none;\"><div class=\"sgb-gallery\"><div class=\"sgb-item\"><a href=\"https:\/\/www.cookiecars.fr\/index.php\/peugeot-205-cj\/img-20220813-wa0043\/\" target=\"_blank\"><img decoding=\"async\" alt=\"\" width=\"300\" height=\"138\" loading=\"lazy\" src=\"https:\/\/www.cookiecars.fr\/wp-content\/uploads\/2022\/10\/IMG-20220813-WA0043-300x138.jpg\" srcset=\"https:\/\/www.cookiecars.fr\/wp-content\/uploads\/2022\/10\/IMG-20220813-WA0043-300x138.jpg 300w,https:\/\/www.cookiecars.fr\/wp-content\/uploads\/2022\/10\/IMG-20220813-WA0043-1024x471.jpg 1024w,https:\/\/www.cookiecars.fr\/wp-content\/uploads\/2022\/10\/IMG-20220813-WA0043.jpg 1600w\" sizes=\"250px\"\/><\/a><\/div><div class=\"sgb-item\"><a href=\"https:\/\/www.cookiecars.fr\/index.php\/peugeot-205-cj\/img-20220813-wa0042\/\" target=\"_blank\"><img decoding=\"async\" alt=\"\" width=\"300\" height=\"138\" loading=\"lazy\" src=\"https:\/\/www.cookiecars.fr\/wp-content\/uploads\/2022\/10\/IMG-20220813-WA0042-300x138.jpg\" srcset=\"https:\/\/www.cookiecars.fr\/wp-content\/uploads\/2022\/10\/IMG-20220813-WA0042-300x138.jpg 300w,https:\/\/www.cookiecars.fr\/wp-content\/uploads\/2022\/10\/IMG-20220813-WA0042-1024x471.jpg 1024w,https:\/\/www.cookiecars.fr\/wp-content\/uploads\/2022\/10\/IMG-20220813-WA0042.jpg 1600w\" sizes=\"250px\"\/><\/a><\/div><div class=\"sgb-item\"><a href=\"https:\/\/www.cookiecars.fr\/index.php\/peugeot-205-cj\/img-20220813-wa0039\/\" target=\"_blank\"><img decoding=\"async\" alt=\"\" width=\"300\" height=\"138\" loading=\"lazy\" src=\"https:\/\/www.cookiecars.fr\/wp-content\/uploads\/2022\/10\/IMG-20220813-WA0039-300x138.jpg\" srcset=\"https:\/\/www.cookiecars.fr\/wp-content\/uploads\/2022\/10\/IMG-20220813-WA0039-300x138.jpg 300w,https:\/\/www.cookiecars.fr\/wp-content\/uploads\/2022\/10\/IMG-20220813-WA0039-1024x471.jpg 1024w,https:\/\/www.cookiecars.fr\/wp-content\/uploads\/2022\/10\/IMG-20220813-WA0039.jpg 1600w\" sizes=\"250px\"\/><\/a><\/div><div class=\"sgb-item\"><a href=\"https:\/\/www.cookiecars.fr\/index.php\/peugeot-205-cj\/img-20220813-wa0038\/\" target=\"_blank\"><img decoding=\"async\" alt=\"\" width=\"300\" height=\"138\" loading=\"lazy\" src=\"https:\/\/www.cookiecars.fr\/wp-content\/uploads\/2022\/10\/IMG-20220813-WA0038-300x138.jpg\" srcset=\"https:\/\/www.cookiecars.fr\/wp-content\/uploads\/2022\/10\/IMG-20220813-WA0038-300x138.jpg 300w,https:\/\/www.cookiecars.fr\/wp-content\/uploads\/2022\/10\/IMG-20220813-WA0038-1024x471.jpg 1024w,https:\/\/www.cookiecars.fr\/wp-content\/uploads\/2022\/10\/IMG-20220813-WA0038.jpg 1600w\" sizes=\"250px\"\/><\/a><\/div><div class=\"sgb-item\"><a href=\"https:\/\/www.cookiecars.fr\/index.php\/peugeot-205-cj\/20220916_185640\/\" target=\"_blank\"><img decoding=\"async\" alt=\"\" width=\"300\" height=\"222\" loading=\"lazy\" src=\"https:\/\/www.cookiecars.fr\/wp-content\/uploads\/2022\/10\/20220916_185640-300x222.jpg\" srcset=\"https:\/\/www.cookiecars.fr\/wp-content\/uploads\/2022\/10\/20220916_185640-300x222.jpg 300w,https:\/\/www.cookiecars.fr\/wp-content\/uploads\/2022\/10\/20220916_185640.jpg 907w\" sizes=\"250px\"\/><\/a><\/div><div class=\"sgb-item\"><a href=\"https:\/\/www.cookiecars.fr\/index.php\/peugeot-205-cj\/img-20220813-wa0037\/\" target=\"_blank\"><img decoding=\"async\" alt=\"\" width=\"300\" height=\"138\" loading=\"lazy\" src=\"https:\/\/www.cookiecars.fr\/wp-content\/uploads\/2022\/10\/IMG-20220813-WA0037-300x138.jpg\" srcset=\"https:\/\/www.cookiecars.fr\/wp-content\/uploads\/2022\/10\/IMG-20220813-WA0037-300x138.jpg 300w,https:\/\/www.cookiecars.fr\/wp-content\/uploads\/2022\/10\/IMG-20220813-WA0037-1024x471.jpg 1024w,https:\/\/www.cookiecars.fr\/wp-content\/uploads\/2022\/10\/IMG-20220813-WA0037.jpg 1600w\" sizes=\"250px\"\/><\/a><\/div><\/div><\/div><script type=\"application\/json\" class=\"sgb-data\">{\"sliderAdminWidth\":840,\"galleryType\":\"pgc_sgb_slider\",\"galleryId\":\"3bb85392\",\"images\":[{\"id\":1444,\"title\":\"IMG-20220813-WA0043\",\"url\":\"https:\/\/www.cookiecars.fr\/wp-content\/uploads\/2022\/10\/IMG-20220813-WA0043.jpg\",\"link\":\"https:\/\/www.cookiecars.fr\/index.php\/peugeot-205-cj\/img-20220813-wa0043\/\",\"alt\":\"\",\"description\":\"\",\"caption\":\"\",\"mime\":\"image\/jpeg\",\"type\":\"image\",\"width\":1600,\"height\":736,\"sizes\":{\"thumbnail\":{\"height\":150,\"width\":150,\"url\":\"https:\/\/www.cookiecars.fr\/wp-content\/uploads\/2022\/10\/IMG-20220813-WA0043-150x150.jpg\",\"orientation\":\"landscape\"},\"medium\":{\"height\":138,\"width\":300,\"url\":\"https:\/\/www.cookiecars.fr\/wp-content\/uploads\/2022\/10\/IMG-20220813-WA0043-300x138.jpg\",\"orientation\":\"landscape\"},\"large\":{\"height\":471,\"width\":1024,\"url\":\"https:\/\/www.cookiecars.fr\/wp-content\/uploads\/2022\/10\/IMG-20220813-WA0043-1024x471.jpg\",\"orientation\":\"landscape\"},\"full\":{\"url\":\"https:\/\/www.cookiecars.fr\/wp-content\/uploads\/2022\/10\/IMG-20220813-WA0043.jpg\",\"height\":736,\"width\":1600,\"orientation\":\"landscape\"}},\"meta\":false,\"postlink\":\"https:\/\/www.cookiecars.fr\/index.php\/peugeot-205-cj\/img-20220813-wa0043\/\"},{\"id\":1443,\"title\":\"IMG-20220813-WA0042\",\"url\":\"https:\/\/www.cookiecars.fr\/wp-content\/uploads\/2022\/10\/IMG-20220813-WA0042.jpg\",\"link\":\"https:\/\/www.cookiecars.fr\/index.php\/peugeot-205-cj\/img-20220813-wa0042\/\",\"alt\":\"\",\"description\":\"\",\"caption\":\"\",\"mime\":\"image\/jpeg\",\"type\":\"image\",\"width\":1600,\"height\":736,\"sizes\":{\"thumbnail\":{\"height\":150,\"width\":150,\"url\":\"https:\/\/www.cookiecars.fr\/wp-content\/uploads\/2022\/10\/IMG-20220813-WA0042-150x150.jpg\",\"orientation\":\"landscape\"},\"medium\":{\"height\":138,\"width\":300,\"url\":\"https:\/\/www.cookiecars.fr\/wp-content\/uploads\/2022\/10\/IMG-20220813-WA0042-300x138.jpg\",\"orientation\":\"landscape\"},\"large\":{\"height\":471,\"width\":1024,\"url\":\"https:\/\/www.cookiecars.fr\/wp-content\/uploads\/2022\/10\/IMG-20220813-WA0042-1024x471.jpg\",\"orientation\":\"landscape\"},\"full\":{\"url\":\"https:\/\/www.cookiecars.fr\/wp-content\/uploads\/2022\/10\/IMG-20220813-WA0042.jpg\",\"height\":736,\"width\":1600,\"orientation\":\"landscape\"}},\"meta\":false,\"postlink\":\"https:\/\/www.cookiecars.fr\/index.php\/peugeot-205-cj\/img-20220813-wa0042\/\"},{\"id\":1442,\"title\":\"IMG-20220813-WA0039\",\"url\":\"https:\/\/www.cookiecars.fr\/wp-content\/uploads\/2022\/10\/IMG-20220813-WA0039.jpg\",\"link\":\"https:\/\/www.cookiecars.fr\/index.php\/peugeot-205-cj\/img-20220813-wa0039\/\",\"alt\":\"\",\"description\":\"\",\"caption\":\"\",\"mime\":\"image\/jpeg\",\"type\":\"image\",\"width\":1600,\"height\":736,\"sizes\":{\"thumbnail\":{\"height\":150,\"width\":150,\"url\":\"https:\/\/www.cookiecars.fr\/wp-content\/uploads\/2022\/10\/IMG-20220813-WA0039-150x150.jpg\",\"orientation\":\"landscape\"},\"medium\":{\"height\":138,\"width\":300,\"url\":\"https:\/\/www.cookiecars.fr\/wp-content\/uploads\/2022\/10\/IMG-20220813-WA0039-300x138.jpg\",\"orientation\":\"landscape\"},\"large\":{\"height\":471,\"width\":1024,\"url\":\"https:\/\/www.cookiecars.fr\/wp-content\/uploads\/2022\/10\/IMG-20220813-WA0039-1024x471.jpg\",\"orientation\":\"landscape\"},\"full\":{\"url\":\"https:\/\/www.cookiecars.fr\/wp-content\/uploads\/2022\/10\/IMG-20220813-WA0039.jpg\",\"height\":736,\"width\":1600,\"orientation\":\"landscape\"}},\"meta\":false,\"postlink\":\"https:\/\/www.cookiecars.fr\/index.php\/peugeot-205-cj\/img-20220813-wa0039\/\"},{\"id\":1441,\"title\":\"IMG-20220813-WA0038\",\"url\":\"https:\/\/www.cookiecars.fr\/wp-content\/uploads\/2022\/10\/IMG-20220813-WA0038.jpg\",\"link\":\"https:\/\/www.cookiecars.fr\/index.php\/peugeot-205-cj\/img-20220813-wa0038\/\",\"alt\":\"\",\"description\":\"\",\"caption\":\"\",\"mime\":\"image\/jpeg\",\"type\":\"image\",\"width\":1600,\"height\":736,\"sizes\":{\"thumbnail\":{\"height\":150,\"width\":150,\"url\":\"https:\/\/www.cookiecars.fr\/wp-content\/uploads\/2022\/10\/IMG-20220813-WA0038-150x150.jpg\",\"orientation\":\"landscape\"},\"medium\":{\"height\":138,\"width\":300,\"url\":\"https:\/\/www.cookiecars.fr\/wp-content\/uploads\/2022\/10\/IMG-20220813-WA0038-300x138.jpg\",\"orientation\":\"landscape\"},\"large\":{\"height\":471,\"width\":1024,\"url\":\"https:\/\/www.cookiecars.fr\/wp-content\/uploads\/2022\/10\/IMG-20220813-WA0038-1024x471.jpg\",\"orientation\":\"landscape\"},\"full\":{\"url\":\"https:\/\/www.cookiecars.fr\/wp-content\/uploads\/2022\/10\/IMG-20220813-WA0038.jpg\",\"height\":736,\"width\":1600,\"orientation\":\"landscape\"}},\"meta\":false,\"postlink\":\"https:\/\/www.cookiecars.fr\/index.php\/peugeot-205-cj\/img-20220813-wa0038\/\"},{\"id\":1445,\"title\":\"20220916_185640\",\"url\":\"https:\/\/www.cookiecars.fr\/wp-content\/uploads\/2022\/10\/20220916_185640.jpg\",\"link\":\"https:\/\/www.cookiecars.fr\/index.php\/peugeot-205-cj\/20220916_185640\/\",\"alt\":\"\",\"description\":\"\",\"caption\":\"\",\"mime\":\"image\/jpeg\",\"type\":\"image\",\"width\":907,\"height\":672,\"sizes\":{\"thumbnail\":{\"height\":150,\"width\":150,\"url\":\"https:\/\/www.cookiecars.fr\/wp-content\/uploads\/2022\/10\/20220916_185640-150x150.jpg\",\"orientation\":\"landscape\"},\"medium\":{\"height\":222,\"width\":300,\"url\":\"https:\/\/www.cookiecars.fr\/wp-content\/uploads\/2022\/10\/20220916_185640-300x222.jpg\",\"orientation\":\"landscape\"},\"full\":{\"url\":\"https:\/\/www.cookiecars.fr\/wp-content\/uploads\/2022\/10\/20220916_185640.jpg\",\"height\":672,\"width\":907,\"orientation\":\"landscape\"}},\"meta\":false,\"postlink\":\"https:\/\/www.cookiecars.fr\/index.php\/peugeot-205-cj\/20220916_185640\/\"},{\"id\":1446,\"title\":\"IMG-20220813-WA0037\",\"url\":\"https:\/\/www.cookiecars.fr\/wp-content\/uploads\/2022\/10\/IMG-20220813-WA0037.jpg\",\"link\":\"https:\/\/www.cookiecars.fr\/index.php\/peugeot-205-cj\/img-20220813-wa0037\/\",\"alt\":\"\",\"description\":\"\",\"caption\":\"\",\"mime\":\"image\/jpeg\",\"type\":\"image\",\"width\":1600,\"height\":736,\"sizes\":{\"thumbnail\":{\"height\":150,\"width\":150,\"url\":\"https:\/\/www.cookiecars.fr\/wp-content\/uploads\/2022\/10\/IMG-20220813-WA0037-150x150.jpg\",\"orientation\":\"landscape\"},\"medium\":{\"height\":138,\"width\":300,\"url\":\"https:\/\/www.cookiecars.fr\/wp-content\/uploads\/2022\/10\/IMG-20220813-WA0037-300x138.jpg\",\"orientation\":\"landscape\"},\"large\":{\"height\":471,\"width\":1024,\"url\":\"https:\/\/www.cookiecars.fr\/wp-content\/uploads\/2022\/10\/IMG-20220813-WA0037-1024x471.jpg\",\"orientation\":\"landscape\"},\"full\":{\"url\":\"https:\/\/www.cookiecars.fr\/wp-content\/uploads\/2022\/10\/IMG-20220813-WA0037.jpg\",\"height\":736,\"width\":1600,\"orientation\":\"landscape\"}},\"meta\":false,\"postlink\":\"https:\/\/www.cookiecars.fr\/index.php\/peugeot-205-cj\/img-20220813-wa0037\/\"}],\"itemsMetaDataCollection\":[]}<\/script><script>(function(){if(window.PGC_SGB && window.PGC_SGB.searcher){window.PGC_SGB.searcher.initBlocks()}})()<\/script><\/div>\n\n\n<p><strong><a rel=\"noreferrer noopener\" href=\"https:\/\/www.cookiecars.fr\/#telephone\" target=\"_blank\">Vous souhaitez un v\u00e9hicule similaire? Contatez-nous!<\/a><\/strong><\/p>\n","protected":false},"excerpt":{"rendered":"<p>Capote comme neuve, tr\u00e8s bon \u00e9tat int\u00e9rieur et ext\u00e9rieur. Revis\u00e9e, distribution neuve. Part toutes distances. Peugeot 205 CJ cabriolet 1992Moteur 1.1i origine Allemagne. 168000km. Contr\u00f4le technique OK. Vous souhaitez un v\u00e9hicule similaire? Contatez-nous!<\/p>\n","protected":false},"author":1,"featured_media":0,"parent":0,"menu_order":0,"comment_status":"closed","ping_status":"closed","template":"","meta":{"pgc_sgb_lightbox_settings":"","footnotes":""},"yoast_head":"<!-- This site is optimized with the Yoast SEO plugin v21.8 - https:\/\/yoast.com\/wordpress\/plugins\/seo\/ -->\n<title>Peugeot 205 CJ - Cookiecars<\/title>\n<meta name=\"description\" content=\"Peugeot 205 CJ, cabriolet 1992Moteur 1.1i origine Allemagne. 168.000km. Contr\u00f4le technique OK. Capote comme neuve.\" \/>\n<meta name=\"robots\" content=\"index, follow, max-snippet:-1, max-image-preview:large, max-video-preview:-1\" \/>\n<link rel=\"canonical\" href=\"https:\/\/www.cookiecars.fr\/index.php\/peugeot-205-cj\/\" \/>\n<meta property=\"og:locale\" content=\"fr_FR\" \/>\n<meta property=\"og:type\" content=\"article\" \/>\n<meta property=\"og:title\" content=\"Peugeot 205 CJ - Cookiecars\" \/>\n<meta property=\"og:description\" content=\"Peugeot 205 CJ, cabriolet 1992Moteur 1.1i origine Allemagne. 168.000km. Contr\u00f4le technique OK. Capote comme neuve.\" \/>\n<meta property=\"og:url\" content=\"https:\/\/www.cookiecars.fr\/index.php\/peugeot-205-cj\/\" \/>\n<meta property=\"og:site_name\" content=\"Cookiecars\" \/>\n<meta property=\"article:modified_time\" content=\"2023-01-10T11:05:28+00:00\" \/>\n<meta property=\"og:image\" content=\"https:\/\/www.cookiecars.fr\/wp-content\/uploads\/2022\/10\/IMG-20220813-WA0039-1024x471.jpg\" \/>\n<meta name=\"twitter:card\" content=\"summary_large_image\" \/>\n<meta name=\"twitter:label1\" content=\"Dur\u00e9e de lecture estim\u00e9e\" \/>\n\t<meta name=\"twitter:data1\" content=\"2 minutes\" \/>\n<script type=\"application\/ld+json\" class=\"yoast-schema-graph\">{\"@context\":\"https:\/\/schema.org\",\"@graph\":[{\"@type\":\"WebPage\",\"@id\":\"https:\/\/www.cookiecars.fr\/index.php\/peugeot-205-cj\/\",\"url\":\"https:\/\/www.cookiecars.fr\/index.php\/peugeot-205-cj\/\",\"name\":\"Peugeot 205 CJ - Cookiecars\",\"isPartOf\":{\"@id\":\"https:\/\/www.cookiecars.fr\/#website\"},\"datePublished\":\"2022-10-21T17:20:04+00:00\",\"dateModified\":\"2023-01-10T11:05:28+00:00\",\"description\":\"Peugeot 205 CJ, cabriolet 1992Moteur 1.1i origine Allemagne. 168.000km. Contr\u00f4le technique OK. Capote comme neuve.\",\"breadcrumb\":{\"@id\":\"https:\/\/www.cookiecars.fr\/index.php\/peugeot-205-cj\/#breadcrumb\"},\"inLanguage\":\"fr-FR\",\"potentialAction\":[{\"@type\":\"ReadAction\",\"target\":[\"https:\/\/www.cookiecars.fr\/index.php\/peugeot-205-cj\/\"]}]},{\"@type\":\"BreadcrumbList\",\"@id\":\"https:\/\/www.cookiecars.fr\/index.php\/peugeot-205-cj\/#breadcrumb\",\"itemListElement\":[{\"@type\":\"ListItem\",\"position\":1,\"name\":\"Accueil\",\"item\":\"https:\/\/www.cookiecars.fr\/\"},{\"@type\":\"ListItem\",\"position\":2,\"name\":\"Peugeot 205 CJ\"}]},{\"@type\":\"WebSite\",\"@id\":\"https:\/\/www.cookiecars.fr\/#website\",\"url\":\"https:\/\/www.cookiecars.fr\/\",\"name\":\"Cookiecars\",\"description\":\"Trouvez votre nouveau projet auto!\",\"publisher\":{\"@id\":\"https:\/\/www.cookiecars.fr\/#organization\"},\"alternateName\":\"Cookie cars\",\"potentialAction\":[{\"@type\":\"SearchAction\",\"target\":{\"@type\":\"EntryPoint\",\"urlTemplate\":\"https:\/\/www.cookiecars.fr\/?s={search_term_string}\"},\"query-input\":\"required name=search_term_string\"}],\"inLanguage\":\"fr-FR\"},{\"@type\":\"Organization\",\"@id\":\"https:\/\/www.cookiecars.fr\/#organization\",\"name\":\"Cookiecars\",\"alternateName\":\"Cookie cars\",\"url\":\"https:\/\/www.cookiecars.fr\/\",\"logo\":{\"@type\":\"ImageObject\",\"inLanguage\":\"fr-FR\",\"@id\":\"https:\/\/www.cookiecars.fr\/#\/schema\/logo\/image\/\",\"url\":\"https:\/\/www.cookiecars.fr\/wp-content\/uploads\/2024\/02\/Cookiecars_Logo2024_2-removebg-preview-1.png\",\"contentUrl\":\"https:\/\/www.cookiecars.fr\/wp-content\/uploads\/2024\/02\/Cookiecars_Logo2024_2-removebg-preview-1.png\",\"width\":592,\"height\":421,\"caption\":\"Cookiecars\"},\"image\":{\"@id\":\"https:\/\/www.cookiecars.fr\/#\/schema\/logo\/image\/\"},\"sameAs\":[\"https:\/\/www.instagram.com\/juliencookiecars\/\"]}]}<\/script>\n<!-- \/ Yoast SEO plugin. -->","yoast_head_json":{"title":"Peugeot 205 CJ - Cookiecars","description":"Peugeot 205 CJ, cabriolet 1992Moteur 1.1i origine Allemagne. 168.000km. Contr\u00f4le technique OK. Capote comme neuve.","robots":{"index":"index","follow":"follow","max-snippet":"max-snippet:-1","max-image-preview":"max-image-preview:large","max-video-preview":"max-video-preview:-1"},"canonical":"https:\/\/www.cookiecars.fr\/index.php\/peugeot-205-cj\/","og_locale":"fr_FR","og_type":"article","og_title":"Peugeot 205 CJ - Cookiecars","og_description":"Peugeot 205 CJ, cabriolet 1992Moteur 1.1i origine Allemagne. 168.000km. Contr\u00f4le technique OK. Capote comme neuve.","og_url":"https:\/\/www.cookiecars.fr\/index.php\/peugeot-205-cj\/","og_site_name":"Cookiecars","article_modified_time":"2023-01-10T11:05:28+00:00","og_image":[{"url":"https:\/\/www.cookiecars.fr\/wp-content\/uploads\/2022\/10\/IMG-20220813-WA0039-1024x471.jpg"}],"twitter_card":"summary_large_image","twitter_misc":{"Dur\u00e9e de lecture estim\u00e9e":"2 minutes"},"schema":{"@context":"https:\/\/schema.org","@graph":[{"@type":"WebPage","@id":"https:\/\/www.cookiecars.fr\/index.php\/peugeot-205-cj\/","url":"https:\/\/www.cookiecars.fr\/index.php\/peugeot-205-cj\/","name":"Peugeot 205 CJ - Cookiecars","isPartOf":{"@id":"https:\/\/www.cookiecars.fr\/#website"},"datePublished":"2022-10-21T17:20:04+00:00","dateModified":"2023-01-10T11:05:28+00:00","description":"Peugeot 205 CJ, cabriolet 1992Moteur 1.1i origine Allemagne. 168.000km. Contr\u00f4le technique OK. Capote comme neuve.","breadcrumb":{"@id":"https:\/\/www.cookiecars.fr\/index.php\/peugeot-205-cj\/#breadcrumb"},"inLanguage":"fr-FR","potentialAction":[{"@type":"ReadAction","target":["https:\/\/www.cookiecars.fr\/index.php\/peugeot-205-cj\/"]}]},{"@type":"BreadcrumbList","@id":"https:\/\/www.cookiecars.fr\/index.php\/peugeot-205-cj\/#breadcrumb","itemListElement":[{"@type":"ListItem","position":1,"name":"Accueil","item":"https:\/\/www.cookiecars.fr\/"},{"@type":"ListItem","position":2,"name":"Peugeot 205 CJ"}]},{"@type":"WebSite","@id":"https:\/\/www.cookiecars.fr\/#website","url":"https:\/\/www.cookiecars.fr\/","name":"Cookiecars","description":"Trouvez votre nouveau projet auto!","publisher":{"@id":"https:\/\/www.cookiecars.fr\/#organization"},"alternateName":"Cookie cars","potentialAction":[{"@type":"SearchAction","target":{"@type":"EntryPoint","urlTemplate":"https:\/\/www.cookiecars.fr\/?s={search_term_string}"},"query-input":"required name=search_term_string"}],"inLanguage":"fr-FR"},{"@type":"Organization","@id":"https:\/\/www.cookiecars.fr\/#organization","name":"Cookiecars","alternateName":"Cookie cars","url":"https:\/\/www.cookiecars.fr\/","logo":{"@type":"ImageObject","inLanguage":"fr-FR","@id":"https:\/\/www.cookiecars.fr\/#\/schema\/logo\/image\/","url":"https:\/\/www.cookiecars.fr\/wp-content\/uploads\/2024\/02\/Cookiecars_Logo2024_2-removebg-preview-1.png","contentUrl":"https:\/\/www.cookiecars.fr\/wp-content\/uploads\/2024\/02\/Cookiecars_Logo2024_2-removebg-preview-1.png","width":592,"height":421,"caption":"Cookiecars"},"image":{"@id":"https:\/\/www.cookiecars.fr\/#\/schema\/logo\/image\/"},"sameAs":["https:\/\/www.instagram.com\/juliencookiecars\/"]}]}},"jetpack_sharing_enabled":true,"_links":{"self":[{"href":"https:\/\/www.cookiecars.fr\/index.php\/wp-json\/wp\/v2\/pages\/1440"}],"collection":[{"href":"https:\/\/www.cookiecars.fr\/index.php\/wp-json\/wp\/v2\/pages"}],"about":[{"href":"https:\/\/www.cookiecars.fr\/index.php\/wp-json\/wp\/v2\/types\/page"}],"author":[{"embeddable":true,"href":"https:\/\/www.cookiecars.fr\/index.php\/wp-json\/wp\/v2\/users\/1"}],"replies":[{"embeddable":true,"href":"https:\/\/www.cookiecars.fr\/index.php\/wp-json\/wp\/v2\/comments?post=1440"}],"version-history":[{"count":0,"href":"https:\/\/www.cookiecars.fr\/index.php\/wp-json\/wp\/v2\/pages\/1440\/revisions"}],"wp:attachment":[{"href":"https:\/\/www.cookiecars.fr\/index.php\/wp-json\/wp\/v2\/media?parent=1440"}],"curies":[{"name":"wp","href":"https:\/\/api.w.org\/{rel}","templated":true}]}}