{"id":1215,"date":"2022-10-20T22:53:12","date_gmt":"2022-10-20T20:53:12","guid":{"rendered":"https:\/\/www.cookiecars.fr\/?page_id=1215"},"modified":"2023-01-10T11:43:09","modified_gmt":"2023-01-10T10:43:09","slug":"citroen-xm-2-0-1991","status":"publish","type":"page","link":"https:\/\/www.cookiecars.fr\/index.php\/citroen-xm-2-0-1991\/","title":{"rendered":"Citroen XM 2.0i Vert Amandier"},"content":{"rendered":"\n<figure class=\"wp-block-gallery alignwide has-nested-images columns-default is-cropped wp-block-gallery-1 is-layout-flex wp-block-gallery-is-layout-flex\">\n<figure class=\"wp-block-image size-large\"><img loading=\"lazy\" decoding=\"async\" width=\"688\" height=\"426\" data-id=\"1217\" src=\"https:\/\/www.cookiecars.fr\/wp-content\/uploads\/2022\/10\/1.jpg\" alt=\"\" class=\"wp-image-1217\" srcset=\"https:\/\/www.cookiecars.fr\/wp-content\/uploads\/2022\/10\/1.jpg 688w, https:\/\/www.cookiecars.fr\/wp-content\/uploads\/2022\/10\/1-600x372.jpg 600w, https:\/\/www.cookiecars.fr\/wp-content\/uploads\/2022\/10\/1-300x186.jpg 300w, https:\/\/www.cookiecars.fr\/wp-content\/uploads\/2022\/10\/1-258x160.jpg 258w\" sizes=\"(max-width: 688px) 100vw, 688px\" \/><\/figure>\n\n\n\n<figure class=\"wp-block-image size-large\"><img loading=\"lazy\" decoding=\"async\" width=\"689\" height=\"429\" data-id=\"1218\" src=\"https:\/\/www.cookiecars.fr\/wp-content\/uploads\/2022\/10\/2.jpg\" alt=\"\" class=\"wp-image-1218\" srcset=\"https:\/\/www.cookiecars.fr\/wp-content\/uploads\/2022\/10\/2.jpg 689w, https:\/\/www.cookiecars.fr\/wp-content\/uploads\/2022\/10\/2-600x374.jpg 600w, https:\/\/www.cookiecars.fr\/wp-content\/uploads\/2022\/10\/2-300x187.jpg 300w, https:\/\/www.cookiecars.fr\/wp-content\/uploads\/2022\/10\/2-257x160.jpg 257w\" sizes=\"(max-width: 689px) 100vw, 689px\" \/><\/figure>\n<\/figure>\n\n\n\n<p><strong>1991 \u2013 Citro\u00ebn XM 2.0 <\/strong><\/p>\n\n\n\n<p><strong>Carte grise fran\u00e7aise. Seulement 81 503 km. Accompagn\u00e9e de son carnet d\u2019entretien et de ses notices d\u2019utilisation. <\/strong><\/p>\n\n\n\n<p><strong>Sph\u00e8res remplac\u00e9es et m\u00e9canique r\u00e9vis\u00e9e r\u00e9cemment. Comportement routier tr\u00e8s sain. Carrosserie Vert Amandier tr\u00e8s bien conserv\u00e9e. Habitacle en tr\u00e8s bon \u00e9tat<\/strong>.<\/p>\n\n\n\n<figure class=\"wp-block-gallery alignwide has-nested-images columns-default is-cropped wp-block-gallery-2 is-layout-flex wp-block-gallery-is-layout-flex\">\n<figure class=\"wp-block-image size-large\"><img loading=\"lazy\" decoding=\"async\" width=\"691\" height=\"423\" data-id=\"1219\" src=\"https:\/\/www.cookiecars.fr\/wp-content\/uploads\/2022\/10\/3.jpg\" alt=\"\" class=\"wp-image-1219\" srcset=\"https:\/\/www.cookiecars.fr\/wp-content\/uploads\/2022\/10\/3.jpg 691w, https:\/\/www.cookiecars.fr\/wp-content\/uploads\/2022\/10\/3-600x367.jpg 600w, https:\/\/www.cookiecars.fr\/wp-content\/uploads\/2022\/10\/3-300x184.jpg 300w, https:\/\/www.cookiecars.fr\/wp-content\/uploads\/2022\/10\/3-261x160.jpg 261w\" sizes=\"(max-width: 691px) 100vw, 691px\" \/><\/figure>\n\n\n\n<figure class=\"wp-block-image size-large\"><img loading=\"lazy\" decoding=\"async\" width=\"691\" height=\"394\" data-id=\"1216\" src=\"https:\/\/www.cookiecars.fr\/wp-content\/uploads\/2022\/10\/4.jpg\" alt=\"\" class=\"wp-image-1216\" srcset=\"https:\/\/www.cookiecars.fr\/wp-content\/uploads\/2022\/10\/4.jpg 691w, https:\/\/www.cookiecars.fr\/wp-content\/uploads\/2022\/10\/4-600x342.jpg 600w, https:\/\/www.cookiecars.fr\/wp-content\/uploads\/2022\/10\/4-300x171.jpg 300w, https:\/\/www.cookiecars.fr\/wp-content\/uploads\/2022\/10\/4-280x160.jpg 280w\" sizes=\"(max-width: 691px) 100vw, 691px\" \/><\/figure>\n<\/figure>\n\n\n\n<p><strong><a href=\"https:\/\/www.cookiecars.fr\/#telephone\" target=\"_blank\" rel=\"noreferrer noopener\">Vous souhaitez un v\u00e9hicule similaire? Contactez-nous!<\/a><\/strong><\/p>\n\n\n<div class=\"pgc-sgb-cb wp-block-pgcsimplygalleryblock-slider \" data-gallery-id=\"e7c57559\" style=\"min-height:400px\"><div class=\"sgb-preloader\" id=\"pr_e7c57559\">\n\t<div class=\"sgb-square\" style=\"background:#d4d4d4\"><\/div>\n\t<div class=\"sgb-square\" style=\"background:#d4d4d4\"><\/div>\n\t<div class=\"sgb-square\" style=\"background:#d4d4d4\"><\/div>\n\t<div class=\"sgb-square\" style=\"background:#d4d4d4\"><\/div><\/div><div class=\"simply-gallery-amp pgc_sgb_slider \" style=\"display: none;\"><div class=\"sgb-gallery\"><div class=\"sgb-item\"><a href=\"https:\/\/www.cookiecars.fr\/index.php\/citroen-xm-2-0-1991\/1-6\/\" target=\"_blank\"><img decoding=\"async\" alt=\"\" width=\"300\" height=\"186\" loading=\"lazy\" src=\"https:\/\/www.cookiecars.fr\/wp-content\/uploads\/2023\/01\/1-300x186.jpg\" srcset=\"https:\/\/www.cookiecars.fr\/wp-content\/uploads\/2023\/01\/1-300x186.jpg 300w,https:\/\/www.cookiecars.fr\/wp-content\/uploads\/2023\/01\/1.jpg 688w\" sizes=\"250px\"\/><\/a><\/div><div class=\"sgb-item\"><a href=\"https:\/\/www.cookiecars.fr\/index.php\/citroen-xm-2-0-1991\/2-3\/\" target=\"_blank\"><img decoding=\"async\" alt=\"\" width=\"300\" height=\"187\" loading=\"lazy\" src=\"https:\/\/www.cookiecars.fr\/wp-content\/uploads\/2023\/01\/2-300x187.jpg\" srcset=\"https:\/\/www.cookiecars.fr\/wp-content\/uploads\/2023\/01\/2-300x187.jpg 300w,https:\/\/www.cookiecars.fr\/wp-content\/uploads\/2023\/01\/2.jpg 689w\" sizes=\"250px\"\/><\/a><\/div><div class=\"sgb-item\"><a href=\"https:\/\/www.cookiecars.fr\/index.php\/citroen-xm-2-0-1991\/3-3\/\" target=\"_blank\"><img decoding=\"async\" alt=\"\" width=\"300\" height=\"184\" loading=\"lazy\" src=\"https:\/\/www.cookiecars.fr\/wp-content\/uploads\/2023\/01\/3-300x184.jpg\" srcset=\"https:\/\/www.cookiecars.fr\/wp-content\/uploads\/2023\/01\/3-300x184.jpg 300w,https:\/\/www.cookiecars.fr\/wp-content\/uploads\/2023\/01\/3.jpg 691w\" sizes=\"250px\"\/><\/a><\/div><div class=\"sgb-item\"><a href=\"https:\/\/www.cookiecars.fr\/index.php\/citroen-xm-2-0-1991\/4-3\/\" target=\"_blank\"><img decoding=\"async\" alt=\"\" width=\"300\" height=\"171\" loading=\"lazy\" src=\"https:\/\/www.cookiecars.fr\/wp-content\/uploads\/2023\/01\/4-300x171.jpg\" srcset=\"https:\/\/www.cookiecars.fr\/wp-content\/uploads\/2023\/01\/4-300x171.jpg 300w,https:\/\/www.cookiecars.fr\/wp-content\/uploads\/2023\/01\/4.jpg 691w\" sizes=\"250px\"\/><\/a><\/div><\/div><\/div><script type=\"application\/json\" class=\"sgb-data\">{\"sliderAdminWidth\":840,\"galleryType\":\"pgc_sgb_slider\",\"galleryId\":\"e7c57559\",\"images\":[{\"id\":1801,\"title\":\"1\",\"url\":\"https:\/\/www.cookiecars.fr\/wp-content\/uploads\/2023\/01\/1.jpg\",\"link\":\"https:\/\/www.cookiecars.fr\/index.php\/citroen-xm-2-0-1991\/1-6\/\",\"alt\":\"\",\"description\":\"\",\"caption\":\"\",\"mime\":\"image\/jpeg\",\"type\":\"image\",\"width\":688,\"height\":426,\"sizes\":{\"thumbnail\":{\"height\":150,\"width\":150,\"url\":\"https:\/\/www.cookiecars.fr\/wp-content\/uploads\/2023\/01\/1-150x150.jpg\",\"orientation\":\"landscape\"},\"medium\":{\"height\":186,\"width\":300,\"url\":\"https:\/\/www.cookiecars.fr\/wp-content\/uploads\/2023\/01\/1-300x186.jpg\",\"orientation\":\"landscape\"},\"full\":{\"url\":\"https:\/\/www.cookiecars.fr\/wp-content\/uploads\/2023\/01\/1.jpg\",\"height\":426,\"width\":688,\"orientation\":\"landscape\"}},\"meta\":false,\"postlink\":\"https:\/\/www.cookiecars.fr\/index.php\/citroen-xm-2-0-1991\/1-6\/\"},{\"id\":1802,\"title\":\"2\",\"url\":\"https:\/\/www.cookiecars.fr\/wp-content\/uploads\/2023\/01\/2.jpg\",\"link\":\"https:\/\/www.cookiecars.fr\/index.php\/citroen-xm-2-0-1991\/2-3\/\",\"alt\":\"\",\"description\":\"\",\"caption\":\"\",\"mime\":\"image\/jpeg\",\"type\":\"image\",\"width\":689,\"height\":429,\"sizes\":{\"thumbnail\":{\"height\":150,\"width\":150,\"url\":\"https:\/\/www.cookiecars.fr\/wp-content\/uploads\/2023\/01\/2-150x150.jpg\",\"orientation\":\"landscape\"},\"medium\":{\"height\":187,\"width\":300,\"url\":\"https:\/\/www.cookiecars.fr\/wp-content\/uploads\/2023\/01\/2-300x187.jpg\",\"orientation\":\"landscape\"},\"full\":{\"url\":\"https:\/\/www.cookiecars.fr\/wp-content\/uploads\/2023\/01\/2.jpg\",\"height\":429,\"width\":689,\"orientation\":\"landscape\"}},\"meta\":false,\"postlink\":\"https:\/\/www.cookiecars.fr\/index.php\/citroen-xm-2-0-1991\/2-3\/\"},{\"id\":1803,\"title\":\"3\",\"url\":\"https:\/\/www.cookiecars.fr\/wp-content\/uploads\/2023\/01\/3.jpg\",\"link\":\"https:\/\/www.cookiecars.fr\/index.php\/citroen-xm-2-0-1991\/3-3\/\",\"alt\":\"\",\"description\":\"\",\"caption\":\"\",\"mime\":\"image\/jpeg\",\"type\":\"image\",\"width\":691,\"height\":423,\"sizes\":{\"thumbnail\":{\"height\":150,\"width\":150,\"url\":\"https:\/\/www.cookiecars.fr\/wp-content\/uploads\/2023\/01\/3-150x150.jpg\",\"orientation\":\"landscape\"},\"medium\":{\"height\":184,\"width\":300,\"url\":\"https:\/\/www.cookiecars.fr\/wp-content\/uploads\/2023\/01\/3-300x184.jpg\",\"orientation\":\"landscape\"},\"full\":{\"url\":\"https:\/\/www.cookiecars.fr\/wp-content\/uploads\/2023\/01\/3.jpg\",\"height\":423,\"width\":691,\"orientation\":\"landscape\"}},\"meta\":false,\"postlink\":\"https:\/\/www.cookiecars.fr\/index.php\/citroen-xm-2-0-1991\/3-3\/\"},{\"id\":1799,\"title\":\"4\",\"url\":\"https:\/\/www.cookiecars.fr\/wp-content\/uploads\/2023\/01\/4.jpg\",\"link\":\"https:\/\/www.cookiecars.fr\/index.php\/citroen-xm-2-0-1991\/4-3\/\",\"alt\":\"\",\"description\":\"\",\"caption\":\"\",\"mime\":\"image\/jpeg\",\"type\":\"image\",\"width\":691,\"height\":394,\"sizes\":{\"thumbnail\":{\"height\":150,\"width\":150,\"url\":\"https:\/\/www.cookiecars.fr\/wp-content\/uploads\/2023\/01\/4-150x150.jpg\",\"orientation\":\"landscape\"},\"medium\":{\"height\":171,\"width\":300,\"url\":\"https:\/\/www.cookiecars.fr\/wp-content\/uploads\/2023\/01\/4-300x171.jpg\",\"orientation\":\"landscape\"},\"full\":{\"url\":\"https:\/\/www.cookiecars.fr\/wp-content\/uploads\/2023\/01\/4.jpg\",\"height\":394,\"width\":691,\"orientation\":\"landscape\"}},\"meta\":false,\"postlink\":\"https:\/\/www.cookiecars.fr\/index.php\/citroen-xm-2-0-1991\/4-3\/\"}],\"itemsMetaDataCollection\":[]}<\/script><script>(function(){if(window.PGC_SGB && window.PGC_SGB.searcher){window.PGC_SGB.searcher.initBlocks()}})()<\/script><\/div>","protected":false},"excerpt":{"rendered":"<p>1991 \u2013 Citro\u00ebn XM 2.0 Carte grise fran\u00e7aise. Seulement 81 503 km. Accompagn\u00e9e de son carnet d\u2019entretien et de ses notices d\u2019utilisation. Sph\u00e8res remplac\u00e9es et m\u00e9canique r\u00e9vis\u00e9e r\u00e9cemment. Comportement routier tr\u00e8s sain. Carrosserie Vert Amandier tr\u00e8s bien conserv\u00e9e. Habitacle en tr\u00e8s bon \u00e9tat. Vous souhaitez un v\u00e9hicule similaire? Contactez-nous!<\/p>\n","protected":false},"author":1,"featured_media":0,"parent":0,"menu_order":0,"comment_status":"closed","ping_status":"closed","template":"","meta":{"pgc_sgb_lightbox_settings":"","footnotes":""},"yoast_head":"<!-- This site is optimized with the Yoast SEO plugin v21.8 - https:\/\/yoast.com\/wordpress\/plugins\/seo\/ -->\n<title>Citroen XM 2.0i Vert Amandier - Cookiecars<\/title>\n<meta name=\"description\" content=\"Citroen XM 2.0i Vert Amandier. Carte grise fran\u00e7aise. Seulement 81 503 km. Accompagn\u00e9e de son carnet d\u2019entretien.\" \/>\n<meta name=\"robots\" content=\"index, follow, max-snippet:-1, max-image-preview:large, max-video-preview:-1\" \/>\n<link rel=\"canonical\" href=\"https:\/\/www.cookiecars.fr\/index.php\/citroen-xm-2-0-1991\/\" \/>\n<meta property=\"og:locale\" content=\"fr_FR\" \/>\n<meta property=\"og:type\" content=\"article\" \/>\n<meta property=\"og:title\" content=\"Citroen XM 2.0i Vert Amandier - Cookiecars\" \/>\n<meta property=\"og:description\" content=\"Citroen XM 2.0i Vert Amandier. Carte grise fran\u00e7aise. Seulement 81 503 km. Accompagn\u00e9e de son carnet d\u2019entretien.\" \/>\n<meta property=\"og:url\" content=\"https:\/\/www.cookiecars.fr\/index.php\/citroen-xm-2-0-1991\/\" \/>\n<meta property=\"og:site_name\" content=\"Cookiecars\" \/>\n<meta property=\"article:modified_time\" content=\"2023-01-10T10:43:09+00:00\" \/>\n<meta property=\"og:image\" content=\"https:\/\/www.cookiecars.fr\/wp-content\/uploads\/2022\/10\/1.jpg\" \/>\n<meta name=\"twitter:card\" content=\"summary_large_image\" \/>\n<meta name=\"twitter:label1\" content=\"Dur\u00e9e de lecture estim\u00e9e\" \/>\n\t<meta name=\"twitter:data1\" content=\"2 minutes\" \/>\n<script type=\"application\/ld+json\" class=\"yoast-schema-graph\">{\"@context\":\"https:\/\/schema.org\",\"@graph\":[{\"@type\":\"WebPage\",\"@id\":\"https:\/\/www.cookiecars.fr\/index.php\/citroen-xm-2-0-1991\/\",\"url\":\"https:\/\/www.cookiecars.fr\/index.php\/citroen-xm-2-0-1991\/\",\"name\":\"Citroen XM 2.0i Vert Amandier - Cookiecars\",\"isPartOf\":{\"@id\":\"https:\/\/www.cookiecars.fr\/#website\"},\"datePublished\":\"2022-10-20T20:53:12+00:00\",\"dateModified\":\"2023-01-10T10:43:09+00:00\",\"description\":\"Citroen XM 2.0i Vert Amandier. Carte grise fran\u00e7aise. Seulement 81 503 km. Accompagn\u00e9e de son carnet d\u2019entretien.\",\"breadcrumb\":{\"@id\":\"https:\/\/www.cookiecars.fr\/index.php\/citroen-xm-2-0-1991\/#breadcrumb\"},\"inLanguage\":\"fr-FR\",\"potentialAction\":[{\"@type\":\"ReadAction\",\"target\":[\"https:\/\/www.cookiecars.fr\/index.php\/citroen-xm-2-0-1991\/\"]}]},{\"@type\":\"BreadcrumbList\",\"@id\":\"https:\/\/www.cookiecars.fr\/index.php\/citroen-xm-2-0-1991\/#breadcrumb\",\"itemListElement\":[{\"@type\":\"ListItem\",\"position\":1,\"name\":\"Accueil\",\"item\":\"https:\/\/www.cookiecars.fr\/\"},{\"@type\":\"ListItem\",\"position\":2,\"name\":\"Citroen XM 2.0i Vert Amandier\"}]},{\"@type\":\"WebSite\",\"@id\":\"https:\/\/www.cookiecars.fr\/#website\",\"url\":\"https:\/\/www.cookiecars.fr\/\",\"name\":\"Cookiecars\",\"description\":\"Trouvez votre nouveau projet auto!\",\"publisher\":{\"@id\":\"https:\/\/www.cookiecars.fr\/#organization\"},\"alternateName\":\"Cookie cars\",\"potentialAction\":[{\"@type\":\"SearchAction\",\"target\":{\"@type\":\"EntryPoint\",\"urlTemplate\":\"https:\/\/www.cookiecars.fr\/?s={search_term_string}\"},\"query-input\":\"required name=search_term_string\"}],\"inLanguage\":\"fr-FR\"},{\"@type\":\"Organization\",\"@id\":\"https:\/\/www.cookiecars.fr\/#organization\",\"name\":\"Cookiecars\",\"alternateName\":\"Cookie cars\",\"url\":\"https:\/\/www.cookiecars.fr\/\",\"logo\":{\"@type\":\"ImageObject\",\"inLanguage\":\"fr-FR\",\"@id\":\"https:\/\/www.cookiecars.fr\/#\/schema\/logo\/image\/\",\"url\":\"https:\/\/www.cookiecars.fr\/wp-content\/uploads\/2024\/02\/Cookiecars_Logo2024_2-removebg-preview-1.png\",\"contentUrl\":\"https:\/\/www.cookiecars.fr\/wp-content\/uploads\/2024\/02\/Cookiecars_Logo2024_2-removebg-preview-1.png\",\"width\":592,\"height\":421,\"caption\":\"Cookiecars\"},\"image\":{\"@id\":\"https:\/\/www.cookiecars.fr\/#\/schema\/logo\/image\/\"},\"sameAs\":[\"https:\/\/www.instagram.com\/juliencookiecars\/\"]}]}<\/script>\n<!-- \/ Yoast SEO plugin. -->","yoast_head_json":{"title":"Citroen XM 2.0i Vert Amandier - Cookiecars","description":"Citroen XM 2.0i Vert Amandier. Carte grise fran\u00e7aise. Seulement 81 503 km. Accompagn\u00e9e de son carnet d\u2019entretien.","robots":{"index":"index","follow":"follow","max-snippet":"max-snippet:-1","max-image-preview":"max-image-preview:large","max-video-preview":"max-video-preview:-1"},"canonical":"https:\/\/www.cookiecars.fr\/index.php\/citroen-xm-2-0-1991\/","og_locale":"fr_FR","og_type":"article","og_title":"Citroen XM 2.0i Vert Amandier - Cookiecars","og_description":"Citroen XM 2.0i Vert Amandier. Carte grise fran\u00e7aise. Seulement 81 503 km. Accompagn\u00e9e de son carnet d\u2019entretien.","og_url":"https:\/\/www.cookiecars.fr\/index.php\/citroen-xm-2-0-1991\/","og_site_name":"Cookiecars","article_modified_time":"2023-01-10T10:43:09+00:00","og_image":[{"url":"https:\/\/www.cookiecars.fr\/wp-content\/uploads\/2022\/10\/1.jpg"}],"twitter_card":"summary_large_image","twitter_misc":{"Dur\u00e9e de lecture estim\u00e9e":"2 minutes"},"schema":{"@context":"https:\/\/schema.org","@graph":[{"@type":"WebPage","@id":"https:\/\/www.cookiecars.fr\/index.php\/citroen-xm-2-0-1991\/","url":"https:\/\/www.cookiecars.fr\/index.php\/citroen-xm-2-0-1991\/","name":"Citroen XM 2.0i Vert Amandier - Cookiecars","isPartOf":{"@id":"https:\/\/www.cookiecars.fr\/#website"},"datePublished":"2022-10-20T20:53:12+00:00","dateModified":"2023-01-10T10:43:09+00:00","description":"Citroen XM 2.0i Vert Amandier. Carte grise fran\u00e7aise. Seulement 81 503 km. Accompagn\u00e9e de son carnet d\u2019entretien.","breadcrumb":{"@id":"https:\/\/www.cookiecars.fr\/index.php\/citroen-xm-2-0-1991\/#breadcrumb"},"inLanguage":"fr-FR","potentialAction":[{"@type":"ReadAction","target":["https:\/\/www.cookiecars.fr\/index.php\/citroen-xm-2-0-1991\/"]}]},{"@type":"BreadcrumbList","@id":"https:\/\/www.cookiecars.fr\/index.php\/citroen-xm-2-0-1991\/#breadcrumb","itemListElement":[{"@type":"ListItem","position":1,"name":"Accueil","item":"https:\/\/www.cookiecars.fr\/"},{"@type":"ListItem","position":2,"name":"Citroen XM 2.0i Vert Amandier"}]},{"@type":"WebSite","@id":"https:\/\/www.cookiecars.fr\/#website","url":"https:\/\/www.cookiecars.fr\/","name":"Cookiecars","description":"Trouvez votre nouveau projet auto!","publisher":{"@id":"https:\/\/www.cookiecars.fr\/#organization"},"alternateName":"Cookie cars","potentialAction":[{"@type":"SearchAction","target":{"@type":"EntryPoint","urlTemplate":"https:\/\/www.cookiecars.fr\/?s={search_term_string}"},"query-input":"required name=search_term_string"}],"inLanguage":"fr-FR"},{"@type":"Organization","@id":"https:\/\/www.cookiecars.fr\/#organization","name":"Cookiecars","alternateName":"Cookie cars","url":"https:\/\/www.cookiecars.fr\/","logo":{"@type":"ImageObject","inLanguage":"fr-FR","@id":"https:\/\/www.cookiecars.fr\/#\/schema\/logo\/image\/","url":"https:\/\/www.cookiecars.fr\/wp-content\/uploads\/2024\/02\/Cookiecars_Logo2024_2-removebg-preview-1.png","contentUrl":"https:\/\/www.cookiecars.fr\/wp-content\/uploads\/2024\/02\/Cookiecars_Logo2024_2-removebg-preview-1.png","width":592,"height":421,"caption":"Cookiecars"},"image":{"@id":"https:\/\/www.cookiecars.fr\/#\/schema\/logo\/image\/"},"sameAs":["https:\/\/www.instagram.com\/juliencookiecars\/"]}]}},"jetpack_sharing_enabled":true,"_links":{"self":[{"href":"https:\/\/www.cookiecars.fr\/index.php\/wp-json\/wp\/v2\/pages\/1215"}],"collection":[{"href":"https:\/\/www.cookiecars.fr\/index.php\/wp-json\/wp\/v2\/pages"}],"about":[{"href":"https:\/\/www.cookiecars.fr\/index.php\/wp-json\/wp\/v2\/types\/page"}],"author":[{"embeddable":true,"href":"https:\/\/www.cookiecars.fr\/index.php\/wp-json\/wp\/v2\/users\/1"}],"replies":[{"embeddable":true,"href":"https:\/\/www.cookiecars.fr\/index.php\/wp-json\/wp\/v2\/comments?post=1215"}],"version-history":[{"count":0,"href":"https:\/\/www.cookiecars.fr\/index.php\/wp-json\/wp\/v2\/pages\/1215\/revisions"}],"wp:attachment":[{"href":"https:\/\/www.cookiecars.fr\/index.php\/wp-json\/wp\/v2\/media?parent=1215"}],"curies":[{"name":"wp","href":"https:\/\/api.w.org\/{rel}","templated":true}]}}