{"id":1194,"date":"2022-10-20T22:31:14","date_gmt":"2022-10-20T20:31:14","guid":{"rendered":"https:\/\/www.cookiecars.fr\/?page_id=1194"},"modified":"2023-01-10T12:15:21","modified_gmt":"2023-01-10T11:15:21","slug":"peugeot-205-roland-garros-cabriolet-2","status":"publish","type":"page","link":"https:\/\/www.cookiecars.fr\/index.php\/peugeot-205-roland-garros-cabriolet-2\/","title":{"rendered":"Peugeot 205 Roland Garros Cabriolet"},"content":{"rendered":"\n<figure class=\"wp-block-gallery alignwide has-nested-images columns-default is-cropped wp-block-gallery-1 is-layout-flex wp-block-gallery-is-layout-flex\">\n<figure class=\"wp-block-image size-large\"><img loading=\"lazy\" decoding=\"async\" width=\"1024\" height=\"1024\" data-id=\"1195\" src=\"https:\/\/www.cookiecars.fr\/wp-content\/uploads\/2022\/10\/20221008_164049-1024x1024.jpg\" alt=\"\" class=\"wp-image-1195\" srcset=\"https:\/\/www.cookiecars.fr\/wp-content\/uploads\/2022\/10\/20221008_164049-1024x1024.jpg 1024w, https:\/\/www.cookiecars.fr\/wp-content\/uploads\/2022\/10\/20221008_164049-300x300.jpg 300w, https:\/\/www.cookiecars.fr\/wp-content\/uploads\/2022\/10\/20221008_164049-scaled-100x100.jpg 100w, https:\/\/www.cookiecars.fr\/wp-content\/uploads\/2022\/10\/20221008_164049-600x600.jpg 600w, https:\/\/www.cookiecars.fr\/wp-content\/uploads\/2022\/10\/20221008_164049-150x150.jpg 150w, https:\/\/www.cookiecars.fr\/wp-content\/uploads\/2022\/10\/20221008_164049-768x768.jpg 768w, https:\/\/www.cookiecars.fr\/wp-content\/uploads\/2022\/10\/20221008_164049-1536x1536.jpg 1536w, https:\/\/www.cookiecars.fr\/wp-content\/uploads\/2022\/10\/20221008_164049-2048x2048.jpg 2048w, https:\/\/www.cookiecars.fr\/wp-content\/uploads\/2022\/10\/20221008_164049-160x160.jpg 160w\" sizes=\"(max-width: 1024px) 100vw, 1024px\" \/><\/figure>\n\n\n\n<figure class=\"wp-block-image size-large\"><img loading=\"lazy\" decoding=\"async\" width=\"909\" height=\"654\" data-id=\"1196\" src=\"https:\/\/www.cookiecars.fr\/wp-content\/uploads\/2022\/10\/20220916_185917.jpg\" alt=\"\" class=\"wp-image-1196\" srcset=\"https:\/\/www.cookiecars.fr\/wp-content\/uploads\/2022\/10\/20220916_185917.jpg 909w, https:\/\/www.cookiecars.fr\/wp-content\/uploads\/2022\/10\/20220916_185917-600x432.jpg 600w, https:\/\/www.cookiecars.fr\/wp-content\/uploads\/2022\/10\/20220916_185917-300x216.jpg 300w, https:\/\/www.cookiecars.fr\/wp-content\/uploads\/2022\/10\/20220916_185917-768x553.jpg 768w, https:\/\/www.cookiecars.fr\/wp-content\/uploads\/2022\/10\/20220916_185917-222x160.jpg 222w\" sizes=\"(max-width: 909px) 100vw, 909px\" \/><\/figure>\n<\/figure>\n\n\n\n<p><strong>Peugeot 205 Roland Garros Cabriolet 1.4 TU3S<\/strong><\/p>\n\n\n\n<p><strong>Origine France, de 2eme main, avec seulement 96.000 km, cet exemplaire parfaitement conserv\u00e9 sera le compagnon id\u00e9al de vos balades estivales.<\/strong><\/p>\n\n\n\n<p><strong>Sellerie et capote d&rsquo;origine en excellent \u00e9tat.  Aucun frais \u00e0 pr\u00e9voir, controle technique quasi-vierge.<\/strong><\/p>\n\n\n\n<figure class=\"wp-block-gallery alignwide has-nested-images columns-default is-cropped wp-block-gallery-2 is-layout-flex wp-block-gallery-is-layout-flex\">\n<figure class=\"wp-block-image size-large\"><img loading=\"lazy\" decoding=\"async\" width=\"906\" height=\"679\" data-id=\"1197\" src=\"https:\/\/www.cookiecars.fr\/wp-content\/uploads\/2022\/10\/20220916_190707.jpg\" alt=\"\" class=\"wp-image-1197\" srcset=\"https:\/\/www.cookiecars.fr\/wp-content\/uploads\/2022\/10\/20220916_190707.jpg 906w, https:\/\/www.cookiecars.fr\/wp-content\/uploads\/2022\/10\/20220916_190707-600x450.jpg 600w, https:\/\/www.cookiecars.fr\/wp-content\/uploads\/2022\/10\/20220916_190707-300x225.jpg 300w, https:\/\/www.cookiecars.fr\/wp-content\/uploads\/2022\/10\/20220916_190707-768x576.jpg 768w, https:\/\/www.cookiecars.fr\/wp-content\/uploads\/2022\/10\/20220916_190707-213x160.jpg 213w\" sizes=\"(max-width: 906px) 100vw, 906px\" \/><\/figure>\n\n\n\n<figure class=\"wp-block-image size-large\"><img loading=\"lazy\" decoding=\"async\" width=\"908\" height=\"589\" data-id=\"1198\" src=\"https:\/\/www.cookiecars.fr\/wp-content\/uploads\/2022\/10\/20220916_190003.jpg\" alt=\"\" class=\"wp-image-1198\" srcset=\"https:\/\/www.cookiecars.fr\/wp-content\/uploads\/2022\/10\/20220916_190003.jpg 908w, https:\/\/www.cookiecars.fr\/wp-content\/uploads\/2022\/10\/20220916_190003-600x389.jpg 600w, https:\/\/www.cookiecars.fr\/wp-content\/uploads\/2022\/10\/20220916_190003-300x195.jpg 300w, https:\/\/www.cookiecars.fr\/wp-content\/uploads\/2022\/10\/20220916_190003-768x498.jpg 768w, https:\/\/www.cookiecars.fr\/wp-content\/uploads\/2022\/10\/20220916_190003-247x160.jpg 247w\" sizes=\"(max-width: 908px) 100vw, 908px\" \/><\/figure>\n<\/figure>\n\n\n\n<p><strong><a href=\"https:\/\/www.cookiecars.fr\/#telephone\" target=\"_blank\" rel=\"noreferrer noopener\">Vous souhaitez un v\u00e9hicule similaire? Contatez-nous!<\/a><\/strong><\/p>\n","protected":false},"excerpt":{"rendered":"<p>Peugeot 205 Roland Garros Cabriolet 1.4 TU3S Origine France, de 2eme main, avec seulement 96.000 km, cet exemplaire parfaitement conserv\u00e9 sera le compagnon id\u00e9al de vos balades estivales. Sellerie et capote d&rsquo;origine en excellent \u00e9tat. Aucun frais \u00e0 pr\u00e9voir, controle technique quasi-vierge. Vous souhaitez un v\u00e9hicule similaire? Contatez-nous!<\/p>\n","protected":false},"author":1,"featured_media":0,"parent":0,"menu_order":0,"comment_status":"closed","ping_status":"closed","template":"","meta":{"pgc_sgb_lightbox_settings":"","footnotes":""},"yoast_head":"<!-- This site is optimized with the Yoast SEO plugin v21.8 - https:\/\/yoast.com\/wordpress\/plugins\/seo\/ -->\n<title>Peugeot 205 Roland Garros Cabriolet - Cookiecars<\/title>\n<meta name=\"description\" content=\"Peugeot 205 Roland Garros Cabriolet 1.4 TU3S. Origine France, 2eme main, seulement 96.000 km, sellerie et capote d&#039;origine en excellent \u00e9tat.\" \/>\n<meta name=\"robots\" content=\"index, follow, max-snippet:-1, max-image-preview:large, max-video-preview:-1\" \/>\n<link rel=\"canonical\" href=\"https:\/\/www.cookiecars.fr\/index.php\/peugeot-205-roland-garros-cabriolet-2\/\" \/>\n<meta property=\"og:locale\" content=\"fr_FR\" \/>\n<meta property=\"og:type\" content=\"article\" \/>\n<meta property=\"og:title\" content=\"Peugeot 205 Roland Garros Cabriolet - Cookiecars\" \/>\n<meta property=\"og:description\" content=\"Peugeot 205 Roland Garros Cabriolet 1.4 TU3S. Origine France, 2eme main, seulement 96.000 km, sellerie et capote d&#039;origine en excellent \u00e9tat.\" \/>\n<meta property=\"og:url\" content=\"https:\/\/www.cookiecars.fr\/index.php\/peugeot-205-roland-garros-cabriolet-2\/\" \/>\n<meta property=\"og:site_name\" content=\"Cookiecars\" \/>\n<meta property=\"article:modified_time\" content=\"2023-01-10T11:15:21+00:00\" \/>\n<meta property=\"og:image\" content=\"https:\/\/www.cookiecars.fr\/wp-content\/uploads\/2022\/10\/20221008_164049-1024x1024.jpg\" \/>\n<meta name=\"twitter:card\" content=\"summary_large_image\" \/>\n<meta name=\"twitter:label1\" content=\"Dur\u00e9e de lecture estim\u00e9e\" \/>\n\t<meta name=\"twitter:data1\" content=\"2 minutes\" \/>\n<script type=\"application\/ld+json\" class=\"yoast-schema-graph\">{\"@context\":\"https:\/\/schema.org\",\"@graph\":[{\"@type\":\"WebPage\",\"@id\":\"https:\/\/www.cookiecars.fr\/index.php\/peugeot-205-roland-garros-cabriolet-2\/\",\"url\":\"https:\/\/www.cookiecars.fr\/index.php\/peugeot-205-roland-garros-cabriolet-2\/\",\"name\":\"Peugeot 205 Roland Garros Cabriolet - Cookiecars\",\"isPartOf\":{\"@id\":\"https:\/\/www.cookiecars.fr\/#website\"},\"datePublished\":\"2022-10-20T20:31:14+00:00\",\"dateModified\":\"2023-01-10T11:15:21+00:00\",\"description\":\"Peugeot 205 Roland Garros Cabriolet 1.4 TU3S. Origine France, 2eme main, seulement 96.000 km, sellerie et capote d'origine en excellent \u00e9tat.\",\"breadcrumb\":{\"@id\":\"https:\/\/www.cookiecars.fr\/index.php\/peugeot-205-roland-garros-cabriolet-2\/#breadcrumb\"},\"inLanguage\":\"fr-FR\",\"potentialAction\":[{\"@type\":\"ReadAction\",\"target\":[\"https:\/\/www.cookiecars.fr\/index.php\/peugeot-205-roland-garros-cabriolet-2\/\"]}]},{\"@type\":\"BreadcrumbList\",\"@id\":\"https:\/\/www.cookiecars.fr\/index.php\/peugeot-205-roland-garros-cabriolet-2\/#breadcrumb\",\"itemListElement\":[{\"@type\":\"ListItem\",\"position\":1,\"name\":\"Accueil\",\"item\":\"https:\/\/www.cookiecars.fr\/\"},{\"@type\":\"ListItem\",\"position\":2,\"name\":\"Peugeot 205 Roland Garros Cabriolet\"}]},{\"@type\":\"WebSite\",\"@id\":\"https:\/\/www.cookiecars.fr\/#website\",\"url\":\"https:\/\/www.cookiecars.fr\/\",\"name\":\"Cookiecars\",\"description\":\"Trouvez votre nouveau projet auto!\",\"publisher\":{\"@id\":\"https:\/\/www.cookiecars.fr\/#organization\"},\"alternateName\":\"Cookie cars\",\"potentialAction\":[{\"@type\":\"SearchAction\",\"target\":{\"@type\":\"EntryPoint\",\"urlTemplate\":\"https:\/\/www.cookiecars.fr\/?s={search_term_string}\"},\"query-input\":\"required name=search_term_string\"}],\"inLanguage\":\"fr-FR\"},{\"@type\":\"Organization\",\"@id\":\"https:\/\/www.cookiecars.fr\/#organization\",\"name\":\"Cookiecars\",\"alternateName\":\"Cookie cars\",\"url\":\"https:\/\/www.cookiecars.fr\/\",\"logo\":{\"@type\":\"ImageObject\",\"inLanguage\":\"fr-FR\",\"@id\":\"https:\/\/www.cookiecars.fr\/#\/schema\/logo\/image\/\",\"url\":\"https:\/\/www.cookiecars.fr\/wp-content\/uploads\/2024\/02\/Cookiecars_Logo2024_2-removebg-preview-1.png\",\"contentUrl\":\"https:\/\/www.cookiecars.fr\/wp-content\/uploads\/2024\/02\/Cookiecars_Logo2024_2-removebg-preview-1.png\",\"width\":592,\"height\":421,\"caption\":\"Cookiecars\"},\"image\":{\"@id\":\"https:\/\/www.cookiecars.fr\/#\/schema\/logo\/image\/\"},\"sameAs\":[\"https:\/\/www.instagram.com\/juliencookiecars\/\"]}]}<\/script>\n<!-- \/ Yoast SEO plugin. -->","yoast_head_json":{"title":"Peugeot 205 Roland Garros Cabriolet - Cookiecars","description":"Peugeot 205 Roland Garros Cabriolet 1.4 TU3S. Origine France, 2eme main, seulement 96.000 km, sellerie et capote d'origine en excellent \u00e9tat.","robots":{"index":"index","follow":"follow","max-snippet":"max-snippet:-1","max-image-preview":"max-image-preview:large","max-video-preview":"max-video-preview:-1"},"canonical":"https:\/\/www.cookiecars.fr\/index.php\/peugeot-205-roland-garros-cabriolet-2\/","og_locale":"fr_FR","og_type":"article","og_title":"Peugeot 205 Roland Garros Cabriolet - Cookiecars","og_description":"Peugeot 205 Roland Garros Cabriolet 1.4 TU3S. Origine France, 2eme main, seulement 96.000 km, sellerie et capote d'origine en excellent \u00e9tat.","og_url":"https:\/\/www.cookiecars.fr\/index.php\/peugeot-205-roland-garros-cabriolet-2\/","og_site_name":"Cookiecars","article_modified_time":"2023-01-10T11:15:21+00:00","og_image":[{"url":"https:\/\/www.cookiecars.fr\/wp-content\/uploads\/2022\/10\/20221008_164049-1024x1024.jpg"}],"twitter_card":"summary_large_image","twitter_misc":{"Dur\u00e9e de lecture estim\u00e9e":"2 minutes"},"schema":{"@context":"https:\/\/schema.org","@graph":[{"@type":"WebPage","@id":"https:\/\/www.cookiecars.fr\/index.php\/peugeot-205-roland-garros-cabriolet-2\/","url":"https:\/\/www.cookiecars.fr\/index.php\/peugeot-205-roland-garros-cabriolet-2\/","name":"Peugeot 205 Roland Garros Cabriolet - Cookiecars","isPartOf":{"@id":"https:\/\/www.cookiecars.fr\/#website"},"datePublished":"2022-10-20T20:31:14+00:00","dateModified":"2023-01-10T11:15:21+00:00","description":"Peugeot 205 Roland Garros Cabriolet 1.4 TU3S. Origine France, 2eme main, seulement 96.000 km, sellerie et capote d'origine en excellent \u00e9tat.","breadcrumb":{"@id":"https:\/\/www.cookiecars.fr\/index.php\/peugeot-205-roland-garros-cabriolet-2\/#breadcrumb"},"inLanguage":"fr-FR","potentialAction":[{"@type":"ReadAction","target":["https:\/\/www.cookiecars.fr\/index.php\/peugeot-205-roland-garros-cabriolet-2\/"]}]},{"@type":"BreadcrumbList","@id":"https:\/\/www.cookiecars.fr\/index.php\/peugeot-205-roland-garros-cabriolet-2\/#breadcrumb","itemListElement":[{"@type":"ListItem","position":1,"name":"Accueil","item":"https:\/\/www.cookiecars.fr\/"},{"@type":"ListItem","position":2,"name":"Peugeot 205 Roland Garros Cabriolet"}]},{"@type":"WebSite","@id":"https:\/\/www.cookiecars.fr\/#website","url":"https:\/\/www.cookiecars.fr\/","name":"Cookiecars","description":"Trouvez votre nouveau projet auto!","publisher":{"@id":"https:\/\/www.cookiecars.fr\/#organization"},"alternateName":"Cookie cars","potentialAction":[{"@type":"SearchAction","target":{"@type":"EntryPoint","urlTemplate":"https:\/\/www.cookiecars.fr\/?s={search_term_string}"},"query-input":"required name=search_term_string"}],"inLanguage":"fr-FR"},{"@type":"Organization","@id":"https:\/\/www.cookiecars.fr\/#organization","name":"Cookiecars","alternateName":"Cookie cars","url":"https:\/\/www.cookiecars.fr\/","logo":{"@type":"ImageObject","inLanguage":"fr-FR","@id":"https:\/\/www.cookiecars.fr\/#\/schema\/logo\/image\/","url":"https:\/\/www.cookiecars.fr\/wp-content\/uploads\/2024\/02\/Cookiecars_Logo2024_2-removebg-preview-1.png","contentUrl":"https:\/\/www.cookiecars.fr\/wp-content\/uploads\/2024\/02\/Cookiecars_Logo2024_2-removebg-preview-1.png","width":592,"height":421,"caption":"Cookiecars"},"image":{"@id":"https:\/\/www.cookiecars.fr\/#\/schema\/logo\/image\/"},"sameAs":["https:\/\/www.instagram.com\/juliencookiecars\/"]}]}},"jetpack_sharing_enabled":true,"_links":{"self":[{"href":"https:\/\/www.cookiecars.fr\/index.php\/wp-json\/wp\/v2\/pages\/1194"}],"collection":[{"href":"https:\/\/www.cookiecars.fr\/index.php\/wp-json\/wp\/v2\/pages"}],"about":[{"href":"https:\/\/www.cookiecars.fr\/index.php\/wp-json\/wp\/v2\/types\/page"}],"author":[{"embeddable":true,"href":"https:\/\/www.cookiecars.fr\/index.php\/wp-json\/wp\/v2\/users\/1"}],"replies":[{"embeddable":true,"href":"https:\/\/www.cookiecars.fr\/index.php\/wp-json\/wp\/v2\/comments?post=1194"}],"version-history":[{"count":0,"href":"https:\/\/www.cookiecars.fr\/index.php\/wp-json\/wp\/v2\/pages\/1194\/revisions"}],"wp:attachment":[{"href":"https:\/\/www.cookiecars.fr\/index.php\/wp-json\/wp\/v2\/media?parent=1194"}],"curies":[{"name":"wp","href":"https:\/\/api.w.org\/{rel}","templated":true}]}}