{"id":1183,"date":"2022-10-20T22:12:18","date_gmt":"2022-10-20T20:12:18","guid":{"rendered":"https:\/\/www.cookiecars.fr\/?page_id=1183"},"modified":"2023-01-10T12:12:05","modified_gmt":"2023-01-10T11:12:05","slug":"peugeot-205-roland-garros-cabriolet","status":"publish","type":"page","link":"https:\/\/www.cookiecars.fr\/index.php\/peugeot-205-roland-garros-cabriolet\/","title":{"rendered":"Peugeot 205 Roland Garros Cabriolet"},"content":{"rendered":"\n<div class=\"wp-block-group alignfull has-background is-layout-flow wp-block-group-is-layout-flow\" style=\"background-color:#f8f4e4\"><div class=\"wp-block-group__inner-container\">\n<div class=\"wp-block-columns alignwide is-layout-flex wp-container-core-columns-layout-1 wp-block-columns-is-layout-flex\">\n<div class=\"wp-block-column is-layout-flow wp-block-column-is-layout-flow\">\n<h6 class=\"has-text-color wp-block-heading\" id=\"ecosystem\" style=\"color:#000000\">Voiture mythique des ann\u00e9es 90<\/h6>\n\n\n\n<p class=\"has-text-color\" style=\"color:#000000;font-size:5vw;line-height:1.1\"><strong><strong>Peugeot 205 Roland Garros Cabriolet<\/strong><\/strong> <strong>\u00e0 r\u00e9nover<\/strong><\/p>\n\n\n\n<div style=\"height:5px\" aria-hidden=\"true\" class=\"wp-block-spacer\"><\/div>\n<\/div>\n<\/div>\n\n\n\n<div class=\"wp-block-columns alignwide is-layout-flex wp-container-core-columns-layout-2 wp-block-columns-is-layout-flex\">\n<div class=\"wp-block-column is-layout-flow wp-block-column-is-layout-flow\" style=\"flex-basis:33.38%\">\n<p>Peugeot 205 Roland Garros 1992 1.4i Injection, origine Allemagne, 140.000 Km.<\/p>\n\n\n\n<p>Excellente base de r\u00e9novation, cette 205 est parfaite pour un passionn\u00e9 d\u00e9sireux de r\u00e9nover lui m\u00eame son cabriolet.<\/p>\n<\/div>\n\n\n\n<div class=\"wp-block-column is-layout-flow wp-block-column-is-layout-flow\" style=\"flex-basis:33%\">\n<figure class=\"wp-block-image size-large is-resized\"><img decoding=\"async\" src=\"https:\/\/www.cookiecars.fr\/wp-content\/uploads\/2022\/10\/20220803_142759-edited-1-scaled.jpg\" alt=\"\" class=\"wp-image-1184\" width=\"253\" srcset=\"https:\/\/www.cookiecars.fr\/wp-content\/uploads\/2022\/10\/20220803_142759-edited-1-scaled.jpg 2072w, https:\/\/www.cookiecars.fr\/wp-content\/uploads\/2022\/10\/20220803_142759-edited-1-scaled-600x741.jpg 600w, https:\/\/www.cookiecars.fr\/wp-content\/uploads\/2022\/10\/20220803_142759-edited-1-243x300.jpg 243w, https:\/\/www.cookiecars.fr\/wp-content\/uploads\/2022\/10\/20220803_142759-edited-1-829x1024.jpg 829w, https:\/\/www.cookiecars.fr\/wp-content\/uploads\/2022\/10\/20220803_142759-edited-1-768x949.jpg 768w, https:\/\/www.cookiecars.fr\/wp-content\/uploads\/2022\/10\/20220803_142759-edited-1-1243x1536.jpg 1243w, https:\/\/www.cookiecars.fr\/wp-content\/uploads\/2022\/10\/20220803_142759-edited-1-1657x2048.jpg 1657w, https:\/\/www.cookiecars.fr\/wp-content\/uploads\/2022\/10\/20220803_142759-edited-1-486x600.jpg 486w, https:\/\/www.cookiecars.fr\/wp-content\/uploads\/2022\/10\/20220803_142759-edited-1-129x160.jpg 129w\" sizes=\"(max-width: 2072px) 100vw, 2072px\" \/><\/figure>\n<\/div>\n\n\n\n<div class=\"wp-block-column is-layout-flow wp-block-column-is-layout-flow\" style=\"flex-basis:33.62%\">\n<figure class=\"wp-block-image size-large is-resized\"><img loading=\"lazy\" decoding=\"async\" src=\"https:\/\/www.cookiecars.fr\/wp-content\/uploads\/2022\/10\/20220803_142719-536x1024.jpg\" alt=\"\" class=\"wp-image-1172\" width=\"216\" height=\"411\" srcset=\"https:\/\/www.cookiecars.fr\/wp-content\/uploads\/2022\/10\/20220803_142719-157x300.jpg 157w, https:\/\/www.cookiecars.fr\/wp-content\/uploads\/2022\/10\/20220803_142719-84x160.jpg 84w\" sizes=\"(max-width: 216px) 100vw, 216px\" \/><\/figure>\n<\/div>\n<\/div>\n\n\n\n<div class=\"wp-block-columns alignwide is-layout-flex wp-container-core-columns-layout-3 wp-block-columns-is-layout-flex\">\n<div class=\"wp-block-column is-layout-flow wp-block-column-is-layout-flow\" style=\"flex-basis:67%\"><div class=\"wp-block-image\">\n<figure class=\"alignright size-large\"><img loading=\"lazy\" decoding=\"async\" width=\"1024\" height=\"478\" src=\"https:\/\/www.cookiecars.fr\/wp-content\/uploads\/2022\/10\/20220803_142746-1024x478.jpg\" alt=\"\" class=\"wp-image-1169\" srcset=\"https:\/\/www.cookiecars.fr\/wp-content\/uploads\/2022\/10\/20220803_142746-1024x478.jpg 1024w, https:\/\/www.cookiecars.fr\/wp-content\/uploads\/2022\/10\/20220803_142746-600x280.jpg 600w, https:\/\/www.cookiecars.fr\/wp-content\/uploads\/2022\/10\/20220803_142746-300x140.jpg 300w, https:\/\/www.cookiecars.fr\/wp-content\/uploads\/2022\/10\/20220803_142746-768x359.jpg 768w, https:\/\/www.cookiecars.fr\/wp-content\/uploads\/2022\/10\/20220803_142746-1536x717.jpg 1536w, https:\/\/www.cookiecars.fr\/wp-content\/uploads\/2022\/10\/20220803_142746-2048x956.jpg 2048w, https:\/\/www.cookiecars.fr\/wp-content\/uploads\/2022\/10\/20220803_142746-280x131.jpg 280w\" sizes=\"(max-width: 1024px) 100vw, 1024px\" \/><\/figure><\/div><\/div>\n\n\n\n<div class=\"wp-block-column is-vertically-aligned-center is-layout-flow wp-block-column-is-layout-flow\" style=\"flex-basis:33%\">\n<p>Roulante, m\u00e9caniquement saine, elle n\u00e9c\u00e9ssite un remise en forme carrosserie et de soins sellerie + capote.<\/p>\n\n\n\n<p>Petit prix.<\/p>\n<\/div>\n<\/div>\n\n\n\n<p>Vous souhaitez un v\u00e9hicule similaire? Contatez-nous<\/p>\n<\/div><\/div>\n","protected":false},"excerpt":{"rendered":"<p>Voiture mythique des ann\u00e9es 90 Peugeot 205 Roland Garros Cabriolet \u00e0 r\u00e9nover Peugeot 205 Roland Garros 1992 1.4i Injection, origine Allemagne, 140.000 Km. Excellente base de r\u00e9novation, cette 205 est parfaite pour un passionn\u00e9 d\u00e9sireux de r\u00e9nover lui m\u00eame son cabriolet. Roulante, m\u00e9caniquement saine, elle n\u00e9c\u00e9ssite un remise en forme carrosserie et de soins sellerie [&hellip;]<\/p>\n","protected":false},"author":1,"featured_media":0,"parent":0,"menu_order":0,"comment_status":"closed","ping_status":"closed","template":"","meta":{"pgc_sgb_lightbox_settings":"","footnotes":""},"yoast_head":"<!-- This site is optimized with the Yoast SEO plugin v21.8 - https:\/\/yoast.com\/wordpress\/plugins\/seo\/ -->\n<title>Peugeot 205 Roland Garros Cabriolet - Cookiecars<\/title>\n<meta name=\"description\" content=\"Peugeot 205 Roland Garros 1992 1.4i Injection \u00e0 r\u00e9nover, 140.000 Km, parfaite pour un passionn\u00e9 d\u00e9sireux de r\u00e9nover lui m\u00eame son cabriolet.\" \/>\n<meta name=\"robots\" content=\"index, follow, max-snippet:-1, max-image-preview:large, max-video-preview:-1\" \/>\n<link rel=\"canonical\" href=\"https:\/\/www.cookiecars.fr\/index.php\/peugeot-205-roland-garros-cabriolet\/\" \/>\n<meta property=\"og:locale\" content=\"fr_FR\" \/>\n<meta property=\"og:type\" content=\"article\" \/>\n<meta property=\"og:title\" content=\"Peugeot 205 Roland Garros Cabriolet - Cookiecars\" \/>\n<meta property=\"og:description\" content=\"Peugeot 205 Roland Garros 1992 1.4i Injection \u00e0 r\u00e9nover, 140.000 Km, parfaite pour un passionn\u00e9 d\u00e9sireux de r\u00e9nover lui m\u00eame son cabriolet.\" \/>\n<meta property=\"og:url\" content=\"https:\/\/www.cookiecars.fr\/index.php\/peugeot-205-roland-garros-cabriolet\/\" \/>\n<meta property=\"og:site_name\" content=\"Cookiecars\" \/>\n<meta property=\"article:modified_time\" content=\"2023-01-10T11:12:05+00:00\" \/>\n<meta property=\"og:image\" content=\"https:\/\/www.cookiecars.fr\/wp-content\/uploads\/2022\/10\/20220803_142759-edited-1-scaled.jpg\" \/>\n<meta name=\"twitter:card\" content=\"summary_large_image\" \/>\n<meta name=\"twitter:label1\" content=\"Dur\u00e9e de lecture estim\u00e9e\" \/>\n\t<meta name=\"twitter:data1\" content=\"1 minute\" \/>\n<script type=\"application\/ld+json\" class=\"yoast-schema-graph\">{\"@context\":\"https:\/\/schema.org\",\"@graph\":[{\"@type\":\"WebPage\",\"@id\":\"https:\/\/www.cookiecars.fr\/index.php\/peugeot-205-roland-garros-cabriolet\/\",\"url\":\"https:\/\/www.cookiecars.fr\/index.php\/peugeot-205-roland-garros-cabriolet\/\",\"name\":\"Peugeot 205 Roland Garros Cabriolet - Cookiecars\",\"isPartOf\":{\"@id\":\"https:\/\/www.cookiecars.fr\/#website\"},\"datePublished\":\"2022-10-20T20:12:18+00:00\",\"dateModified\":\"2023-01-10T11:12:05+00:00\",\"description\":\"Peugeot 205 Roland Garros 1992 1.4i Injection \u00e0 r\u00e9nover, 140.000 Km, parfaite pour un passionn\u00e9 d\u00e9sireux de r\u00e9nover lui m\u00eame son cabriolet.\",\"breadcrumb\":{\"@id\":\"https:\/\/www.cookiecars.fr\/index.php\/peugeot-205-roland-garros-cabriolet\/#breadcrumb\"},\"inLanguage\":\"fr-FR\",\"potentialAction\":[{\"@type\":\"ReadAction\",\"target\":[\"https:\/\/www.cookiecars.fr\/index.php\/peugeot-205-roland-garros-cabriolet\/\"]}]},{\"@type\":\"BreadcrumbList\",\"@id\":\"https:\/\/www.cookiecars.fr\/index.php\/peugeot-205-roland-garros-cabriolet\/#breadcrumb\",\"itemListElement\":[{\"@type\":\"ListItem\",\"position\":1,\"name\":\"Accueil\",\"item\":\"https:\/\/www.cookiecars.fr\/\"},{\"@type\":\"ListItem\",\"position\":2,\"name\":\"Peugeot 205 Roland Garros Cabriolet\"}]},{\"@type\":\"WebSite\",\"@id\":\"https:\/\/www.cookiecars.fr\/#website\",\"url\":\"https:\/\/www.cookiecars.fr\/\",\"name\":\"Cookiecars\",\"description\":\"Trouvez votre nouveau projet auto!\",\"publisher\":{\"@id\":\"https:\/\/www.cookiecars.fr\/#organization\"},\"alternateName\":\"Cookie cars\",\"potentialAction\":[{\"@type\":\"SearchAction\",\"target\":{\"@type\":\"EntryPoint\",\"urlTemplate\":\"https:\/\/www.cookiecars.fr\/?s={search_term_string}\"},\"query-input\":\"required name=search_term_string\"}],\"inLanguage\":\"fr-FR\"},{\"@type\":\"Organization\",\"@id\":\"https:\/\/www.cookiecars.fr\/#organization\",\"name\":\"Cookiecars\",\"alternateName\":\"Cookie cars\",\"url\":\"https:\/\/www.cookiecars.fr\/\",\"logo\":{\"@type\":\"ImageObject\",\"inLanguage\":\"fr-FR\",\"@id\":\"https:\/\/www.cookiecars.fr\/#\/schema\/logo\/image\/\",\"url\":\"https:\/\/www.cookiecars.fr\/wp-content\/uploads\/2024\/02\/Cookiecars_Logo2024_2-removebg-preview-1.png\",\"contentUrl\":\"https:\/\/www.cookiecars.fr\/wp-content\/uploads\/2024\/02\/Cookiecars_Logo2024_2-removebg-preview-1.png\",\"width\":592,\"height\":421,\"caption\":\"Cookiecars\"},\"image\":{\"@id\":\"https:\/\/www.cookiecars.fr\/#\/schema\/logo\/image\/\"},\"sameAs\":[\"https:\/\/www.instagram.com\/juliencookiecars\/\"]}]}<\/script>\n<!-- \/ Yoast SEO plugin. -->","yoast_head_json":{"title":"Peugeot 205 Roland Garros Cabriolet - Cookiecars","description":"Peugeot 205 Roland Garros 1992 1.4i Injection \u00e0 r\u00e9nover, 140.000 Km, parfaite pour un passionn\u00e9 d\u00e9sireux de r\u00e9nover lui m\u00eame son cabriolet.","robots":{"index":"index","follow":"follow","max-snippet":"max-snippet:-1","max-image-preview":"max-image-preview:large","max-video-preview":"max-video-preview:-1"},"canonical":"https:\/\/www.cookiecars.fr\/index.php\/peugeot-205-roland-garros-cabriolet\/","og_locale":"fr_FR","og_type":"article","og_title":"Peugeot 205 Roland Garros Cabriolet - Cookiecars","og_description":"Peugeot 205 Roland Garros 1992 1.4i Injection \u00e0 r\u00e9nover, 140.000 Km, parfaite pour un passionn\u00e9 d\u00e9sireux de r\u00e9nover lui m\u00eame son cabriolet.","og_url":"https:\/\/www.cookiecars.fr\/index.php\/peugeot-205-roland-garros-cabriolet\/","og_site_name":"Cookiecars","article_modified_time":"2023-01-10T11:12:05+00:00","og_image":[{"url":"https:\/\/www.cookiecars.fr\/wp-content\/uploads\/2022\/10\/20220803_142759-edited-1-scaled.jpg"}],"twitter_card":"summary_large_image","twitter_misc":{"Dur\u00e9e de lecture estim\u00e9e":"1 minute"},"schema":{"@context":"https:\/\/schema.org","@graph":[{"@type":"WebPage","@id":"https:\/\/www.cookiecars.fr\/index.php\/peugeot-205-roland-garros-cabriolet\/","url":"https:\/\/www.cookiecars.fr\/index.php\/peugeot-205-roland-garros-cabriolet\/","name":"Peugeot 205 Roland Garros Cabriolet - Cookiecars","isPartOf":{"@id":"https:\/\/www.cookiecars.fr\/#website"},"datePublished":"2022-10-20T20:12:18+00:00","dateModified":"2023-01-10T11:12:05+00:00","description":"Peugeot 205 Roland Garros 1992 1.4i Injection \u00e0 r\u00e9nover, 140.000 Km, parfaite pour un passionn\u00e9 d\u00e9sireux de r\u00e9nover lui m\u00eame son cabriolet.","breadcrumb":{"@id":"https:\/\/www.cookiecars.fr\/index.php\/peugeot-205-roland-garros-cabriolet\/#breadcrumb"},"inLanguage":"fr-FR","potentialAction":[{"@type":"ReadAction","target":["https:\/\/www.cookiecars.fr\/index.php\/peugeot-205-roland-garros-cabriolet\/"]}]},{"@type":"BreadcrumbList","@id":"https:\/\/www.cookiecars.fr\/index.php\/peugeot-205-roland-garros-cabriolet\/#breadcrumb","itemListElement":[{"@type":"ListItem","position":1,"name":"Accueil","item":"https:\/\/www.cookiecars.fr\/"},{"@type":"ListItem","position":2,"name":"Peugeot 205 Roland Garros Cabriolet"}]},{"@type":"WebSite","@id":"https:\/\/www.cookiecars.fr\/#website","url":"https:\/\/www.cookiecars.fr\/","name":"Cookiecars","description":"Trouvez votre nouveau projet auto!","publisher":{"@id":"https:\/\/www.cookiecars.fr\/#organization"},"alternateName":"Cookie cars","potentialAction":[{"@type":"SearchAction","target":{"@type":"EntryPoint","urlTemplate":"https:\/\/www.cookiecars.fr\/?s={search_term_string}"},"query-input":"required name=search_term_string"}],"inLanguage":"fr-FR"},{"@type":"Organization","@id":"https:\/\/www.cookiecars.fr\/#organization","name":"Cookiecars","alternateName":"Cookie cars","url":"https:\/\/www.cookiecars.fr\/","logo":{"@type":"ImageObject","inLanguage":"fr-FR","@id":"https:\/\/www.cookiecars.fr\/#\/schema\/logo\/image\/","url":"https:\/\/www.cookiecars.fr\/wp-content\/uploads\/2024\/02\/Cookiecars_Logo2024_2-removebg-preview-1.png","contentUrl":"https:\/\/www.cookiecars.fr\/wp-content\/uploads\/2024\/02\/Cookiecars_Logo2024_2-removebg-preview-1.png","width":592,"height":421,"caption":"Cookiecars"},"image":{"@id":"https:\/\/www.cookiecars.fr\/#\/schema\/logo\/image\/"},"sameAs":["https:\/\/www.instagram.com\/juliencookiecars\/"]}]}},"jetpack_sharing_enabled":true,"_links":{"self":[{"href":"https:\/\/www.cookiecars.fr\/index.php\/wp-json\/wp\/v2\/pages\/1183"}],"collection":[{"href":"https:\/\/www.cookiecars.fr\/index.php\/wp-json\/wp\/v2\/pages"}],"about":[{"href":"https:\/\/www.cookiecars.fr\/index.php\/wp-json\/wp\/v2\/types\/page"}],"author":[{"embeddable":true,"href":"https:\/\/www.cookiecars.fr\/index.php\/wp-json\/wp\/v2\/users\/1"}],"replies":[{"embeddable":true,"href":"https:\/\/www.cookiecars.fr\/index.php\/wp-json\/wp\/v2\/comments?post=1183"}],"version-history":[{"count":0,"href":"https:\/\/www.cookiecars.fr\/index.php\/wp-json\/wp\/v2\/pages\/1183\/revisions"}],"wp:attachment":[{"href":"https:\/\/www.cookiecars.fr\/index.php\/wp-json\/wp\/v2\/media?parent=1183"}],"curies":[{"name":"wp","href":"https:\/\/api.w.org\/{rel}","templated":true}]}}